{"id":2367,"date":"2020-11-27T12:47:43","date_gmt":"2020-11-27T11:47:43","guid":{"rendered":"https:\/\/www.linvosges-hotellerie.fr\/boutique\/non%20class\u00e9\/surmatelas-plumettes-et-duvet-canard\/"},"modified":"2026-04-07T16:18:45","modified_gmt":"2026-04-07T14:18:45","slug":"surmatelas-cosy-luxe","status":"publish","type":"product","link":"https:\/\/www.linvosges-hotellerie.com\/fr\/la-literie\/surmatelas\/surmatelas-cosy-luxe\/","title":{"rendered":"Surmatelas plumettes et duvet Cosy luxe"},"content":{"rendered":"<p>Le confort ferme et moelleux d&#8217;un nid douillet. Confection entrecrois\u00e9e et large bord con\u00e7u pour un maintien alv\u00e9olaire parfait. Doublure int\u00e9rieure anti-percement trait\u00e9e anti-acariens. Elastique aux 4 angles<\/p>\n<p>Eco participation incluse dans le prix<\/p>\n<p><i>Ce produit b\u00e9n\u00e9ficie de la garantie du label Downpass. Ce label permet une tra\u00e7abilit\u00e9 compl\u00e8te de la cha\u00eene de production, vous assurant ainsi que nos articles respectent les normes les plus strictes en termes de qualit\u00e9 et de bien-\u00eatre animal. Ainsi, il vous garantit que les plumes et duvets utilis\u00e9s proviennent de canards \u00e9lev\u00e9s dans des conditions respectueuses de leur bien-\u00eatre, avec une interdiction du plumage des oiseaux vivants En choisissant nos couettes et oreillers certifi\u00e9s Downpass, dormez en tout s\u00e9r\u00e9nit\u00e9.<\/i><\/p>\n","protected":false},"excerpt":{"rendered":"<p>Lavage en machine \u00e0 60\u00b0<br \/>\nChlore et agents de blanchiment interdit<br \/>\nS\u00e9chage en tambour \u00e0 60\u00b0<br \/>\nRepassage interdit<br \/>\nProduits autoris\u00e9s pour le nettoyage \u00e0 sec : Hydrocarbures<br \/>\n<span class=\"ginetex\"> 4 o s m E <\/span><\/p>\n","protected":false},"featured_media":3034,"template":"","meta":{"_acf_changed":false},"label":[],"product_brand":[],"product_cat":[39,3346,42],"product_tag":[],"gamme":[360],"matiere":[784,791,790],"class_list":{"0":"post-2367","1":"product","2":"type-product","3":"status-publish","4":"has-post-thumbnail","6":"product_cat-la-literie","7":"product_cat-les-naturels","8":"product_cat-surmatelas","9":"pa_couleur-blanc","10":"pa_dimensions-140-190-cm","11":"pa_dimensions-160-200-cm","12":"pa_dimensions-180x200-cm","13":"pa_dimensions-200-200-cm","14":"pa_dimensions-80-200-cm","15":"pa_dimensions-90-200-cm","16":"pa_grammage-1700grs-m2","17":"pa_matiere-garnissage-canard-neuf-90-plumettes-10-duvet-enveloppe-percale-100-coton","18":"gamme-cosy-luxe","19":"matiere-coton","20":"matiere-duvet","21":"matiere-plumettes","23":"first","24":"instock","25":"taxable","26":"shipping-taxable","27":"purchasable","28":"product-type-variable","29":"has-default-attributes"},"acf":[],"df_price":119.05,"df_sale_price":"","df_regular_price":119.05,"df_image_link":"https:\/\/www.linvosges-hotellerie.com\/wp-content\/uploads\/2020\/12\/surmatelas-cosy-luxe-plumettes-et-duvet-canard-1700-grs-m2-hotel-professionnel-linvosges-hotellerie-300x300.jpg","_links":{"self":[{"href":"https:\/\/www.linvosges-hotellerie.com\/fr\/wp-json\/wp\/v2\/product\/2367","targetHints":{"allow":["GET"]}}],"collection":[{"href":"https:\/\/www.linvosges-hotellerie.com\/fr\/wp-json\/wp\/v2\/product"}],"about":[{"href":"https:\/\/www.linvosges-hotellerie.com\/fr\/wp-json\/wp\/v2\/types\/product"}],"wp:featuredmedia":[{"embeddable":true,"href":"https:\/\/www.linvosges-hotellerie.com\/fr\/wp-json\/wp\/v2\/media\/3034"}],"wp:attachment":[{"href":"https:\/\/www.linvosges-hotellerie.com\/fr\/wp-json\/wp\/v2\/media?parent=2367"}],"wp:term":[{"taxonomy":"label","embeddable":true,"href":"https:\/\/www.linvosges-hotellerie.com\/fr\/wp-json\/wp\/v2\/label?post=2367"},{"taxonomy":"product_brand","embeddable":true,"href":"https:\/\/www.linvosges-hotellerie.com\/fr\/wp-json\/wp\/v2\/product_brand?post=2367"},{"taxonomy":"product_cat","embeddable":true,"href":"https:\/\/www.linvosges-hotellerie.com\/fr\/wp-json\/wp\/v2\/product_cat?post=2367"},{"taxonomy":"product_tag","embeddable":true,"href":"https:\/\/www.linvosges-hotellerie.com\/fr\/wp-json\/wp\/v2\/product_tag?post=2367"},{"taxonomy":"gamme","embeddable":true,"href":"https:\/\/www.linvosges-hotellerie.com\/fr\/wp-json\/wp\/v2\/gamme?post=2367"},{"taxonomy":"matiere","embeddable":true,"href":"https:\/\/www.linvosges-hotellerie.com\/fr\/wp-json\/wp\/v2\/matiere?post=2367"}],"curies":[{"name":"wp","href":"https:\/\/api.w.org\/{rel}","templated":true}]}}