{"id":2386,"date":"2020-11-27T12:47:44","date_gmt":"2020-11-27T11:47:44","guid":{"rendered":"https:\/\/www.linvosges-hotellerie.fr\/boutique\/non%20class\u00e9\/surmatelas-conforto-en-forme-de-housse\/"},"modified":"2026-04-14T16:25:08","modified_gmt":"2026-04-14T14:25:08","slug":"surmatelas-conforto-en-forme-de-housse","status":"publish","type":"product","link":"https:\/\/www.linvosges-hotellerie.com\/fr\/outlet-tout-a-50\/surmatelas-conforto-en-forme-de-housse\/","title":{"rendered":"Surmatelas Conforto forme housse"},"content":{"rendered":"<p>Soutien moelleux et enveloppement parfait du matelas gr\u00e2ce \u00e0\u00a0 sa forme housse &#8211; 450grs\/m2 &#8211; Piquage carreaux &#8211; \u00c9paisseur 3.5cm &#8211; Bonnet 30cm<\/p>\n<p>Attention stocks limit\u00e9s<\/p>\n","protected":false},"excerpt":{"rendered":"<p>Lavage en machine \u00e0 95\u00b0<br \/>\nChlore et agents de blanchiment interdit<br \/>\nS\u00e9chage en tambour \u00e0 80\u00b0<br \/>\nRepassage interdit<br \/>\nProduits autoris\u00e9s pour le nettoyage \u00e0 sec : Perchlor\u00e9thyl\u00e8ne, Hydrocarbures<br \/>\n<span class=\"ginetex\"> 2 o a m E <\/span><\/p>\n","protected":false},"featured_media":3033,"template":"","meta":{"_acf_changed":false},"label":[],"product_brand":[],"product_cat":[873],"product_tag":[],"gamme":[357],"matiere":[784,787],"class_list":{"0":"post-2386","1":"product","2":"type-product","3":"status-publish","4":"has-post-thumbnail","6":"product_cat-outlet-tout-a-50","7":"pa_couleur-blanc","8":"pa_dimensions-140-190-cm","9":"pa_dimensions-160-200-cm","10":"pa_dimensions-180x200-cm","11":"pa_dimensions-90-190-cm","12":"pa_dimensions-90-200-cm","13":"pa_grammage-450grs-m","14":"pa_matiere-garnissage-100-fibres-polyester-creuses-siliconees-enveloppe-100-coton-sanforise","15":"gamme-conforto","16":"matiere-coton","17":"matiere-polyester","19":"first","20":"outofstock","21":"taxable","22":"shipping-taxable","23":"product-type-variable","24":"has-default-attributes"},"acf":[],"df_price":"","df_sale_price":"","df_regular_price":"","df_image_link":"https:\/\/www.linvosges-hotellerie.com\/wp-content\/uploads\/2020\/12\/surmatelas-conforto-450grs-forme-housse-hotel-professionnel-linvosges-hotellerie-300x300.jpg","_links":{"self":[{"href":"https:\/\/www.linvosges-hotellerie.com\/fr\/wp-json\/wp\/v2\/product\/2386","targetHints":{"allow":["GET"]}}],"collection":[{"href":"https:\/\/www.linvosges-hotellerie.com\/fr\/wp-json\/wp\/v2\/product"}],"about":[{"href":"https:\/\/www.linvosges-hotellerie.com\/fr\/wp-json\/wp\/v2\/types\/product"}],"wp:featuredmedia":[{"embeddable":true,"href":"https:\/\/www.linvosges-hotellerie.com\/fr\/wp-json\/wp\/v2\/media\/3033"}],"wp:attachment":[{"href":"https:\/\/www.linvosges-hotellerie.com\/fr\/wp-json\/wp\/v2\/media?parent=2386"}],"wp:term":[{"taxonomy":"label","embeddable":true,"href":"https:\/\/www.linvosges-hotellerie.com\/fr\/wp-json\/wp\/v2\/label?post=2386"},{"taxonomy":"product_brand","embeddable":true,"href":"https:\/\/www.linvosges-hotellerie.com\/fr\/wp-json\/wp\/v2\/product_brand?post=2386"},{"taxonomy":"product_cat","embeddable":true,"href":"https:\/\/www.linvosges-hotellerie.com\/fr\/wp-json\/wp\/v2\/product_cat?post=2386"},{"taxonomy":"product_tag","embeddable":true,"href":"https:\/\/www.linvosges-hotellerie.com\/fr\/wp-json\/wp\/v2\/product_tag?post=2386"},{"taxonomy":"gamme","embeddable":true,"href":"https:\/\/www.linvosges-hotellerie.com\/fr\/wp-json\/wp\/v2\/gamme?post=2386"},{"taxonomy":"matiere","embeddable":true,"href":"https:\/\/www.linvosges-hotellerie.com\/fr\/wp-json\/wp\/v2\/matiere?post=2386"}],"curies":[{"name":"wp","href":"https:\/\/api.w.org\/{rel}","templated":true}]}}