{"id":26483,"date":"2024-01-29T15:37:56","date_gmt":"2024-01-29T14:37:56","guid":{"rendered":"https:\/\/www.linvosges-hotellerie.fr\/?post_type=product&#038;p=26483"},"modified":"2025-07-04T17:09:56","modified_gmt":"2025-07-04T15:09:56","slug":"pied-diabolo","status":"publish","type":"product","link":"https:\/\/www.linvosges-hotellerie.com\/fr\/la-literie\/pied\/pied-diabolo\/","title":{"rendered":"Pied Diabolo"},"content":{"rendered":"<p>Pied de lit en bois Diabolo<\/p>\n<p><strong>POINTS FORTS :<\/strong><\/p>\n<ul>\n<li><strong>Confort :<\/strong> bonne stabilit\u00e9 de couchage<\/li>\n<li><strong>Hygi\u00e8ne : <\/strong>favorise l&#8217;a\u00e9ration de la literie gr\u00e2ce \u00e0 la sur\u00e9l\u00e9vation qu&#8217;offre la hauteur des pieds<\/li>\n<li><strong>Design :<\/strong> forme diabolo en bois<\/li>\n<li><strong>Compatibilit\u00e9\u00a0 :<\/strong> Tige filet\u00e9e de 8mm de diam\u00e8tre (standard) permettant aux pieds de s&#8217;adapter \u00e0 la majorit\u00e9 des sommiers<\/li>\n<\/ul>\n<p>&nbsp;<\/p>\n<ul>\n<li><strong>Hauteur : <\/strong><\/li>\n<\/ul>\n<p>&#8211; 15cm de haut \/ 5.5cm de large<br \/>\n&#8211; 20cm de haut \/ 6cm de large<\/p>\n<ul>\n<li><strong>Coloris : <\/strong>bois naturel<\/li>\n<\/ul>\n","protected":false},"excerpt":{"rendered":"<p>Pieds vendus \u00e0 l&#8217;unit\u00e9 ou par lot de 4<\/p>\n","protected":false},"featured_media":63208,"template":"","meta":{"_acf_changed":false},"label":[],"product_brand":[],"product_cat":[39,976],"product_tag":[],"gamme":[1022],"matiere":[],"class_list":{"0":"post-26483","1":"product","2":"type-product","3":"status-publish","4":"has-post-thumbnail","6":"product_cat-la-literie","7":"product_cat-pied","8":"pa_couleur-bois-naturel","9":"gamme-diabolo","11":"first","12":"instock","13":"taxable","14":"shipping-taxable","15":"purchasable","16":"product-type-variable"},"acf":[],"df_price":"","df_sale_price":"","df_regular_price":"","df_image_link":"https:\/\/www.linvosges-hotellerie.com\/wp-content\/uploads\/2024\/01\/PIEDS-DIABOLO-300x300.jpg","_links":{"self":[{"href":"https:\/\/www.linvosges-hotellerie.com\/fr\/wp-json\/wp\/v2\/product\/26483","targetHints":{"allow":["GET"]}}],"collection":[{"href":"https:\/\/www.linvosges-hotellerie.com\/fr\/wp-json\/wp\/v2\/product"}],"about":[{"href":"https:\/\/www.linvosges-hotellerie.com\/fr\/wp-json\/wp\/v2\/types\/product"}],"wp:featuredmedia":[{"embeddable":true,"href":"https:\/\/www.linvosges-hotellerie.com\/fr\/wp-json\/wp\/v2\/media\/63208"}],"wp:attachment":[{"href":"https:\/\/www.linvosges-hotellerie.com\/fr\/wp-json\/wp\/v2\/media?parent=26483"}],"wp:term":[{"taxonomy":"label","embeddable":true,"href":"https:\/\/www.linvosges-hotellerie.com\/fr\/wp-json\/wp\/v2\/label?post=26483"},{"taxonomy":"product_brand","embeddable":true,"href":"https:\/\/www.linvosges-hotellerie.com\/fr\/wp-json\/wp\/v2\/product_brand?post=26483"},{"taxonomy":"product_cat","embeddable":true,"href":"https:\/\/www.linvosges-hotellerie.com\/fr\/wp-json\/wp\/v2\/product_cat?post=26483"},{"taxonomy":"product_tag","embeddable":true,"href":"https:\/\/www.linvosges-hotellerie.com\/fr\/wp-json\/wp\/v2\/product_tag?post=26483"},{"taxonomy":"gamme","embeddable":true,"href":"https:\/\/www.linvosges-hotellerie.com\/fr\/wp-json\/wp\/v2\/gamme?post=26483"},{"taxonomy":"matiere","embeddable":true,"href":"https:\/\/www.linvosges-hotellerie.com\/fr\/wp-json\/wp\/v2\/matiere?post=26483"}],"curies":[{"name":"wp","href":"https:\/\/api.w.org\/{rel}","templated":true}]}}