{"id":27454,"date":"2024-04-22T11:38:31","date_gmt":"2024-04-22T09:38:31","guid":{"rendered":"https:\/\/www.linvosges-hotellerie.com\/?post_type=product&#038;p=27454"},"modified":"2026-04-23T18:27:51","modified_gmt":"2026-04-23T16:27:51","slug":"drap-de-bain-eponge-detente-2eme-choix","status":"publish","type":"product","link":"https:\/\/www.linvosges-hotellerie.com\/fr\/outlet-tout-a-50\/drap-de-bain-eponge-detente-2eme-choix\/","title":{"rendered":"Drap de bain \u00e9ponge D\u00e9tente 2\u00e8me choix"},"content":{"rendered":"<p>Drap de bain en \u00e9ponge 500grs\/m\u00b2 boucles fils simples. Liteau motif \u00ab oeil de perdrix \u00bb. Finition double piq\u00fbre tout autour afin de se conformer aux exigences professionnelles<\/p>\n<p><strong>Attention possibilit\u00e9 de petits fils de couleur pris dans la boucle de l&#8217;\u00e9ponge, voir photos<\/strong><\/p>\n","protected":false},"excerpt":{"rendered":"<p>Lavage en machine \u00e0 95\u00b0<br \/>\nChlore et agents de blanchiment interdits<br \/>\nS\u00e9chage en tambour \u00e0 60\u00b0<br \/>\nRepassage \u00e0 une temperature de 150\u00b0 maximum<br \/>\nNettoyage \u00e0 sec interdit<\/p>\n<p><span class=\"ginetex\"> 2 o s b U <\/span><\/p>\n","protected":false},"featured_media":11325,"template":"","meta":{"_acf_changed":false},"label":[],"product_brand":[],"product_cat":[873],"product_tag":[],"gamme":[1491],"matiere":[784],"class_list":{"0":"post-27454","1":"product","2":"type-product","3":"status-publish","4":"has-post-thumbnail","6":"product_cat-outlet-tout-a-50","7":"pa_couleur-blanc","8":"pa_dimensions-100x150-cm","9":"pa_grammage-500-grs-m","10":"pa_matiere-100-coton","11":"gamme-detente-2eme-choix","12":"matiere-coton","14":"first","15":"instock","16":"sale","17":"taxable","18":"shipping-taxable","19":"purchasable","20":"product-type-variable","21":"has-default-attributes"},"acf":[],"df_price":4.88,"df_sale_price":"","df_regular_price":4.88,"df_image_link":"https:\/\/www.linvosges-hotellerie.com\/wp-content\/uploads\/2021\/01\/linge-de-bain-detente-eponge-500-grs-m2-hotel-professionnel-linvosges-hotellerie-300x300.jpg","_links":{"self":[{"href":"https:\/\/www.linvosges-hotellerie.com\/fr\/wp-json\/wp\/v2\/product\/27454","targetHints":{"allow":["GET"]}}],"collection":[{"href":"https:\/\/www.linvosges-hotellerie.com\/fr\/wp-json\/wp\/v2\/product"}],"about":[{"href":"https:\/\/www.linvosges-hotellerie.com\/fr\/wp-json\/wp\/v2\/types\/product"}],"wp:featuredmedia":[{"embeddable":true,"href":"https:\/\/www.linvosges-hotellerie.com\/fr\/wp-json\/wp\/v2\/media\/11325"}],"wp:attachment":[{"href":"https:\/\/www.linvosges-hotellerie.com\/fr\/wp-json\/wp\/v2\/media?parent=27454"}],"wp:term":[{"taxonomy":"label","embeddable":true,"href":"https:\/\/www.linvosges-hotellerie.com\/fr\/wp-json\/wp\/v2\/label?post=27454"},{"taxonomy":"product_brand","embeddable":true,"href":"https:\/\/www.linvosges-hotellerie.com\/fr\/wp-json\/wp\/v2\/product_brand?post=27454"},{"taxonomy":"product_cat","embeddable":true,"href":"https:\/\/www.linvosges-hotellerie.com\/fr\/wp-json\/wp\/v2\/product_cat?post=27454"},{"taxonomy":"product_tag","embeddable":true,"href":"https:\/\/www.linvosges-hotellerie.com\/fr\/wp-json\/wp\/v2\/product_tag?post=27454"},{"taxonomy":"gamme","embeddable":true,"href":"https:\/\/www.linvosges-hotellerie.com\/fr\/wp-json\/wp\/v2\/gamme?post=27454"},{"taxonomy":"matiere","embeddable":true,"href":"https:\/\/www.linvosges-hotellerie.com\/fr\/wp-json\/wp\/v2\/matiere?post=27454"}],"curies":[{"name":"wp","href":"https:\/\/api.w.org\/{rel}","templated":true}]}}