{"id":3620,"date":"2020-12-16T00:47:23","date_gmt":"2020-12-15T23:47:23","guid":{"rendered":"https:\/\/www.linvosges-hotellerie.fr\/non%20class\u00e9\/peignoir-kimono-spa-nid-dabeille\/"},"modified":"2025-06-11T10:12:55","modified_gmt":"2025-06-11T08:12:55","slug":"peignoir-kimono-spa-nid-dabeille","status":"publish","type":"product","link":"https:\/\/www.linvosges-hotellerie.com\/fr\/eponges\/peignoir\/peignoir-kimono-spa-nid-dabeille\/","title":{"rendered":"Peignoir kimono Spa Nid D&#8217;abeille"},"content":{"rendered":"<p>Un peignoir l\u00e9ger et absorbant en pur coton nid d&#8217;abeille 200grs\/m\u00b2. Col kimono, il est dot\u00e9 de 2 poches basses, d&#8217;un attache cou et se noue \u00e0 la taille par une ceinture \u00e0 passants.<br \/>\nAccessoire indispensable pour offrir un suppl\u00e9ment de confort \u00e0 vos clients dans vos salles de bain ou espace Spa. Son poids l\u00e9ger permet un s\u00e9chage rapide et un gain de place dans votre lingerie.<\/p>\n<p>Tailles : M, L, XL<\/p>\n","protected":false},"excerpt":{"rendered":"<p>Lavage en machine \u00e0 60\u00b0<br \/>\nBlanchiment possible \u00e0 l&#8217;aide d&#8217;agents oxyg\u00e9n\u00e9s\/non chlor\u00e9s<br \/>\nS\u00e9chage en tambour \u00e0 60\u00b0<br \/>\nRepassage \u00e0 une temp\u00e9rature de 150\u00b0 maximum<br \/>\nNettoyage \u00e0 sec interdit<\/p>\n<div class=\"ginetex\">4 i s b U<\/div>\n","protected":false},"featured_media":3781,"template":"","meta":{"_acf_changed":false},"label":[],"product_brand":[],"product_cat":[46,413],"product_tag":[],"gamme":[411],"matiere":[784],"class_list":{"0":"post-3620","1":"product","2":"type-product","3":"status-publish","4":"has-post-thumbnail","6":"product_cat-eponges","7":"product_cat-peignoir","8":"pa_couleur-blanc","9":"pa_dimensions-l","10":"pa_dimensions-m","11":"pa_dimensions-xl","12":"pa_dimensions-xxl","13":"pa_grammage-200grs-m","14":"pa_matiere-100-coton-preretreci","15":"gamme-spa-nid-dabeille","16":"matiere-coton","18":"first","19":"outofstock","20":"taxable","21":"shipping-taxable","22":"product-type-variable","23":"has-default-attributes"},"acf":[],"df_price":"","df_sale_price":"","df_regular_price":"","df_image_link":"https:\/\/www.linvosges-hotellerie.com\/wp-content\/uploads\/2020\/12\/peignoir-kimono-spa-nid-d-abeille-200-grs-m2-hotel-professionnel-linvosges-hotellerie-300x300.jpg","_links":{"self":[{"href":"https:\/\/www.linvosges-hotellerie.com\/fr\/wp-json\/wp\/v2\/product\/3620","targetHints":{"allow":["GET"]}}],"collection":[{"href":"https:\/\/www.linvosges-hotellerie.com\/fr\/wp-json\/wp\/v2\/product"}],"about":[{"href":"https:\/\/www.linvosges-hotellerie.com\/fr\/wp-json\/wp\/v2\/types\/product"}],"wp:featuredmedia":[{"embeddable":true,"href":"https:\/\/www.linvosges-hotellerie.com\/fr\/wp-json\/wp\/v2\/media\/3781"}],"wp:attachment":[{"href":"https:\/\/www.linvosges-hotellerie.com\/fr\/wp-json\/wp\/v2\/media?parent=3620"}],"wp:term":[{"taxonomy":"label","embeddable":true,"href":"https:\/\/www.linvosges-hotellerie.com\/fr\/wp-json\/wp\/v2\/label?post=3620"},{"taxonomy":"product_brand","embeddable":true,"href":"https:\/\/www.linvosges-hotellerie.com\/fr\/wp-json\/wp\/v2\/product_brand?post=3620"},{"taxonomy":"product_cat","embeddable":true,"href":"https:\/\/www.linvosges-hotellerie.com\/fr\/wp-json\/wp\/v2\/product_cat?post=3620"},{"taxonomy":"product_tag","embeddable":true,"href":"https:\/\/www.linvosges-hotellerie.com\/fr\/wp-json\/wp\/v2\/product_tag?post=3620"},{"taxonomy":"gamme","embeddable":true,"href":"https:\/\/www.linvosges-hotellerie.com\/fr\/wp-json\/wp\/v2\/gamme?post=3620"},{"taxonomy":"matiere","embeddable":true,"href":"https:\/\/www.linvosges-hotellerie.com\/fr\/wp-json\/wp\/v2\/matiere?post=3620"}],"curies":[{"name":"wp","href":"https:\/\/api.w.org\/{rel}","templated":true}]}}