{"id":3624,"date":"2020-12-16T00:47:24","date_gmt":"2020-12-15T23:47:24","guid":{"rendered":"https:\/\/www.linvosges-hotellerie.fr\/non%20class\u00e9\/peignoir-eponge-kimono-detente\/"},"modified":"2025-11-07T12:00:15","modified_gmt":"2025-11-07T11:00:15","slug":"peignoir-eponge-kimono-detente","status":"publish","type":"product","link":"https:\/\/www.linvosges-hotellerie.com\/fr\/eponges\/peignoir\/peignoir-eponge-kimono-detente\/","title":{"rendered":"Peignoir \u00e9ponge kimono D\u00e9tente"},"content":{"rendered":"<p>Un peignoir confortable et doux en \u00e9ponge 100% coton. Col kimono, il est dot\u00e9 de 2 poches basses, d&#8217;un attache cou et se noue \u00e0 la taille par une ceinture \u00e0\u00a0 passants.<br \/>\nAccessoire indispensable pour offrir un suppl\u00e9ment de confort \u00e0 vos clients dans vos salles de bain ou espace Spa<\/p>\n<p>Tailles : M, L, XL, XXL<\/p>\n","protected":false},"excerpt":{"rendered":"<p>Lavage en machine \u00e0 60\u00b0<br \/>\nChlore et agents de blanchiment interdit<br \/>\nS\u00e9chage en tambour \u00e0 60\u00b0<br \/>\nRepassage \u00e0 une temp\u00e9rature de 150\u00b0 maximum<br \/>\nNettoyage \u00e0 sec interdit<\/p>\n<p><span class=\"ginetex\"> 4 o s b U <\/span><\/p>\n","protected":false},"featured_media":3780,"template":"","meta":{"_acf_changed":false},"label":[],"product_brand":[],"product_cat":[60,46,413],"product_tag":[],"gamme":[433],"matiere":[784],"class_list":{"0":"post-3624","1":"product","2":"type-product","3":"status-publish","4":"has-post-thumbnail","6":"product_cat-400-grs-m2","7":"product_cat-eponges","8":"product_cat-peignoir","9":"pa_couleur-blanc","10":"pa_dimensions-l","11":"pa_dimensions-m","12":"pa_dimensions-xl","13":"pa_dimensions-xxl","14":"pa_grammage-400grs-m","15":"pa_matiere-100-coton","16":"gamme-detente","17":"matiere-coton","19":"first","20":"instock","21":"taxable","22":"shipping-taxable","23":"purchasable","24":"product-type-variable","25":"has-default-attributes"},"acf":[],"df_price":48,"df_sale_price":"","df_regular_price":48,"df_image_link":"https:\/\/www.linvosges-hotellerie.com\/wp-content\/uploads\/2020\/12\/peignoir-kimono-detente-eponge-400-grs-m2-hotel-professionnel-linvosges-hotellerie-300x300.jpg","_links":{"self":[{"href":"https:\/\/www.linvosges-hotellerie.com\/fr\/wp-json\/wp\/v2\/product\/3624","targetHints":{"allow":["GET"]}}],"collection":[{"href":"https:\/\/www.linvosges-hotellerie.com\/fr\/wp-json\/wp\/v2\/product"}],"about":[{"href":"https:\/\/www.linvosges-hotellerie.com\/fr\/wp-json\/wp\/v2\/types\/product"}],"wp:featuredmedia":[{"embeddable":true,"href":"https:\/\/www.linvosges-hotellerie.com\/fr\/wp-json\/wp\/v2\/media\/3780"}],"wp:attachment":[{"href":"https:\/\/www.linvosges-hotellerie.com\/fr\/wp-json\/wp\/v2\/media?parent=3624"}],"wp:term":[{"taxonomy":"label","embeddable":true,"href":"https:\/\/www.linvosges-hotellerie.com\/fr\/wp-json\/wp\/v2\/label?post=3624"},{"taxonomy":"product_brand","embeddable":true,"href":"https:\/\/www.linvosges-hotellerie.com\/fr\/wp-json\/wp\/v2\/product_brand?post=3624"},{"taxonomy":"product_cat","embeddable":true,"href":"https:\/\/www.linvosges-hotellerie.com\/fr\/wp-json\/wp\/v2\/product_cat?post=3624"},{"taxonomy":"product_tag","embeddable":true,"href":"https:\/\/www.linvosges-hotellerie.com\/fr\/wp-json\/wp\/v2\/product_tag?post=3624"},{"taxonomy":"gamme","embeddable":true,"href":"https:\/\/www.linvosges-hotellerie.com\/fr\/wp-json\/wp\/v2\/gamme?post=3624"},{"taxonomy":"matiere","embeddable":true,"href":"https:\/\/www.linvosges-hotellerie.com\/fr\/wp-json\/wp\/v2\/matiere?post=3624"}],"curies":[{"name":"wp","href":"https:\/\/api.w.org\/{rel}","templated":true}]}}