{"id":3634,"date":"2020-12-16T00:47:26","date_gmt":"2020-12-15T23:47:26","guid":{"rendered":"https:\/\/www.linvosges-hotellerie.fr\/non%20class\u00e9\/peignoir-eponge-velours-palace\/"},"modified":"2025-06-05T15:30:36","modified_gmt":"2025-06-05T13:30:36","slug":"peignoir-eponge-velours-palace","status":"publish","type":"product","link":"https:\/\/www.linvosges-hotellerie.com\/fr\/eponges\/peignoir\/peignoir-eponge-velours-palace\/","title":{"rendered":"Peignoir \u00e9ponge velours Palace"},"content":{"rendered":"<p>Un peignoir \u00e9ponge velours 420grs\/m\u00b2 aux finitions haut de gamme. Col ch\u00e2le enveloppant, il est muni de 2 poches basses, d&#8217;un attache cou et se noue \u00e0 la taille par une ceinture \u00e0 passants. Les manches raglan et le c\u00f4t\u00e9 velours exterieur offrent un confort suppl\u00e9mentaire au porter.<br \/>\nAccessoire indispensable pour offrir un suppl\u00e9ment de confort \u00e0 vos clients dans vos salles de bain ou espace Spa<\/p>\n<p><em>Produit vendu sans broderie. Cliquer sur &#8220;Ajouter une broderie&#8221; pour obtenir un devis<\/em><\/p>\n","protected":false},"excerpt":{"rendered":"<p>Lavage en machine \u00e0 60\u00b0<br \/>\nBlanchiment possible<br \/>\nS\u00e9chage en tambour \u00e0 60\u00b0<br \/>\nRepassage \u00e0 une temp\u00e9rature de 200\u00b0 maximum<br \/>\nNettoyage \u00e0 sec interdit<\/p>\n<p><span class=\"ginetex\"> 4 u s v U <\/span><\/p>\n","protected":false},"featured_media":3775,"template":"","meta":{"_acf_changed":false},"label":[],"product_brand":[],"product_cat":[46,413,714],"product_tag":[3286],"gamme":[416],"matiere":[784],"class_list":{"0":"post-3634","1":"product","2":"type-product","3":"status-publish","4":"has-post-thumbnail","6":"product_cat-eponges","7":"product_cat-peignoir","8":"product_cat-vous-aimerez","9":"product_tag-sans-oekotex","10":"pa_couleur-blanc","11":"pa_dimensions-l","12":"pa_dimensions-m","13":"pa_dimensions-xl","14":"pa_dimensions-xxl","15":"pa_grammage-420grs-m","16":"pa_matiere-100-coton","17":"gamme-palace","18":"matiere-coton","20":"first","21":"outofstock","22":"taxable","23":"shipping-taxable","24":"product-type-variable","25":"has-default-attributes"},"acf":[],"df_price":"","df_sale_price":"","df_regular_price":"","df_image_link":"https:\/\/www.linvosges-hotellerie.com\/wp-content\/uploads\/2020\/12\/peignoir-col-chale-palace-eponge-velours-420-grs-m2-hotel-professionnel-linvosges-hotellerie-300x300.jpg","_links":{"self":[{"href":"https:\/\/www.linvosges-hotellerie.com\/fr\/wp-json\/wp\/v2\/product\/3634","targetHints":{"allow":["GET"]}}],"collection":[{"href":"https:\/\/www.linvosges-hotellerie.com\/fr\/wp-json\/wp\/v2\/product"}],"about":[{"href":"https:\/\/www.linvosges-hotellerie.com\/fr\/wp-json\/wp\/v2\/types\/product"}],"wp:featuredmedia":[{"embeddable":true,"href":"https:\/\/www.linvosges-hotellerie.com\/fr\/wp-json\/wp\/v2\/media\/3775"}],"wp:attachment":[{"href":"https:\/\/www.linvosges-hotellerie.com\/fr\/wp-json\/wp\/v2\/media?parent=3634"}],"wp:term":[{"taxonomy":"label","embeddable":true,"href":"https:\/\/www.linvosges-hotellerie.com\/fr\/wp-json\/wp\/v2\/label?post=3634"},{"taxonomy":"product_brand","embeddable":true,"href":"https:\/\/www.linvosges-hotellerie.com\/fr\/wp-json\/wp\/v2\/product_brand?post=3634"},{"taxonomy":"product_cat","embeddable":true,"href":"https:\/\/www.linvosges-hotellerie.com\/fr\/wp-json\/wp\/v2\/product_cat?post=3634"},{"taxonomy":"product_tag","embeddable":true,"href":"https:\/\/www.linvosges-hotellerie.com\/fr\/wp-json\/wp\/v2\/product_tag?post=3634"},{"taxonomy":"gamme","embeddable":true,"href":"https:\/\/www.linvosges-hotellerie.com\/fr\/wp-json\/wp\/v2\/gamme?post=3634"},{"taxonomy":"matiere","embeddable":true,"href":"https:\/\/www.linvosges-hotellerie.com\/fr\/wp-json\/wp\/v2\/matiere?post=3634"}],"curies":[{"name":"wp","href":"https:\/\/api.w.org\/{rel}","templated":true}]}}