{"id":3639,"date":"2020-12-16T00:47:27","date_gmt":"2020-12-15T23:47:27","guid":{"rendered":"https:\/\/www.linvosges-hotellerie.fr\/non%20class\u00e9\/peignoir-eponge-microfibre-douceur\/"},"modified":"2025-05-28T12:32:29","modified_gmt":"2025-05-28T10:32:29","slug":"peignoir-eponge-microfibre-douceur","status":"publish","type":"product","link":"https:\/\/www.linvosges-hotellerie.com\/fr\/outlet-tout-a-50\/peignoir-eponge-microfibre-douceur\/","title":{"rendered":"Peignoir \u00e9ponge microfibre Douceur"},"content":{"rendered":"<p>Un peignoir \u00e9ponge microfibre 290grs\/m\u00b2. Col ch\u00e2le enveloppant, il est muni de 2 poches basses, d&#8217;un attache cou et se noue \u00e0 la taille par une ceinture \u00e0 passants. Int\u00e9rieur \u00e9ponge, ext\u00e9rieur microfibre<br \/>\nAccessoire indispensable pour offrir un suppl\u00e9ment de confort \u00e0 vos clients dans vos salles de bain ou espace Spa<\/p>\n<p>Tailles : M<\/p>\n<p>Attention stocks limit\u00e9s<\/p>\n<p><em>Produit vendu sans broderie. Cliquer sur &#8220;Ajouter une broderie&#8221; pour obtenir un devis<\/em><\/p>\n","protected":false},"excerpt":{"rendered":"<p>Lavage en machine \u00e0 50\u00b0<br \/>\nChlore et agents de blanchiment interdit<br \/>\nS\u00e9chage en tambour \u00e0 60\u00b0<br \/>\nRepassage interdit<br \/>\nNettoyage \u00e0 sec interdit<\/p>\n<p><span class=\"ginetex\"> 6 o s m U <\/span><\/p>\n","protected":false},"featured_media":3776,"template":"","meta":{"_acf_changed":false},"label":[],"product_brand":[],"product_cat":[873],"product_tag":[],"gamme":[417],"matiere":[784,787],"class_list":{"0":"post-3639","1":"product","2":"type-product","3":"status-publish","4":"has-post-thumbnail","6":"product_cat-outlet-tout-a-50","7":"pa_couleur-blanc","8":"pa_dimensions-l","9":"pa_dimensions-m","10":"pa_dimensions-xl","11":"pa_grammage-290grs-m","12":"pa_matiere-eponge-100-coton-microfibre-100-polyester","13":"gamme-douceur","14":"matiere-coton","15":"matiere-polyester","17":"first","18":"outofstock","19":"taxable","20":"shipping-taxable","21":"product-type-variable","22":"has-default-attributes"},"acf":[],"df_price":"","df_sale_price":"","df_regular_price":"","df_image_link":"https:\/\/www.linvosges-hotellerie.com\/wp-content\/uploads\/2020\/12\/peignoir-eponge-microfibre-douceur-290-grs-m2-hotel-professionnel-linvosges-hotellerie-300x300.jpg","_links":{"self":[{"href":"https:\/\/www.linvosges-hotellerie.com\/fr\/wp-json\/wp\/v2\/product\/3639","targetHints":{"allow":["GET"]}}],"collection":[{"href":"https:\/\/www.linvosges-hotellerie.com\/fr\/wp-json\/wp\/v2\/product"}],"about":[{"href":"https:\/\/www.linvosges-hotellerie.com\/fr\/wp-json\/wp\/v2\/types\/product"}],"wp:featuredmedia":[{"embeddable":true,"href":"https:\/\/www.linvosges-hotellerie.com\/fr\/wp-json\/wp\/v2\/media\/3776"}],"wp:attachment":[{"href":"https:\/\/www.linvosges-hotellerie.com\/fr\/wp-json\/wp\/v2\/media?parent=3639"}],"wp:term":[{"taxonomy":"label","embeddable":true,"href":"https:\/\/www.linvosges-hotellerie.com\/fr\/wp-json\/wp\/v2\/label?post=3639"},{"taxonomy":"product_brand","embeddable":true,"href":"https:\/\/www.linvosges-hotellerie.com\/fr\/wp-json\/wp\/v2\/product_brand?post=3639"},{"taxonomy":"product_cat","embeddable":true,"href":"https:\/\/www.linvosges-hotellerie.com\/fr\/wp-json\/wp\/v2\/product_cat?post=3639"},{"taxonomy":"product_tag","embeddable":true,"href":"https:\/\/www.linvosges-hotellerie.com\/fr\/wp-json\/wp\/v2\/product_tag?post=3639"},{"taxonomy":"gamme","embeddable":true,"href":"https:\/\/www.linvosges-hotellerie.com\/fr\/wp-json\/wp\/v2\/gamme?post=3639"},{"taxonomy":"matiere","embeddable":true,"href":"https:\/\/www.linvosges-hotellerie.com\/fr\/wp-json\/wp\/v2\/matiere?post=3639"}],"curies":[{"name":"wp","href":"https:\/\/api.w.org\/{rel}","templated":true}]}}