{"id":3643,"date":"2020-12-16T00:47:27","date_gmt":"2020-12-15T23:47:27","guid":{"rendered":"https:\/\/www.linvosges-hotellerie.fr\/non%20class\u00e9\/mules-jetables-eponge\/"},"modified":"2025-04-25T11:26:49","modified_gmt":"2025-04-25T09:26:49","slug":"mules-jetables-eponge","status":"publish","type":"product","link":"https:\/\/www.linvosges-hotellerie.com\/fr\/eponges\/spa-piscine\/mules\/mules-jetables-eponge\/","title":{"rendered":"Mules jetables \u00e9ponge"},"content":{"rendered":"<p>Tr\u00e8s douces et r\u00e9alis\u00e9es dans une \u00e9ponge absorbante, les mules jetables sont munies d&#8217;une semelle antid\u00e9rapante avec int\u00e9rieur mousse pour plus de confort<\/p>\n","protected":false},"excerpt":{"rendered":"<p>Lavage en machine interdit<br \/>\nChlore et agents de blanchiment interdit<br \/>\nS\u00e8che linge interdit<br \/>\nRepassage interdit<br \/>\nNettoyage \u00e0 sec interdit<\/p>\n<p><span class=\"ginetex\"> z o d m U <\/span><\/p>\n","protected":false},"featured_media":3773,"template":"","meta":{"_acf_changed":false},"label":[],"product_brand":[],"product_cat":[46,855,57],"product_tag":[3286],"gamme":[418],"matiere":[787],"class_list":{"0":"post-3643","1":"product","2":"type-product","3":"status-publish","4":"has-post-thumbnail","6":"product_cat-eponges","7":"product_cat-mules","8":"product_cat-spa-piscine","9":"product_tag-sans-oekotex","10":"pa_couleur-blanc","11":"pa_dimensions-39-cm","12":"pa_dimensions-43-cm","13":"pa_dimensions-46-cm","14":"pa_grammage-360grs-m","15":"pa_matiere-100-polyester","16":"gamme-les-mules-jetables","17":"matiere-polyester","19":"first","20":"instock","21":"taxable","22":"shipping-taxable","23":"purchasable","24":"product-type-variable","25":"has-default-attributes"},"acf":[],"df_price":3.89,"df_sale_price":"","df_regular_price":3.89,"df_image_link":"https:\/\/www.linvosges-hotellerie.com\/wp-content\/uploads\/2020\/12\/mules-jetables-eponge-hotel-professionnel-linvosges-hotellerie-300x300.jpg","_links":{"self":[{"href":"https:\/\/www.linvosges-hotellerie.com\/fr\/wp-json\/wp\/v2\/product\/3643","targetHints":{"allow":["GET"]}}],"collection":[{"href":"https:\/\/www.linvosges-hotellerie.com\/fr\/wp-json\/wp\/v2\/product"}],"about":[{"href":"https:\/\/www.linvosges-hotellerie.com\/fr\/wp-json\/wp\/v2\/types\/product"}],"wp:featuredmedia":[{"embeddable":true,"href":"https:\/\/www.linvosges-hotellerie.com\/fr\/wp-json\/wp\/v2\/media\/3773"}],"wp:attachment":[{"href":"https:\/\/www.linvosges-hotellerie.com\/fr\/wp-json\/wp\/v2\/media?parent=3643"}],"wp:term":[{"taxonomy":"label","embeddable":true,"href":"https:\/\/www.linvosges-hotellerie.com\/fr\/wp-json\/wp\/v2\/label?post=3643"},{"taxonomy":"product_brand","embeddable":true,"href":"https:\/\/www.linvosges-hotellerie.com\/fr\/wp-json\/wp\/v2\/product_brand?post=3643"},{"taxonomy":"product_cat","embeddable":true,"href":"https:\/\/www.linvosges-hotellerie.com\/fr\/wp-json\/wp\/v2\/product_cat?post=3643"},{"taxonomy":"product_tag","embeddable":true,"href":"https:\/\/www.linvosges-hotellerie.com\/fr\/wp-json\/wp\/v2\/product_tag?post=3643"},{"taxonomy":"gamme","embeddable":true,"href":"https:\/\/www.linvosges-hotellerie.com\/fr\/wp-json\/wp\/v2\/gamme?post=3643"},{"taxonomy":"matiere","embeddable":true,"href":"https:\/\/www.linvosges-hotellerie.com\/fr\/wp-json\/wp\/v2\/matiere?post=3643"}],"curies":[{"name":"wp","href":"https:\/\/api.w.org\/{rel}","templated":true}]}}