{"id":3664,"date":"2020-12-16T00:47:32","date_gmt":"2020-12-15T23:47:32","guid":{"rendered":"https:\/\/www.linvosges-hotellerie.fr\/non%20class\u00e9\/mules-eponge-blanche\/"},"modified":"2025-04-23T18:18:55","modified_gmt":"2025-04-23T16:18:55","slug":"mules-eponge-blanche","status":"publish","type":"product","link":"https:\/\/www.linvosges-hotellerie.com\/fr\/eponges\/spa-piscine\/mules\/mules-eponge-blanche\/","title":{"rendered":"Mules \u00e9ponge blanche"},"content":{"rendered":"<p>Id\u00e9ales pour vos espaces piscine et spa, les mules sont confectionn\u00e9es en boucles intirables avec une semelle imperm\u00e9able.<\/p>\n","protected":false},"excerpt":{"rendered":"<p>Lavage en machine \u00e0 40\u00b0<br \/>\nBlanchiment possible<br \/>\nS\u00e8che linge interdit<br \/>\nRepassage interdit<br \/>\nNettoyage \u00e0 sec interdit<\/p>\n<p><span class=\"ginetex\"> 8 u d m U <\/span><\/p>\n","protected":false},"featured_media":3772,"template":"","meta":{"_acf_changed":false},"label":[],"product_brand":[],"product_cat":[46,855,57],"product_tag":[],"gamme":[424],"matiere":[784,787],"class_list":{"0":"post-3664","1":"product","2":"type-product","3":"status-publish","4":"has-post-thumbnail","6":"product_cat-eponges","7":"product_cat-mules","8":"product_cat-spa-piscine","9":"pa_couleur-blanc","10":"pa_dimensions-taille-unique","11":"pa_grammage-360grs-m","12":"pa_matiere-90-coton-10-polyester","13":"gamme-les-mules","14":"matiere-coton","15":"matiere-polyester","17":"first","18":"outofstock","19":"taxable","20":"shipping-taxable","21":"product-type-variable","22":"has-default-attributes"},"acf":[],"df_price":"","df_sale_price":"","df_regular_price":"","df_image_link":"https:\/\/www.linvosges-hotellerie.com\/wp-content\/uploads\/2020\/12\/mules-eponge-blanche-360-grs-m2-hotel-professionnel-linvosges-hotellerie-300x300.jpg","_links":{"self":[{"href":"https:\/\/www.linvosges-hotellerie.com\/fr\/wp-json\/wp\/v2\/product\/3664","targetHints":{"allow":["GET"]}}],"collection":[{"href":"https:\/\/www.linvosges-hotellerie.com\/fr\/wp-json\/wp\/v2\/product"}],"about":[{"href":"https:\/\/www.linvosges-hotellerie.com\/fr\/wp-json\/wp\/v2\/types\/product"}],"wp:featuredmedia":[{"embeddable":true,"href":"https:\/\/www.linvosges-hotellerie.com\/fr\/wp-json\/wp\/v2\/media\/3772"}],"wp:attachment":[{"href":"https:\/\/www.linvosges-hotellerie.com\/fr\/wp-json\/wp\/v2\/media?parent=3664"}],"wp:term":[{"taxonomy":"label","embeddable":true,"href":"https:\/\/www.linvosges-hotellerie.com\/fr\/wp-json\/wp\/v2\/label?post=3664"},{"taxonomy":"product_brand","embeddable":true,"href":"https:\/\/www.linvosges-hotellerie.com\/fr\/wp-json\/wp\/v2\/product_brand?post=3664"},{"taxonomy":"product_cat","embeddable":true,"href":"https:\/\/www.linvosges-hotellerie.com\/fr\/wp-json\/wp\/v2\/product_cat?post=3664"},{"taxonomy":"product_tag","embeddable":true,"href":"https:\/\/www.linvosges-hotellerie.com\/fr\/wp-json\/wp\/v2\/product_tag?post=3664"},{"taxonomy":"gamme","embeddable":true,"href":"https:\/\/www.linvosges-hotellerie.com\/fr\/wp-json\/wp\/v2\/gamme?post=3664"},{"taxonomy":"matiere","embeddable":true,"href":"https:\/\/www.linvosges-hotellerie.com\/fr\/wp-json\/wp\/v2\/matiere?post=3664"}],"curies":[{"name":"wp","href":"https:\/\/api.w.org\/{rel}","templated":true}]}}