{"id":3668,"date":"2020-12-16T00:47:33","date_gmt":"2020-12-15T23:47:33","guid":{"rendered":"https:\/\/www.linvosges-hotellerie.fr\/non%20class\u00e9\/serviette-eponge-tendance\/"},"modified":"2026-03-24T16:54:15","modified_gmt":"2026-03-24T15:54:15","slug":"serviette-eponge-tendance","status":"publish","type":"product","link":"https:\/\/www.linvosges-hotellerie.com\/fr\/outlet-tout-a-50\/serviette-eponge-tendance\/","title":{"rendered":"Serviette \u00e9ponge Tendance"},"content":{"rendered":"<p>Serviette de bain en coton uni orn\u00e9e de 2 liteaux tiss\u00e9s de monogrammes en haut et en bas. Eponge 500grs\/m\u00b2 boucles fil retors pour une excellente absorption. D\u00e9clin\u00e9e en 3 coloris, blanc, taupe et anthracite lavables \u00e0 95\u00b0 et finition renforc\u00e9e en double piq\u00fbre tout autour afin de r\u00e9pondre aux exigences professionnelles.<\/p>\n<p>Linvosges s\u2019engage pour la fabrication de ses produits sans substances dans les seuils pouvant nuire \u00e0 votre sant\u00e9. Pour cette d\u00e9marche un institut ind\u00e9pendant a d\u00e9cern\u00e9 \u00e0 la marque le label Oeko-Tex\u00ae, suite \u00e0 de nombreux tests r\u00e9pondant \u00e0 un cahier des charges tr\u00e8s strict.<\/p>\n<p>Certifi\u00e9 Oeko-Tex\u00ae Standard 100 &#8211; Confidence in Textiles &#8211; XXXXXX\/XX IFTH.<\/p>\n<p>Attention stocks limit\u00e9s<\/p>\n","protected":false},"excerpt":{"rendered":"<p>Lavage en machine \u00e0 95\u00b0<br \/>\nChlore et agents de blanchiment interdits<br \/>\nS\u00e9chage en tambour \u00e0 60\u00b0<br \/>\nRepassage \u00e0 une temperature de 200\u00b0 maximum<br \/>\nNettoyage \u00e0 sec interdit<\/p>\n<p><span class=\"ginetex\"> 2 o s v U <\/span><\/p>\n","protected":false},"featured_media":14192,"template":"","meta":{"_acf_changed":false},"label":[],"product_brand":[],"product_cat":[873],"product_tag":[],"gamme":[425],"matiere":[784],"class_list":{"0":"post-3668","1":"product","2":"type-product","3":"status-publish","4":"has-post-thumbnail","6":"product_cat-outlet-tout-a-50","7":"pa_couleur-anthracite","8":"pa_couleur-blanc","9":"pa_couleur-taupe","10":"pa_dimensions-50x90-cm","11":"pa_grammage-500grs-m","12":"pa_matiere-100-coton","13":"gamme-tendance","14":"matiere-coton","16":"first","17":"outofstock","18":"taxable","19":"shipping-taxable","20":"product-type-variable","21":"has-default-attributes"},"acf":[],"df_price":"","df_sale_price":"","df_regular_price":"","df_image_link":"https:\/\/www.linvosges-hotellerie.com\/wp-content\/uploads\/2020\/12\/linge-de-bain-tendance-linvosges-hotellerie-2-300x300.jpg","_links":{"self":[{"href":"https:\/\/www.linvosges-hotellerie.com\/fr\/wp-json\/wp\/v2\/product\/3668","targetHints":{"allow":["GET"]}}],"collection":[{"href":"https:\/\/www.linvosges-hotellerie.com\/fr\/wp-json\/wp\/v2\/product"}],"about":[{"href":"https:\/\/www.linvosges-hotellerie.com\/fr\/wp-json\/wp\/v2\/types\/product"}],"wp:featuredmedia":[{"embeddable":true,"href":"https:\/\/www.linvosges-hotellerie.com\/fr\/wp-json\/wp\/v2\/media\/14192"}],"wp:attachment":[{"href":"https:\/\/www.linvosges-hotellerie.com\/fr\/wp-json\/wp\/v2\/media?parent=3668"}],"wp:term":[{"taxonomy":"label","embeddable":true,"href":"https:\/\/www.linvosges-hotellerie.com\/fr\/wp-json\/wp\/v2\/label?post=3668"},{"taxonomy":"product_brand","embeddable":true,"href":"https:\/\/www.linvosges-hotellerie.com\/fr\/wp-json\/wp\/v2\/product_brand?post=3668"},{"taxonomy":"product_cat","embeddable":true,"href":"https:\/\/www.linvosges-hotellerie.com\/fr\/wp-json\/wp\/v2\/product_cat?post=3668"},{"taxonomy":"product_tag","embeddable":true,"href":"https:\/\/www.linvosges-hotellerie.com\/fr\/wp-json\/wp\/v2\/product_tag?post=3668"},{"taxonomy":"gamme","embeddable":true,"href":"https:\/\/www.linvosges-hotellerie.com\/fr\/wp-json\/wp\/v2\/gamme?post=3668"},{"taxonomy":"matiere","embeddable":true,"href":"https:\/\/www.linvosges-hotellerie.com\/fr\/wp-json\/wp\/v2\/matiere?post=3668"}],"curies":[{"name":"wp","href":"https:\/\/api.w.org\/{rel}","templated":true}]}}