{"id":3734,"date":"2020-12-16T00:47:50","date_gmt":"2020-12-15T23:47:50","guid":{"rendered":"https:\/\/www.linvosges-hotellerie.fr\/non%20class\u00e9\/serviette-de-toilette-eponge-supreme\/"},"modified":"2025-11-07T14:13:14","modified_gmt":"2025-11-07T13:13:14","slug":"serviette-de-toilette-eponge-supreme","status":"publish","type":"product","link":"https:\/\/www.linvosges-hotellerie.com\/fr\/serviette-de-bain\/serviette-de-toilette-eponge-supreme\/","title":{"rendered":"Serviette de toilette \u00e9ponge Supr\u00eame"},"content":{"rendered":"<p>Serviette de toilette en \u00e9ponge 700grs\/m\u00b2 boucles fils simples en coton d&#8217;\u00c9gypte termin\u00e9 par un \u00e9l\u00e9gant liteau lignes horizontales. Finition double piq\u00fbre tout autour afin de se conformer aux exigences professionnelles<\/p>\n","protected":false},"excerpt":{"rendered":"<p>Lavage en machine \u00e0 60\u00b0<br \/>\nChlore et agents de blanchiment interdit<br \/>\nS\u00e9chage en tambour \u00e0 60\u00b0<br \/>\nRepassage \u00e0 une temp\u00e9rature de 150\u00b0 maximum<br \/>\nProduits autoris\u00e9s pour le nettoyage \u00e0 sec : Hydrocarbures<\/p>\n<p><span class=\"ginetex\"> 4 o s b W <\/span><\/p>\n","protected":false},"featured_media":11333,"template":"","meta":{"_acf_changed":false},"label":[],"product_brand":[],"product_cat":[857],"product_tag":[],"gamme":[442],"matiere":[784],"class_list":{"0":"post-3734","1":"product","2":"type-product","3":"status-publish","4":"has-post-thumbnail","6":"product_cat-serviette-de-bain","7":"pa_couleur-blanc","8":"pa_dimensions-50x100-cm","9":"pa_grammage-700-grs-m","10":"pa_matiere-100-coton","11":"gamme-supreme","12":"matiere-coton","14":"first","15":"instock","16":"taxable","17":"shipping-taxable","18":"purchasable","19":"product-type-variable","20":"has-default-attributes"},"acf":[],"df_price":7.13,"df_sale_price":"","df_regular_price":7.13,"df_image_link":"https:\/\/www.linvosges-hotellerie.com\/wp-content\/uploads\/2021\/01\/linge-de-bain-supreme-eponge-700grs-m2-hotel-professionnel-linvosges-hotellerie-300x300.jpg","_links":{"self":[{"href":"https:\/\/www.linvosges-hotellerie.com\/fr\/wp-json\/wp\/v2\/product\/3734","targetHints":{"allow":["GET"]}}],"collection":[{"href":"https:\/\/www.linvosges-hotellerie.com\/fr\/wp-json\/wp\/v2\/product"}],"about":[{"href":"https:\/\/www.linvosges-hotellerie.com\/fr\/wp-json\/wp\/v2\/types\/product"}],"wp:featuredmedia":[{"embeddable":true,"href":"https:\/\/www.linvosges-hotellerie.com\/fr\/wp-json\/wp\/v2\/media\/11333"}],"wp:attachment":[{"href":"https:\/\/www.linvosges-hotellerie.com\/fr\/wp-json\/wp\/v2\/media?parent=3734"}],"wp:term":[{"taxonomy":"label","embeddable":true,"href":"https:\/\/www.linvosges-hotellerie.com\/fr\/wp-json\/wp\/v2\/label?post=3734"},{"taxonomy":"product_brand","embeddable":true,"href":"https:\/\/www.linvosges-hotellerie.com\/fr\/wp-json\/wp\/v2\/product_brand?post=3734"},{"taxonomy":"product_cat","embeddable":true,"href":"https:\/\/www.linvosges-hotellerie.com\/fr\/wp-json\/wp\/v2\/product_cat?post=3734"},{"taxonomy":"product_tag","embeddable":true,"href":"https:\/\/www.linvosges-hotellerie.com\/fr\/wp-json\/wp\/v2\/product_tag?post=3734"},{"taxonomy":"gamme","embeddable":true,"href":"https:\/\/www.linvosges-hotellerie.com\/fr\/wp-json\/wp\/v2\/gamme?post=3734"},{"taxonomy":"matiere","embeddable":true,"href":"https:\/\/www.linvosges-hotellerie.com\/fr\/wp-json\/wp\/v2\/matiere?post=3734"}],"curies":[{"name":"wp","href":"https:\/\/api.w.org\/{rel}","templated":true}]}}