{"id":3740,"date":"2020-12-16T00:47:52","date_gmt":"2020-12-15T23:47:52","guid":{"rendered":"https:\/\/www.linvosges-hotellerie.fr\/non%20class\u00e9\/tapis-de-bain-eponge-supreme\/"},"modified":"2025-11-07T14:10:36","modified_gmt":"2025-11-07T13:10:36","slug":"tapis-de-bain-eponge-supreme","status":"publish","type":"product","link":"https:\/\/www.linvosges-hotellerie.com\/fr\/eponges\/tapis\/tapis-de-bain-eponge-supreme\/","title":{"rendered":"Tapis de bain \u00e9ponge Supr\u00eame"},"content":{"rendered":"<p>Tapis de bain en \u00e9ponge 1100grs\/m\u00b2 boucles fils retors en coton d&#8217;\u00c9gypte motif dunes. Finition double piq\u00fbre tout autour afin de se conformer aux exigences professionnelles.<\/p>\n","protected":false},"excerpt":{"rendered":"<p>Lavage en machine \u00e0 60\u00b0<br \/>\nChlore et agents de blanchiment interdit<br \/>\nS\u00e9chage en tambour \u00e0 60\u00b0<br \/>\nRepassage \u00e0 une temp\u00e9rature de 150\u00b0 maximum<br \/>\nProduits autoris\u00e9s pour le nettoyage \u00e0 sec : Hydrocarbures<\/p>\n<p><span class=\"ginetex\"> 4 o s b W <\/span><\/p>\n","protected":false},"featured_media":3789,"template":"","meta":{"_acf_changed":false},"label":[],"product_brand":[],"product_cat":[46,51],"product_tag":[],"gamme":[442],"matiere":[784],"class_list":{"0":"post-3740","1":"product","2":"type-product","3":"status-publish","4":"has-post-thumbnail","6":"product_cat-eponges","7":"product_cat-tapis","8":"pa_couleur-blanc","9":"pa_dimensions-50-80-cm","10":"pa_grammage-1100-grs-m","11":"pa_matiere-100-coton","12":"gamme-supreme","13":"matiere-coton","15":"first","16":"instock","17":"taxable","18":"shipping-taxable","19":"purchasable","20":"product-type-variable","21":"has-default-attributes"},"acf":[],"df_price":9.51,"df_sale_price":"","df_regular_price":9.51,"df_image_link":"https:\/\/www.linvosges-hotellerie.com\/wp-content\/uploads\/2020\/12\/tapis-de-bain-eponge-1100-grs-m2-supreme-hotel-professionnel-linvosges-hotellerie-300x300.jpg","_links":{"self":[{"href":"https:\/\/www.linvosges-hotellerie.com\/fr\/wp-json\/wp\/v2\/product\/3740","targetHints":{"allow":["GET"]}}],"collection":[{"href":"https:\/\/www.linvosges-hotellerie.com\/fr\/wp-json\/wp\/v2\/product"}],"about":[{"href":"https:\/\/www.linvosges-hotellerie.com\/fr\/wp-json\/wp\/v2\/types\/product"}],"wp:featuredmedia":[{"embeddable":true,"href":"https:\/\/www.linvosges-hotellerie.com\/fr\/wp-json\/wp\/v2\/media\/3789"}],"wp:attachment":[{"href":"https:\/\/www.linvosges-hotellerie.com\/fr\/wp-json\/wp\/v2\/media?parent=3740"}],"wp:term":[{"taxonomy":"label","embeddable":true,"href":"https:\/\/www.linvosges-hotellerie.com\/fr\/wp-json\/wp\/v2\/label?post=3740"},{"taxonomy":"product_brand","embeddable":true,"href":"https:\/\/www.linvosges-hotellerie.com\/fr\/wp-json\/wp\/v2\/product_brand?post=3740"},{"taxonomy":"product_cat","embeddable":true,"href":"https:\/\/www.linvosges-hotellerie.com\/fr\/wp-json\/wp\/v2\/product_cat?post=3740"},{"taxonomy":"product_tag","embeddable":true,"href":"https:\/\/www.linvosges-hotellerie.com\/fr\/wp-json\/wp\/v2\/product_tag?post=3740"},{"taxonomy":"gamme","embeddable":true,"href":"https:\/\/www.linvosges-hotellerie.com\/fr\/wp-json\/wp\/v2\/gamme?post=3740"},{"taxonomy":"matiere","embeddable":true,"href":"https:\/\/www.linvosges-hotellerie.com\/fr\/wp-json\/wp\/v2\/matiere?post=3740"}],"curies":[{"name":"wp","href":"https:\/\/api.w.org\/{rel}","templated":true}]}}