{"id":3744,"date":"2020-12-16T00:47:53","date_gmt":"2020-12-15T23:47:53","guid":{"rendered":"https:\/\/www.linvosges-hotellerie.fr\/non%20class\u00e9\/serviette-de-toilette-eponge-epure-bio\/"},"modified":"2026-04-08T09:15:24","modified_gmt":"2026-04-08T07:15:24","slug":"serviette-de-toilette-eponge-epure-bio","status":"publish","type":"product","link":"https:\/\/www.linvosges-hotellerie.com\/fr\/serviette-de-bain\/serviette-de-toilette-eponge-epure-bio\/","title":{"rendered":"Serviette de toilette \u00e9ponge \u00c9pure Bio"},"content":{"rendered":"<p>Serviette de toilette en \u00e9ponge 600grs\/m\u00b2 boucles fils simples en coton issu de l&#8217;agriculture biologique certifi\u00e9 GOTS. Sans liteau. Finition double piq\u00fbre tout autour afin de se conformer aux exigences professionnelles<\/p>\n","protected":false},"excerpt":{"rendered":"<p>Lavage en machine \u00e0 95\u00b0<br \/>\nChlore et agents de blanchiment interdit<br \/>\nS\u00e9chage en tambour \u00e0 60\u00b0<br \/>\nRepassage \u00e0 une temp\u00e9rature de 150\u00b0 maximum<br \/>\nNettoyage \u00e0 sec interdit<\/p>\n<p><span class=\"ginetex\"> 2 o s b U <\/span><\/p>\n","protected":false},"featured_media":14189,"template":"","meta":{"_acf_changed":false},"label":[],"product_brand":[],"product_cat":[857],"product_tag":[],"gamme":[444],"matiere":[784],"class_list":{"0":"post-3744","1":"product","2":"type-product","3":"status-publish","4":"has-post-thumbnail","6":"product_cat-serviette-de-bain","7":"pa_couleur-blanc","8":"pa_dimensions-50x100-cm","9":"pa_grammage-600-grs-m","10":"pa_matiere-100-coton","11":"gamme-epure-bio","12":"matiere-coton","14":"first","15":"outofstock","16":"taxable","17":"shipping-taxable","18":"product-type-variable","19":"has-default-attributes"},"acf":[],"df_price":"","df_sale_price":"","df_regular_price":"","df_image_link":"https:\/\/www.linvosges-hotellerie.com\/wp-content\/uploads\/2020\/12\/linge-de-bain-epure-bio-linvosges-hotellerie-1-300x300.jpg","_links":{"self":[{"href":"https:\/\/www.linvosges-hotellerie.com\/fr\/wp-json\/wp\/v2\/product\/3744","targetHints":{"allow":["GET"]}}],"collection":[{"href":"https:\/\/www.linvosges-hotellerie.com\/fr\/wp-json\/wp\/v2\/product"}],"about":[{"href":"https:\/\/www.linvosges-hotellerie.com\/fr\/wp-json\/wp\/v2\/types\/product"}],"wp:featuredmedia":[{"embeddable":true,"href":"https:\/\/www.linvosges-hotellerie.com\/fr\/wp-json\/wp\/v2\/media\/14189"}],"wp:attachment":[{"href":"https:\/\/www.linvosges-hotellerie.com\/fr\/wp-json\/wp\/v2\/media?parent=3744"}],"wp:term":[{"taxonomy":"label","embeddable":true,"href":"https:\/\/www.linvosges-hotellerie.com\/fr\/wp-json\/wp\/v2\/label?post=3744"},{"taxonomy":"product_brand","embeddable":true,"href":"https:\/\/www.linvosges-hotellerie.com\/fr\/wp-json\/wp\/v2\/product_brand?post=3744"},{"taxonomy":"product_cat","embeddable":true,"href":"https:\/\/www.linvosges-hotellerie.com\/fr\/wp-json\/wp\/v2\/product_cat?post=3744"},{"taxonomy":"product_tag","embeddable":true,"href":"https:\/\/www.linvosges-hotellerie.com\/fr\/wp-json\/wp\/v2\/product_tag?post=3744"},{"taxonomy":"gamme","embeddable":true,"href":"https:\/\/www.linvosges-hotellerie.com\/fr\/wp-json\/wp\/v2\/gamme?post=3744"},{"taxonomy":"matiere","embeddable":true,"href":"https:\/\/www.linvosges-hotellerie.com\/fr\/wp-json\/wp\/v2\/matiere?post=3744"}],"curies":[{"name":"wp","href":"https:\/\/api.w.org\/{rel}","templated":true}]}}