{"id":3980,"date":"2020-12-16T02:32:55","date_gmt":"2020-12-16T01:32:55","guid":{"rendered":"https:\/\/www.linvosges-hotellerie.fr\/non%20class\u00e9\/coussin-deco-dehoussable-brumania\/"},"modified":"2026-04-28T00:12:46","modified_gmt":"2026-04-27T22:12:46","slug":"coussin-deco-dehoussable-brumania","status":"publish","type":"product","link":"https:\/\/www.linvosges-hotellerie.com\/fr\/decoration\/coussin\/coussin-deco-dehoussable-brumania\/","title":{"rendered":"Coussin d\u00e9co d\u00e9houssable Brumania"},"content":{"rendered":"<p>Ce coussin d\u00e9coratif dont l&#8217;aspect velout\u00e9 \u00e9voque douceur, chaleur et souplesse est propos\u00e9 dans une palette de 10 coloris dans l&#8217;air du temps.<br \/>\nConfectionn\u00e9 en velours ras double face, le recto est orn\u00e9 d&#8217;un piquage aux motifs g\u00e9om\u00e9triques tandis que le verso est uni lisse.<br \/>\nSa finition d\u00e9houssable par zip sur le bas le rend parfaitement r\u00e9versible et facilite son entretien<\/p>\n","protected":false},"excerpt":{"rendered":"<p>Lavage en machine \u00e0 30\u00b0<br \/>\nChlore et agents de blanchiment interdit<br \/>\nS\u00e8che linge interdit<br \/>\nRepassage \u00e0 une temp\u00e9rature de 110\u00b0 maximum, sans vapeur<br \/>\nProduits autoris\u00e9s pour le nettoyage \u00e0 sec : Perchlor\u00e9thyl\u00e8ne, Hydrocarbures<\/p>\n<p><span class=\"ginetex\"> w o d n E <\/span><\/p>\n","protected":false},"featured_media":3849,"template":"","meta":{"_acf_changed":false},"label":[],"product_brand":[],"product_cat":[452,25],"product_tag":[],"gamme":[451],"matiere":[787],"class_list":{"0":"post-3980","1":"product","2":"type-product","3":"status-publish","4":"has-post-thumbnail","6":"product_cat-coussin","7":"product_cat-decoration","8":"pa_couleur-anthracite","9":"pa_couleur-bleu-vert","10":"pa_couleur-cannelle","11":"pa_couleur-cappucino","12":"pa_couleur-gris-clair","13":"pa_couleur-indigo","14":"pa_couleur-jaune","15":"pa_couleur-marron-glace","16":"pa_couleur-mousse","17":"pa_couleur-rouge","18":"pa_dimensions-40-40-cm","19":"pa_grammage-420grs","20":"pa_matiere-100-polyester-2","21":"gamme-brumania","22":"matiere-polyester","24":"first","25":"instock","26":"taxable","27":"shipping-taxable","28":"purchasable","29":"product-type-variable","30":"has-default-attributes"},"acf":[],"df_price":25.63,"df_sale_price":"","df_regular_price":25.63,"df_image_link":"https:\/\/www.linvosges-hotellerie.com\/wp-content\/uploads\/2020\/12\/coussin-deco-dehoussable-brumania-hotel-professionnel-linvosges-hotellerie-300x300.jpg","_links":{"self":[{"href":"https:\/\/www.linvosges-hotellerie.com\/fr\/wp-json\/wp\/v2\/product\/3980","targetHints":{"allow":["GET"]}}],"collection":[{"href":"https:\/\/www.linvosges-hotellerie.com\/fr\/wp-json\/wp\/v2\/product"}],"about":[{"href":"https:\/\/www.linvosges-hotellerie.com\/fr\/wp-json\/wp\/v2\/types\/product"}],"wp:featuredmedia":[{"embeddable":true,"href":"https:\/\/www.linvosges-hotellerie.com\/fr\/wp-json\/wp\/v2\/media\/3849"}],"wp:attachment":[{"href":"https:\/\/www.linvosges-hotellerie.com\/fr\/wp-json\/wp\/v2\/media?parent=3980"}],"wp:term":[{"taxonomy":"label","embeddable":true,"href":"https:\/\/www.linvosges-hotellerie.com\/fr\/wp-json\/wp\/v2\/label?post=3980"},{"taxonomy":"product_brand","embeddable":true,"href":"https:\/\/www.linvosges-hotellerie.com\/fr\/wp-json\/wp\/v2\/product_brand?post=3980"},{"taxonomy":"product_cat","embeddable":true,"href":"https:\/\/www.linvosges-hotellerie.com\/fr\/wp-json\/wp\/v2\/product_cat?post=3980"},{"taxonomy":"product_tag","embeddable":true,"href":"https:\/\/www.linvosges-hotellerie.com\/fr\/wp-json\/wp\/v2\/product_tag?post=3980"},{"taxonomy":"gamme","embeddable":true,"href":"https:\/\/www.linvosges-hotellerie.com\/fr\/wp-json\/wp\/v2\/gamme?post=3980"},{"taxonomy":"matiere","embeddable":true,"href":"https:\/\/www.linvosges-hotellerie.com\/fr\/wp-json\/wp\/v2\/matiere?post=3980"}],"curies":[{"name":"wp","href":"https:\/\/api.w.org\/{rel}","templated":true}]}}