{"id":4002,"date":"2020-12-16T02:32:58","date_gmt":"2020-12-16T01:32:58","guid":{"rendered":"https:\/\/www.linvosges-hotellerie.fr\/non%20class\u00e9\/chemin-de-lit-deco-brumania\/"},"modified":"2025-10-27T11:11:28","modified_gmt":"2025-10-27T10:11:28","slug":"chemin-de-lit-deco-brumania","status":"publish","type":"product","link":"https:\/\/www.linvosges-hotellerie.com\/fr\/decoration\/chemin-de-lit\/chemin-de-lit-deco-brumania\/","title":{"rendered":"Chemin de lit d\u00e9co Brumania"},"content":{"rendered":"<p>Un chemin de lit en velours double face pour apporter de la fantaisie \u00e0 vos lits &#8211; Le recto est orn\u00e9 d&#8217;un piquage motifs g\u00e9om\u00e9triques et le verso est lisse &#8211; Propos\u00e9 en 10 coloris pour s&#8217;adapter \u00e0 toutes les d\u00e9corations<\/p>\n","protected":false},"excerpt":{"rendered":"<p>Lavage en machine \u00e0 30\u00b0<br \/>\nChlore et agents de blanchiment interdit<br \/>\nS\u00e8che linge interdit<br \/>\nRepassage \u00e0 une temp\u00e9rature de 110\u00b0 maximum, sans vapeur<br \/>\nProduits autoris\u00e9s pour le nettoyage \u00e0 sec : Perchlor\u00e9thyl\u00e8ne, Hydrocarbures<\/p>\n<p><span class=\"ginetex\"> w o d n E <\/span><\/p>\n","protected":false},"featured_media":12650,"template":"","meta":{"_acf_changed":false},"label":[],"product_brand":[],"product_cat":[462,25],"product_tag":[],"gamme":[451],"matiere":[787],"class_list":{"0":"post-4002","1":"product","2":"type-product","3":"status-publish","4":"has-post-thumbnail","6":"product_cat-chemin-de-lit","7":"product_cat-decoration","8":"pa_couleur-anthracite","9":"pa_couleur-bleu-vert","10":"pa_couleur-cannelle","11":"pa_couleur-cappucino","12":"pa_couleur-gris-clair","13":"pa_couleur-indigo","14":"pa_couleur-jaune","15":"pa_couleur-marron-glace","16":"pa_couleur-mousse","17":"pa_couleur-rouge","18":"pa_dimensions-60-160-cm","19":"pa_dimensions-60-240-cm","20":"pa_dimensions-60-260-cm","21":"pa_grammage-420grs-m","22":"pa_matiere-100-polyester","23":"gamme-brumania","24":"matiere-polyester","26":"first","27":"instock","28":"taxable","29":"shipping-taxable","30":"purchasable","31":"product-type-variable","32":"has-default-attributes"},"acf":[],"df_price":70.14,"df_sale_price":"","df_regular_price":70.14,"df_image_link":"https:\/\/www.linvosges-hotellerie.com\/wp-content\/uploads\/2020\/12\/chemin-de-lit-deco-velours-polyester-brumania-hotel-professionnel-linvosges-hotellerie-600x600-1-300x300.jpg","_links":{"self":[{"href":"https:\/\/www.linvosges-hotellerie.com\/fr\/wp-json\/wp\/v2\/product\/4002","targetHints":{"allow":["GET"]}}],"collection":[{"href":"https:\/\/www.linvosges-hotellerie.com\/fr\/wp-json\/wp\/v2\/product"}],"about":[{"href":"https:\/\/www.linvosges-hotellerie.com\/fr\/wp-json\/wp\/v2\/types\/product"}],"wp:featuredmedia":[{"embeddable":true,"href":"https:\/\/www.linvosges-hotellerie.com\/fr\/wp-json\/wp\/v2\/media\/12650"}],"wp:attachment":[{"href":"https:\/\/www.linvosges-hotellerie.com\/fr\/wp-json\/wp\/v2\/media?parent=4002"}],"wp:term":[{"taxonomy":"label","embeddable":true,"href":"https:\/\/www.linvosges-hotellerie.com\/fr\/wp-json\/wp\/v2\/label?post=4002"},{"taxonomy":"product_brand","embeddable":true,"href":"https:\/\/www.linvosges-hotellerie.com\/fr\/wp-json\/wp\/v2\/product_brand?post=4002"},{"taxonomy":"product_cat","embeddable":true,"href":"https:\/\/www.linvosges-hotellerie.com\/fr\/wp-json\/wp\/v2\/product_cat?post=4002"},{"taxonomy":"product_tag","embeddable":true,"href":"https:\/\/www.linvosges-hotellerie.com\/fr\/wp-json\/wp\/v2\/product_tag?post=4002"},{"taxonomy":"gamme","embeddable":true,"href":"https:\/\/www.linvosges-hotellerie.com\/fr\/wp-json\/wp\/v2\/gamme?post=4002"},{"taxonomy":"matiere","embeddable":true,"href":"https:\/\/www.linvosges-hotellerie.com\/fr\/wp-json\/wp\/v2\/matiere?post=4002"}],"curies":[{"name":"wp","href":"https:\/\/api.w.org\/{rel}","templated":true}]}}