{"id":4082,"date":"2020-12-16T02:33:05","date_gmt":"2020-12-16T01:33:05","guid":{"rendered":"https:\/\/www.linvosges-hotellerie.fr\/non%20class\u00e9\/couvre-lit-antilope-liso\/"},"modified":"2026-04-15T09:20:44","modified_gmt":"2026-04-15T07:20:44","slug":"couvre-lit-antilope-liso","status":"publish","type":"product","link":"https:\/\/www.linvosges-hotellerie.com\/fr\/outlet-tout-a-50\/couvre-lit-antilope-liso\/","title":{"rendered":"Couvre lit Antilope Liso"},"content":{"rendered":"<p>D\u00e9clin\u00e9 dans une large palette de coloris pour s&#8217;int\u00e9grer dans toutes les ambiances, ce couvre lit habillera parfaitement vos lits. R\u00e9alis\u00e9 en su\u00e9dine double face toucher peau de p\u00eache. Garnissage 100grs\/m2, finition ganse large + piquage petits carreaux + coins carr\u00e9s<\/p>\n","protected":false},"excerpt":{"rendered":"<p>Lavage en machine \u00e0 40\u00b0 d\u00e9licat<br \/>\nChlore et agents de blanchiment interdit<br \/>\nS\u00e9chage en tambour \u00e0 60\u00b0<br \/>\nRepassage \u00e0 une temp\u00e9rature de 110\u00b0 maximum, sans vapeur<br \/>\nProduits autoris\u00e9s pour le nettoyage \u00e0 sec : Perchlor\u00e9thyl\u00e8ne, Hydrocarbures<\/p>\n<p><span class=\"ginetex\"> 9 o s n R <\/span><\/p>\n","protected":false},"featured_media":14177,"template":"","meta":{"_acf_changed":false},"label":[],"product_brand":[],"product_cat":[873],"product_tag":[],"gamme":[473],"matiere":[787],"class_list":{"0":"post-4082","1":"product","2":"type-product","3":"status-publish","4":"has-post-thumbnail","6":"product_cat-outlet-tout-a-50","7":"pa_couleur-anthracite","8":"pa_couleur-bleu","9":"pa_couleur-brun","10":"pa_couleur-chocolat","11":"pa_couleur-daim","12":"pa_couleur-ecru","13":"pa_couleur-framboise","14":"pa_couleur-gris-clair","15":"pa_couleur-gris-fonce","16":"pa_couleur-ivoire","17":"pa_couleur-rouge","18":"pa_couleur-taupe","19":"pa_couleur-terre","20":"pa_couleur-vert","21":"pa_dimensions-180-260-cm","22":"pa_dimensions-230-260-cm","23":"pa_dimensions-245-260-cm","24":"pa_grammage-275grs-m","25":"pa_matiere-100-polyester","26":"gamme-antilope-liso","27":"matiere-polyester","29":"first","30":"outofstock","31":"taxable","32":"shipping-taxable","33":"product-type-variable","34":"has-default-attributes"},"acf":[],"df_price":"","df_sale_price":"","df_regular_price":"","df_image_link":"https:\/\/www.linvosges-hotellerie.com\/wp-content\/uploads\/2020\/12\/Couvre-lit-antilope-liso-linvosges-hotellerie-web-300x300.jpg","_links":{"self":[{"href":"https:\/\/www.linvosges-hotellerie.com\/fr\/wp-json\/wp\/v2\/product\/4082","targetHints":{"allow":["GET"]}}],"collection":[{"href":"https:\/\/www.linvosges-hotellerie.com\/fr\/wp-json\/wp\/v2\/product"}],"about":[{"href":"https:\/\/www.linvosges-hotellerie.com\/fr\/wp-json\/wp\/v2\/types\/product"}],"wp:featuredmedia":[{"embeddable":true,"href":"https:\/\/www.linvosges-hotellerie.com\/fr\/wp-json\/wp\/v2\/media\/14177"}],"wp:attachment":[{"href":"https:\/\/www.linvosges-hotellerie.com\/fr\/wp-json\/wp\/v2\/media?parent=4082"}],"wp:term":[{"taxonomy":"label","embeddable":true,"href":"https:\/\/www.linvosges-hotellerie.com\/fr\/wp-json\/wp\/v2\/label?post=4082"},{"taxonomy":"product_brand","embeddable":true,"href":"https:\/\/www.linvosges-hotellerie.com\/fr\/wp-json\/wp\/v2\/product_brand?post=4082"},{"taxonomy":"product_cat","embeddable":true,"href":"https:\/\/www.linvosges-hotellerie.com\/fr\/wp-json\/wp\/v2\/product_cat?post=4082"},{"taxonomy":"product_tag","embeddable":true,"href":"https:\/\/www.linvosges-hotellerie.com\/fr\/wp-json\/wp\/v2\/product_tag?post=4082"},{"taxonomy":"gamme","embeddable":true,"href":"https:\/\/www.linvosges-hotellerie.com\/fr\/wp-json\/wp\/v2\/gamme?post=4082"},{"taxonomy":"matiere","embeddable":true,"href":"https:\/\/www.linvosges-hotellerie.com\/fr\/wp-json\/wp\/v2\/matiere?post=4082"}],"curies":[{"name":"wp","href":"https:\/\/api.w.org\/{rel}","templated":true}]}}