{"id":4110,"date":"2020-12-16T02:33:07","date_gmt":"2020-12-16T01:33:07","guid":{"rendered":"https:\/\/www.linvosges-hotellerie.fr\/non%20class\u00e9\/chemin-de-lit-velours-french-velvet\/"},"modified":"2025-04-23T18:27:36","modified_gmt":"2025-04-23T16:27:36","slug":"chemin-de-lit-velours-french-velvet","status":"publish","type":"product","link":"https:\/\/www.linvosges-hotellerie.com\/fr\/decoration\/chemin-de-lit\/chemin-de-lit-velours-french-velvet\/","title":{"rendered":"Chemin de lit velours French Velvet"},"content":{"rendered":"<p>Douze coloris intemporels pour ce chemin de lit en velours double face. Garnissage ouate 150 grs, finition large ganse coins onglets tout autour<\/p>\n","protected":false},"excerpt":{"rendered":"<p>Lavage en machine \u00e0 30\u00b0<br \/>\nChlore et agents de blanchiment interdit<br \/>\nS\u00e8che linge interdit<br \/>\nRepassage interdit<br \/>\nProduits autoris\u00e9s pour le nettoyage \u00e0 sec : Perchlor\u00e9thyl\u00e8ne, Hydrocarbures<\/p>\n<p><span class=\"ginetex\"> w o d m E <\/span><\/p>\n","protected":false},"featured_media":3835,"template":"","meta":{"_acf_changed":false},"label":[],"product_brand":[],"product_cat":[462,713,25],"product_tag":[],"gamme":[484],"matiere":[787],"class_list":{"0":"post-4110","1":"product","2":"type-product","3":"status-publish","4":"has-post-thumbnail","6":"product_cat-chemin-de-lit","7":"product_cat-conseil-expert","8":"product_cat-decoration","9":"pa_couleur-beige","10":"pa_couleur-bleu-canard","11":"pa_couleur-brun","12":"pa_couleur-gris-souris","13":"pa_couleur-jaune","14":"pa_couleur-rouge","15":"pa_dimensions-60-150-cm","16":"pa_dimensions-60-220-cm","17":"pa_grammage-290grs-m","18":"pa_matiere-100-polyester","19":"gamme-french-velvet","20":"matiere-polyester","22":"first","23":"instock","24":"taxable","25":"shipping-taxable","26":"purchasable","27":"product-type-variable","28":"has-default-attributes"},"acf":[],"df_price":32.15,"df_sale_price":"","df_regular_price":32.15,"df_image_link":"https:\/\/www.linvosges-hotellerie.com\/wp-content\/uploads\/2020\/12\/chemin-de-lit-velours-french-velvet-hotel-professionnel-linvosges-hotellerie-300x300.jpg","_links":{"self":[{"href":"https:\/\/www.linvosges-hotellerie.com\/fr\/wp-json\/wp\/v2\/product\/4110","targetHints":{"allow":["GET"]}}],"collection":[{"href":"https:\/\/www.linvosges-hotellerie.com\/fr\/wp-json\/wp\/v2\/product"}],"about":[{"href":"https:\/\/www.linvosges-hotellerie.com\/fr\/wp-json\/wp\/v2\/types\/product"}],"wp:featuredmedia":[{"embeddable":true,"href":"https:\/\/www.linvosges-hotellerie.com\/fr\/wp-json\/wp\/v2\/media\/3835"}],"wp:attachment":[{"href":"https:\/\/www.linvosges-hotellerie.com\/fr\/wp-json\/wp\/v2\/media?parent=4110"}],"wp:term":[{"taxonomy":"label","embeddable":true,"href":"https:\/\/www.linvosges-hotellerie.com\/fr\/wp-json\/wp\/v2\/label?post=4110"},{"taxonomy":"product_brand","embeddable":true,"href":"https:\/\/www.linvosges-hotellerie.com\/fr\/wp-json\/wp\/v2\/product_brand?post=4110"},{"taxonomy":"product_cat","embeddable":true,"href":"https:\/\/www.linvosges-hotellerie.com\/fr\/wp-json\/wp\/v2\/product_cat?post=4110"},{"taxonomy":"product_tag","embeddable":true,"href":"https:\/\/www.linvosges-hotellerie.com\/fr\/wp-json\/wp\/v2\/product_tag?post=4110"},{"taxonomy":"gamme","embeddable":true,"href":"https:\/\/www.linvosges-hotellerie.com\/fr\/wp-json\/wp\/v2\/gamme?post=4110"},{"taxonomy":"matiere","embeddable":true,"href":"https:\/\/www.linvosges-hotellerie.com\/fr\/wp-json\/wp\/v2\/matiere?post=4110"}],"curies":[{"name":"wp","href":"https:\/\/api.w.org\/{rel}","templated":true}]}}