{"id":4127,"date":"2020-12-16T02:33:09","date_gmt":"2020-12-16T01:33:09","guid":{"rendered":"https:\/\/www.linvosges-hotellerie.fr\/non%20class\u00e9\/cache-sommier-allegro\/"},"modified":"2025-04-23T18:29:32","modified_gmt":"2025-04-23T16:29:32","slug":"cache-sommier-allegro","status":"publish","type":"product","link":"https:\/\/www.linvosges-hotellerie.com\/fr\/decoration\/cache-sommier\/cache-sommier-allegro\/","title":{"rendered":"Cache-sommier Allegro"},"content":{"rendered":"<p>Element de d\u00e9coration indispensable, ce cache sommier se d\u00e9cline en 5 coloris. Finition 3 volants hauteur 30cm, 2 plis creux aux pieds avec retour 14cm \u00e0\u00a0 la t\u00eate pour un excellent maintien<\/p>\n","protected":false},"excerpt":{"rendered":"<p>Lavage en machine \u00e0 30\u00b0 d\u00e9licat<br \/>\nChlore et agents de blanchiment interdit<br \/>\nS\u00e8che linge interdit<br \/>\nRepassage interdit<br \/>\nProduits autoris\u00e9s pour le nettoyage \u00e0 sec : Perchlor\u00e9thyl\u00e8ne, Hydrocarbures<\/p>\n<p><span class=\"ginetex\"> e o d m W <\/span><\/p>\n","protected":false},"featured_media":3801,"template":"","meta":{"_acf_changed":false},"label":[],"product_brand":[],"product_cat":[494,25],"product_tag":[],"gamme":[495],"matiere":[784,787],"class_list":{"0":"post-4127","1":"product","2":"type-product","3":"status-publish","4":"has-post-thumbnail","6":"product_cat-cache-sommier","7":"product_cat-decoration","8":"pa_couleur-brume","9":"pa_couleur-chocolat","10":"pa_couleur-gris-fonce","11":"pa_couleur-ivoire","12":"pa_couleur-lin","13":"pa_dimensions-140-190-cm","14":"pa_dimensions-160-200-cm","15":"pa_dimensions-180x200-cm","16":"pa_dimensions-200-200-cm","17":"pa_dimensions-80-190-cm","18":"pa_dimensions-80-200-cm","19":"pa_dimensions-90-190-cm","20":"pa_dimensions-90-200-cm","21":"pa_grammage-170grs-m","22":"pa_matiere-70-coton-30-polyester","23":"gamme-allegro","24":"matiere-coton","25":"matiere-polyester","27":"first","28":"instock","29":"taxable","30":"shipping-taxable","31":"purchasable","32":"product-type-variable","33":"has-default-attributes"},"acf":[],"df_price":24.44,"df_sale_price":"","df_regular_price":24.44,"df_image_link":"https:\/\/www.linvosges-hotellerie.com\/wp-content\/uploads\/2020\/12\/cache-sommier-polyester-coton-allegro-hotel-professionnel-linvosges-hotellerie-300x300.jpg","_links":{"self":[{"href":"https:\/\/www.linvosges-hotellerie.com\/fr\/wp-json\/wp\/v2\/product\/4127","targetHints":{"allow":["GET"]}}],"collection":[{"href":"https:\/\/www.linvosges-hotellerie.com\/fr\/wp-json\/wp\/v2\/product"}],"about":[{"href":"https:\/\/www.linvosges-hotellerie.com\/fr\/wp-json\/wp\/v2\/types\/product"}],"wp:featuredmedia":[{"embeddable":true,"href":"https:\/\/www.linvosges-hotellerie.com\/fr\/wp-json\/wp\/v2\/media\/3801"}],"wp:attachment":[{"href":"https:\/\/www.linvosges-hotellerie.com\/fr\/wp-json\/wp\/v2\/media?parent=4127"}],"wp:term":[{"taxonomy":"label","embeddable":true,"href":"https:\/\/www.linvosges-hotellerie.com\/fr\/wp-json\/wp\/v2\/label?post=4127"},{"taxonomy":"product_brand","embeddable":true,"href":"https:\/\/www.linvosges-hotellerie.com\/fr\/wp-json\/wp\/v2\/product_brand?post=4127"},{"taxonomy":"product_cat","embeddable":true,"href":"https:\/\/www.linvosges-hotellerie.com\/fr\/wp-json\/wp\/v2\/product_cat?post=4127"},{"taxonomy":"product_tag","embeddable":true,"href":"https:\/\/www.linvosges-hotellerie.com\/fr\/wp-json\/wp\/v2\/product_tag?post=4127"},{"taxonomy":"gamme","embeddable":true,"href":"https:\/\/www.linvosges-hotellerie.com\/fr\/wp-json\/wp\/v2\/gamme?post=4127"},{"taxonomy":"matiere","embeddable":true,"href":"https:\/\/www.linvosges-hotellerie.com\/fr\/wp-json\/wp\/v2\/matiere?post=4127"}],"curies":[{"name":"wp","href":"https:\/\/api.w.org\/{rel}","templated":true}]}}