{"id":4190,"date":"2020-12-16T03:50:29","date_gmt":"2020-12-16T02:50:29","guid":{"rendered":"https:\/\/www.linvosges-hotellerie.fr\/non%20class\u00e9\/taie-forme-sac-portefeuille-anais\/"},"modified":"2025-11-05T17:40:47","modified_gmt":"2025-11-05T16:40:47","slug":"taie-forme-sac-portefeuille-anais","status":"publish","type":"product","link":"https:\/\/www.linvosges-hotellerie.com\/fr\/linge-de-lit\/taie-doreiller\/taie-forme-sac-portefeuille-anais\/","title":{"rendered":"Taie forme sac portefeuille Ana\u00efs"},"content":{"rendered":"<p>Taie d&#8217;oreiller en percale polycoton 180 fils\/in\u00b2. Son tissage de longs fils entrecrois\u00e9s et serr\u00e9s lui conf\u00e8re une grande r\u00e9sistance.<br \/>\nLe m\u00e9lange de coton et de polyester rend l&#8217;entretien de votre linge plus ais\u00e9, \u00e0 savoir un s\u00e9chage plus rapide et un repassage facilit\u00e9<\/p>\n<p>Dimensions taie d&#8217;oreiller carr\u00e9e ou rectangulaire :<br \/>\n60&#215;60, 65&#215;65, 45&#215;70, 50&#215;70, 50&#215;75<\/p>\n<p>Finitions taie d&#8217;oreiller :<br \/>\n&#8211; forme sac avec rabat portefeuille int\u00e9rieur<br \/>\n&#8211; volant piqu\u00e9 de 4cm tout autour avec rabat portefeuille int\u00e9rieur<\/p>\n","protected":false},"excerpt":{"rendered":"<p>Lavage en machine \u00e0 95\u00b0<br \/>\nBlanchiment possible<br \/>\nS\u00e9chage en tambour \u00e0 60\u00b0<br \/>\nRepassage \u00e0 une temp\u00e9rature de 150\u00b0 maximum<br \/>\nNettoyage \u00e0 sec interdit<\/p>\n<p><span class=\"ginetex\"> 2 u s b U <\/span><\/p>\n","protected":false},"featured_media":4705,"template":"","meta":{"_acf_changed":false},"label":[],"product_brand":[],"product_cat":[1490],"product_tag":[],"gamme":[508],"matiere":[793],"class_list":{"0":"post-4190","1":"product","2":"type-product","3":"status-publish","4":"has-post-thumbnail","6":"product_cat-taie-doreiller","7":"pa_couleur-blanc","8":"pa_dimensions-45-70-cm","9":"pa_dimensions-50-70-cm","10":"pa_dimensions-50-75-cm","11":"pa_dimensions-60-60-cm","12":"pa_dimensions-65-65-cm","13":"pa_grammage-110grs-m","14":"pa_matiere-50-coton-50-polyester","15":"gamme-anais","16":"matiere-polycoton","18":"first","19":"instock","20":"taxable","21":"shipping-taxable","22":"purchasable","23":"product-type-variable","24":"has-default-attributes"},"acf":[],"df_price":3.1,"df_sale_price":"","df_regular_price":3.1,"df_image_link":"https:\/\/www.linvosges-hotellerie.com\/wp-content\/uploads\/2020\/12\/linge-de-lit-percale-polycoton-uni-anais-110-grs-m2-hotel-professionnel-linvosges-hotellerie-3-300x300.jpg","_links":{"self":[{"href":"https:\/\/www.linvosges-hotellerie.com\/fr\/wp-json\/wp\/v2\/product\/4190","targetHints":{"allow":["GET"]}}],"collection":[{"href":"https:\/\/www.linvosges-hotellerie.com\/fr\/wp-json\/wp\/v2\/product"}],"about":[{"href":"https:\/\/www.linvosges-hotellerie.com\/fr\/wp-json\/wp\/v2\/types\/product"}],"wp:featuredmedia":[{"embeddable":true,"href":"https:\/\/www.linvosges-hotellerie.com\/fr\/wp-json\/wp\/v2\/media\/4705"}],"wp:attachment":[{"href":"https:\/\/www.linvosges-hotellerie.com\/fr\/wp-json\/wp\/v2\/media?parent=4190"}],"wp:term":[{"taxonomy":"label","embeddable":true,"href":"https:\/\/www.linvosges-hotellerie.com\/fr\/wp-json\/wp\/v2\/label?post=4190"},{"taxonomy":"product_brand","embeddable":true,"href":"https:\/\/www.linvosges-hotellerie.com\/fr\/wp-json\/wp\/v2\/product_brand?post=4190"},{"taxonomy":"product_cat","embeddable":true,"href":"https:\/\/www.linvosges-hotellerie.com\/fr\/wp-json\/wp\/v2\/product_cat?post=4190"},{"taxonomy":"product_tag","embeddable":true,"href":"https:\/\/www.linvosges-hotellerie.com\/fr\/wp-json\/wp\/v2\/product_tag?post=4190"},{"taxonomy":"gamme","embeddable":true,"href":"https:\/\/www.linvosges-hotellerie.com\/fr\/wp-json\/wp\/v2\/gamme?post=4190"},{"taxonomy":"matiere","embeddable":true,"href":"https:\/\/www.linvosges-hotellerie.com\/fr\/wp-json\/wp\/v2\/matiere?post=4190"}],"curies":[{"name":"wp","href":"https:\/\/api.w.org\/{rel}","templated":true}]}}