{"id":4254,"date":"2020-12-16T03:50:40","date_gmt":"2020-12-16T02:50:40","guid":{"rendered":"https:\/\/www.linvosges-hotellerie.fr\/non%20class\u00e9\/taie-volants-pique-milano\/"},"modified":"2025-09-29T22:03:45","modified_gmt":"2025-09-29T20:03:45","slug":"taie-volants-pique-milano","status":"publish","type":"product","link":"https:\/\/www.linvosges-hotellerie.com\/fr\/outlet-tout-a-50\/taie-volants-pique-milano\/","title":{"rendered":"Taie volants piqu\u00e9 Milano"},"content":{"rendered":"<p>Taie d&#8217;oreiller en polycoton bandes satin 230 fils\/in\u00b2. Ces lignes fines et sym\u00e9triques de 4mm apportent un look contemporain.<br \/>\nLe m\u00e9lange de coton et de polyester rend l&#8217;entretien de votre linge plus ais\u00e9, \u00e0 savoir un s\u00e9chage plus rapide et un repassage facilit\u00e9<\/p>\n<p>Finitions taie d&#8217;oreiller :<br \/>\n&#8211; volant piqu\u00e9 de 4cm tout autour avec rabat portefeuille int\u00e9rieur<\/p>\n<p>Attention stocks limit\u00e9s<\/p>\n","protected":false},"excerpt":{"rendered":"<p>Lavage en machine \u00e0 95\u00b0<br \/>\nChlore et agents de blanchiment interdit<br \/>\nS\u00e9chage en tambour \u00e0 80\u00b0<br \/>\nRepassage \u00e0 une temp\u00e9rature de 200\u00b0 maximum<br \/>\nNettoyage \u00e0 sec interdit<\/p>\n<p><span class=\"ginetex\"> 2 o a v U <\/span><\/p>\n","protected":false},"featured_media":4679,"template":"","meta":{"_acf_changed":false},"label":[],"product_brand":[],"product_cat":[873],"product_tag":[],"gamme":[524],"matiere":[793],"class_list":{"0":"post-4254","1":"product","2":"type-product","3":"status-publish","4":"has-post-thumbnail","6":"product_cat-outlet-tout-a-50","7":"pa_couleur-blanc","8":"pa_dimensions-45-70-cm","9":"pa_dimensions-50-70-cm","10":"pa_dimensions-50-75-cm","11":"pa_dimensions-60-60-cm","12":"pa_dimensions-65-65-cm","13":"pa_grammage-140-grs-m","14":"pa_matiere-50-coton-50-polyester","15":"gamme-milano","16":"matiere-polycoton","18":"first","19":"instock","20":"sale","21":"taxable","22":"shipping-taxable","23":"purchasable","24":"product-type-variable","25":"has-default-attributes"},"acf":[],"df_price":2.07,"df_sale_price":"","df_regular_price":2.07,"df_image_link":"https:\/\/www.linvosges-hotellerie.com\/wp-content\/uploads\/2020\/12\/linge-de-lit-bandes-satin-polycoton-milano-140-grs-m2-hotel-professionnel-linvosges-hotellerie-3-300x300.jpg","_links":{"self":[{"href":"https:\/\/www.linvosges-hotellerie.com\/fr\/wp-json\/wp\/v2\/product\/4254","targetHints":{"allow":["GET"]}}],"collection":[{"href":"https:\/\/www.linvosges-hotellerie.com\/fr\/wp-json\/wp\/v2\/product"}],"about":[{"href":"https:\/\/www.linvosges-hotellerie.com\/fr\/wp-json\/wp\/v2\/types\/product"}],"wp:featuredmedia":[{"embeddable":true,"href":"https:\/\/www.linvosges-hotellerie.com\/fr\/wp-json\/wp\/v2\/media\/4679"}],"wp:attachment":[{"href":"https:\/\/www.linvosges-hotellerie.com\/fr\/wp-json\/wp\/v2\/media?parent=4254"}],"wp:term":[{"taxonomy":"label","embeddable":true,"href":"https:\/\/www.linvosges-hotellerie.com\/fr\/wp-json\/wp\/v2\/label?post=4254"},{"taxonomy":"product_brand","embeddable":true,"href":"https:\/\/www.linvosges-hotellerie.com\/fr\/wp-json\/wp\/v2\/product_brand?post=4254"},{"taxonomy":"product_cat","embeddable":true,"href":"https:\/\/www.linvosges-hotellerie.com\/fr\/wp-json\/wp\/v2\/product_cat?post=4254"},{"taxonomy":"product_tag","embeddable":true,"href":"https:\/\/www.linvosges-hotellerie.com\/fr\/wp-json\/wp\/v2\/product_tag?post=4254"},{"taxonomy":"gamme","embeddable":true,"href":"https:\/\/www.linvosges-hotellerie.com\/fr\/wp-json\/wp\/v2\/gamme?post=4254"},{"taxonomy":"matiere","embeddable":true,"href":"https:\/\/www.linvosges-hotellerie.com\/fr\/wp-json\/wp\/v2\/matiere?post=4254"}],"curies":[{"name":"wp","href":"https:\/\/api.w.org\/{rel}","templated":true}]}}