{"id":4313,"date":"2020-12-16T03:50:47","date_gmt":"2020-12-16T02:50:47","guid":{"rendered":"https:\/\/www.linvosges-hotellerie.fr\/non%20class\u00e9\/housse-de-couette-prelude\/"},"modified":"2026-04-15T09:08:04","modified_gmt":"2026-04-15T07:08:04","slug":"housse-de-couette-prelude","status":"publish","type":"product","link":"https:\/\/www.linvosges-hotellerie.com\/fr\/outlet-tout-a-50\/housse-de-couette-prelude\/","title":{"rendered":"Housse de couette Pr\u00e9lude"},"content":{"rendered":"<p>Housse de couette au toucher doux et souple. Ce mod\u00e8le intemporel est en polycoton 300 filsxin\u00b2 ray\u00e9 de bandes satin de 20 mm<br \/>\nLe m\u00e9lange de coton et de polyester rend l&#8217;entretien de votre linge plus ais\u00e9, \u00e0 savoir un s\u00e9chage plus rapide et un repassage facilit\u00e9<\/p>\n<p>Forme sac + passe-mains<br \/>\nLes finitions de nos housses de couettes sont \u00e9tudi\u00e9es pour s\u2019adapter \u00e0 un usage professionnel. La confection forme sac ouvert sur toute la largeur ainsi que les 2 passe-mains \u00e0 la t\u00eate permettent une mise en place ais\u00e9e. Les 2 faces sont assembl\u00e9es par un surjet bourdon blanc sur les c\u00f4t\u00e9s et \u00e0 la t\u00eate pour se conformer \u00e0 l\u2019entretien en blanchisserie, notamment au passage en calandre. Un surjet bourdon de couleur au pied permet d\u2019identifier rapidement le bas de la housse mais \u00e9galement de distinguer les diff\u00e9rentes tailles.<\/p>\n<p>Coloris fil en fonction des dimensions :<br \/>\n140&#215;200 : rouge<br \/>\n160&#215;210 : bleu<br \/>\n240&#215;220 : orange<br \/>\n260&#215;240 : vert<br \/>\n280&#215;240 : gris<\/p>\n<p>Attention stocks limit\u00e9s<\/p>\n","protected":false},"excerpt":{"rendered":"<p>Lavage en machine \u00e0 60\u00b0<br \/>\nBlanchiment possible<br \/>\nS\u00e9chage en tambour \u00e0 60\u00b0<br \/>\nRepassage \u00e0 une temp\u00e9rature de 150\u00b0 maximum<br \/>\nNettoyage \u00e0 sec interdit<\/p>\n<p><span class=\"ginetex\"> 4 u s b U <\/span><\/p>\n","protected":false},"featured_media":4683,"template":"","meta":{"_acf_changed":false},"label":[],"product_brand":[],"product_cat":[873],"product_tag":[],"gamme":[526],"matiere":[793],"class_list":{"0":"post-4313","1":"product","2":"type-product","3":"status-publish","4":"has-post-thumbnail","6":"product_cat-outlet-tout-a-50","7":"pa_couleur-blanc","8":"pa_dimensions-140-200-cm","9":"pa_dimensions-160-210-cm","10":"pa_dimensions-200-200-cm","11":"pa_dimensions-240-220-cm","12":"pa_dimensions-260-240-cm","13":"pa_dimensions-280-240-cm","14":"pa_grammage-110grs-m","15":"pa_matiere-80-coton-20-polyester","16":"gamme-prelude","17":"matiere-polycoton","19":"first","20":"outofstock","21":"taxable","22":"shipping-taxable","23":"product-type-variable","24":"has-default-attributes"},"acf":[],"df_price":"","df_sale_price":"","df_regular_price":"","df_image_link":"https:\/\/www.linvosges-hotellerie.com\/wp-content\/uploads\/2020\/12\/linge-de-lit-bandes-satin-prelude-110-grs-m2-hotel-professionnel-linvosges-hotellerie-300x300.jpg","_links":{"self":[{"href":"https:\/\/www.linvosges-hotellerie.com\/fr\/wp-json\/wp\/v2\/product\/4313","targetHints":{"allow":["GET"]}}],"collection":[{"href":"https:\/\/www.linvosges-hotellerie.com\/fr\/wp-json\/wp\/v2\/product"}],"about":[{"href":"https:\/\/www.linvosges-hotellerie.com\/fr\/wp-json\/wp\/v2\/types\/product"}],"wp:featuredmedia":[{"embeddable":true,"href":"https:\/\/www.linvosges-hotellerie.com\/fr\/wp-json\/wp\/v2\/media\/4683"}],"wp:attachment":[{"href":"https:\/\/www.linvosges-hotellerie.com\/fr\/wp-json\/wp\/v2\/media?parent=4313"}],"wp:term":[{"taxonomy":"label","embeddable":true,"href":"https:\/\/www.linvosges-hotellerie.com\/fr\/wp-json\/wp\/v2\/label?post=4313"},{"taxonomy":"product_brand","embeddable":true,"href":"https:\/\/www.linvosges-hotellerie.com\/fr\/wp-json\/wp\/v2\/product_brand?post=4313"},{"taxonomy":"product_cat","embeddable":true,"href":"https:\/\/www.linvosges-hotellerie.com\/fr\/wp-json\/wp\/v2\/product_cat?post=4313"},{"taxonomy":"product_tag","embeddable":true,"href":"https:\/\/www.linvosges-hotellerie.com\/fr\/wp-json\/wp\/v2\/product_tag?post=4313"},{"taxonomy":"gamme","embeddable":true,"href":"https:\/\/www.linvosges-hotellerie.com\/fr\/wp-json\/wp\/v2\/gamme?post=4313"},{"taxonomy":"matiere","embeddable":true,"href":"https:\/\/www.linvosges-hotellerie.com\/fr\/wp-json\/wp\/v2\/matiere?post=4313"}],"curies":[{"name":"wp","href":"https:\/\/api.w.org\/{rel}","templated":true}]}}