{"id":4331,"date":"2020-12-16T03:50:49","date_gmt":"2020-12-16T02:50:49","guid":{"rendered":"https:\/\/www.linvosges-hotellerie.fr\/non%20class\u00e9\/drap-housse-come\/"},"modified":"2025-11-06T13:47:43","modified_gmt":"2025-11-06T12:47:43","slug":"drap-housse-come","status":"publish","type":"product","link":"https:\/\/www.linvosges-hotellerie.com\/fr\/drap-housse\/drap-housse-come\/","title":{"rendered":"Drap housse C\u00f4me"},"content":{"rendered":"<p>Drap housse en polycoton 300 filsxin\u00b2. Un jeu de rayures mates et satin\u00e9es de 10 et 24mm donne \u00e0\u00a0 cette toile une allure chic.<br \/>\nLe m\u00e9lange de coton et de polyester rend l&#8217;entretien de votre linge plus ais\u00e9, \u00e0 savoir un s\u00e9chage plus rapide et un repassage facilit\u00e9<\/p>\n<p>Bonnet de 30 cm, convient pour des matelas jusqu&#8217;\u00e0 22cm d&#8217;\u00e9paisseur.<br \/>\nBonnet de 35 cm, convient pour des matelas jusqu&#8217;\u00e0 27cm d&#8217;\u00e9paisseur.<\/p>\n<p>Fil de couleur tout autour afin d&#8217;identifier les diff\u00e9rentes tailles et ainsi faciliter l&#8217;entretien et le rangement du linge. Un gain de temps pour le personnel de chambre et de blanchisserie<\/p>\n<p>Coloris fil en fonction des dimensions :<br \/>\n80&#215;200 : marron<br \/>\n90&#215;200 : orange<br \/>\n140&#215;190 : bleu<br \/>\n160&#215;200 : vert<br \/>\n180&#215;200 : gris fonc\u00e9<br \/>\n200&#215;200 : noir<\/p>\n","protected":false},"excerpt":{"rendered":"<p>Lavage en machine \u00e0 95\u00b0<br \/>\nChlore et agents de blanchiment interdit<br \/>\nS\u00e9chage en tambour \u00e0 80\u00b0<br \/>\nRepassage \u00e0 une temp\u00e9rature de 150\u00b0 maximum<br \/>\nNettoyage \u00e0 sec interdit<\/p>\n<p><span class=\"ginetex\"> 2 o a b U <\/span><\/p>\n","protected":false},"featured_media":4665,"template":"","meta":{"_acf_changed":false},"label":[],"product_brand":[],"product_cat":[859],"product_tag":[],"gamme":[528],"matiere":[793],"class_list":{"0":"post-4331","1":"product","2":"type-product","3":"status-publish","4":"has-post-thumbnail","6":"product_cat-drap-housse","7":"pa_couleur-blanc","8":"pa_dimensions-160-200-cm","9":"pa_dimensions-180x200-cm","10":"pa_dimensions-200-200-cm","11":"pa_dimensions-80-200-cm","12":"pa_dimensions-90-200-cm","13":"pa_forme-housse-bonnet-30cm","14":"pa_forme-housse-bonnet-35cm","15":"pa_grammage-148grs-m","16":"pa_matiere-50-coton-50-polyester","17":"gamme-come","18":"matiere-polycoton","20":"first","21":"instock","22":"taxable","23":"shipping-taxable","24":"purchasable","25":"product-type-variable","26":"has-default-attributes"},"acf":[],"df_price":14.08,"df_sale_price":"","df_regular_price":14.08,"df_image_link":"https:\/\/www.linvosges-hotellerie.com\/wp-content\/uploads\/2020\/12\/linge-de-lit-bandes-satin-come-148-grs-m2-hotel-professionnel-linvosges-hotellerie-300x300.jpg","_links":{"self":[{"href":"https:\/\/www.linvosges-hotellerie.com\/fr\/wp-json\/wp\/v2\/product\/4331","targetHints":{"allow":["GET"]}}],"collection":[{"href":"https:\/\/www.linvosges-hotellerie.com\/fr\/wp-json\/wp\/v2\/product"}],"about":[{"href":"https:\/\/www.linvosges-hotellerie.com\/fr\/wp-json\/wp\/v2\/types\/product"}],"wp:featuredmedia":[{"embeddable":true,"href":"https:\/\/www.linvosges-hotellerie.com\/fr\/wp-json\/wp\/v2\/media\/4665"}],"wp:attachment":[{"href":"https:\/\/www.linvosges-hotellerie.com\/fr\/wp-json\/wp\/v2\/media?parent=4331"}],"wp:term":[{"taxonomy":"label","embeddable":true,"href":"https:\/\/www.linvosges-hotellerie.com\/fr\/wp-json\/wp\/v2\/label?post=4331"},{"taxonomy":"product_brand","embeddable":true,"href":"https:\/\/www.linvosges-hotellerie.com\/fr\/wp-json\/wp\/v2\/product_brand?post=4331"},{"taxonomy":"product_cat","embeddable":true,"href":"https:\/\/www.linvosges-hotellerie.com\/fr\/wp-json\/wp\/v2\/product_cat?post=4331"},{"taxonomy":"product_tag","embeddable":true,"href":"https:\/\/www.linvosges-hotellerie.com\/fr\/wp-json\/wp\/v2\/product_tag?post=4331"},{"taxonomy":"gamme","embeddable":true,"href":"https:\/\/www.linvosges-hotellerie.com\/fr\/wp-json\/wp\/v2\/gamme?post=4331"},{"taxonomy":"matiere","embeddable":true,"href":"https:\/\/www.linvosges-hotellerie.com\/fr\/wp-json\/wp\/v2\/matiere?post=4331"}],"curies":[{"name":"wp","href":"https:\/\/api.w.org\/{rel}","templated":true}]}}