{"id":4388,"date":"2020-12-16T03:50:58","date_gmt":"2020-12-16T02:50:58","guid":{"rendered":"https:\/\/www.linvosges-hotellerie.fr\/non%20class\u00e9\/housse-de-couette-le-metis\/"},"modified":"2025-04-23T21:42:29","modified_gmt":"2025-04-23T19:42:29","slug":"housse-de-couette-le-metis","status":"publish","type":"product","link":"https:\/\/www.linvosges-hotellerie.com\/fr\/housse-de-couette\/housse-de-couette-le-metis\/","title":{"rendered":"Housse de couette Le M\u00e9tis"},"content":{"rendered":"<p>Housse de couette \u00e0 la texture et au toucher authentique appport\u00e9s par l&#8217;alliance du coton et du lin. Le m\u00e9tis conjugue la douceur du coton et la fra\u00eecheur du lin. 100 filsxin\u00b2<\/p>\n<p>Forme sac ouvert + passe-mains<br \/>\nLes finitions de nos housses de couettes sont \u00e9tudi\u00e9es pour s\u2019adapter \u00e0 un usage professionnel. La confection forme sac ouvert sur toute la largeur ainsi que les 2 passe-mains \u00e0 la t\u00eate permettent une mise en place ais\u00e9e. Les 2 faces sont assembl\u00e9es par un surjet bourdon blanc sur les c\u00f4t\u00e9s pour se conformer \u00e0 l\u2019entretien en blanchisserie.<\/p>\n<p>Dimensions :<br \/>\n140&#215;200<br \/>\n160&#215;210<br \/>\n240&#215;220<br \/>\n260&#215;240<\/p>\n","protected":false},"excerpt":{"rendered":"<p>Lavage en machine \u00e0 60\u00b0<br \/>\nChlore et agents de blanchiment interdit<br \/>\nS\u00e8che linge interdit<br \/>\nRepassage \u00e0 une temp\u00e9rature de 200\u00b0 maximum<br \/>\nNettoyage \u00e0 sec interdit<\/p>\n<p><span class=\"ginetex\"> 4 o d v U <\/span><\/p>\n","protected":false},"featured_media":4688,"template":"","meta":{"_acf_changed":false},"label":[],"product_brand":[],"product_cat":[858],"product_tag":[],"gamme":[535],"matiere":[],"class_list":{"0":"post-4388","1":"product","2":"type-product","3":"status-publish","4":"has-post-thumbnail","6":"product_cat-housse-de-couette","7":"pa_couleur-blanc","8":"pa_dimensions-140-200-cm","9":"pa_dimensions-160-210-cm","10":"pa_dimensions-240-220-cm","11":"pa_dimensions-260-240-cm","12":"pa_grammage-190grs-m","13":"pa_matiere-50-lin-50-coton","14":"gamme-le-metis","16":"first","17":"instock","18":"taxable","19":"shipping-taxable","20":"purchasable","21":"product-type-variable","22":"has-default-attributes"},"acf":[],"df_price":155.82,"df_sale_price":"","df_regular_price":155.82,"df_image_link":"https:\/\/www.linvosges-hotellerie.com\/wp-content\/uploads\/2020\/12\/linge-de-lit-metis-190-grs-m2-blanc-hotel-professionnel-linvosges-hotellerie-300x300.jpg","_links":{"self":[{"href":"https:\/\/www.linvosges-hotellerie.com\/fr\/wp-json\/wp\/v2\/product\/4388","targetHints":{"allow":["GET"]}}],"collection":[{"href":"https:\/\/www.linvosges-hotellerie.com\/fr\/wp-json\/wp\/v2\/product"}],"about":[{"href":"https:\/\/www.linvosges-hotellerie.com\/fr\/wp-json\/wp\/v2\/types\/product"}],"wp:featuredmedia":[{"embeddable":true,"href":"https:\/\/www.linvosges-hotellerie.com\/fr\/wp-json\/wp\/v2\/media\/4688"}],"wp:attachment":[{"href":"https:\/\/www.linvosges-hotellerie.com\/fr\/wp-json\/wp\/v2\/media?parent=4388"}],"wp:term":[{"taxonomy":"label","embeddable":true,"href":"https:\/\/www.linvosges-hotellerie.com\/fr\/wp-json\/wp\/v2\/label?post=4388"},{"taxonomy":"product_brand","embeddable":true,"href":"https:\/\/www.linvosges-hotellerie.com\/fr\/wp-json\/wp\/v2\/product_brand?post=4388"},{"taxonomy":"product_cat","embeddable":true,"href":"https:\/\/www.linvosges-hotellerie.com\/fr\/wp-json\/wp\/v2\/product_cat?post=4388"},{"taxonomy":"product_tag","embeddable":true,"href":"https:\/\/www.linvosges-hotellerie.com\/fr\/wp-json\/wp\/v2\/product_tag?post=4388"},{"taxonomy":"gamme","embeddable":true,"href":"https:\/\/www.linvosges-hotellerie.com\/fr\/wp-json\/wp\/v2\/gamme?post=4388"},{"taxonomy":"matiere","embeddable":true,"href":"https:\/\/www.linvosges-hotellerie.com\/fr\/wp-json\/wp\/v2\/matiere?post=4388"}],"curies":[{"name":"wp","href":"https:\/\/api.w.org\/{rel}","templated":true}]}}