{"id":4396,"date":"2020-12-16T03:51:00","date_gmt":"2020-12-16T02:51:00","guid":{"rendered":"https:\/\/www.linvosges-hotellerie.fr\/non%20class\u00e9\/drap-housse-le-pur-fil-de-lin\/"},"modified":"2025-04-23T21:43:01","modified_gmt":"2025-04-23T19:43:01","slug":"drap-housse-le-pur-fil-de-lin","status":"publish","type":"product","link":"https:\/\/www.linvosges-hotellerie.com\/fr\/drap-housse\/drap-housse-le-pur-fil-de-lin\/","title":{"rendered":"Drap housse Le Pur Fil De Lin"},"content":{"rendered":"<p>Drap housse confectionn\u00e9 dans une toile de lin raffin\u00e9e \u00e9voquant l&#8217;\u00e9l\u00e9gance et la robustesse du linge d&#8217;antan. Le lin est une fibre tr\u00e8s solide au toucher unique. Isolante et respirante, elle a pour particularit\u00e9 de r\u00e9guler naturellement la chaleur. 100 filsxin\u00b2<\/p>\n<p>Bonnet de 30 cm, convient pour des matelas jusqu&#8217;\u00e0 22cm d&#8217;\u00e9paisseur.<\/p>\n<p>Dimensions :<br \/>\n90&#215;190<br \/>\n140&#215;190<br \/>\n160&#215;200<\/p>\n","protected":false},"excerpt":{"rendered":"<p>Lavage en machine \u00e0 60\u00b0<br \/>\nChlore et agents de blanchiment interdit<br \/>\nS\u00e8che linge interdit<br \/>\nRepassage \u00e0 une temp\u00e9rature de 200\u00b0 maximum<br \/>\nNettoyage \u00e0 sec interdit<\/p>\n<p><span class=\"ginetex\"> 4 o d v U <\/span><\/p>\n","protected":false},"featured_media":4718,"template":"","meta":{"_acf_changed":false},"label":[],"product_brand":[],"product_cat":[859],"product_tag":[],"gamme":[540],"matiere":[],"class_list":{"0":"post-4396","1":"product","2":"type-product","3":"status-publish","4":"has-post-thumbnail","6":"product_cat-drap-housse","7":"pa_couleur-blanc","8":"pa_dimensions-140-190-cm","9":"pa_dimensions-160-200-cm","10":"pa_dimensions-90-190-cm","11":"pa_grammage-165grs-m","12":"pa_matiere-100-lin","13":"gamme-le-pur-fil-de-lin","15":"first","16":"instock","17":"taxable","18":"shipping-taxable","19":"purchasable","20":"product-type-variable","21":"has-default-attributes"},"acf":[],"df_price":61.57,"df_sale_price":"","df_regular_price":61.57,"df_image_link":"https:\/\/www.linvosges-hotellerie.com\/wp-content\/uploads\/2020\/12\/linge-de-lit-pur-fil-de-lin-165-grs-m2-blanc-hotel-professionnel-linvosges-hotellerie-300x300.jpg","_links":{"self":[{"href":"https:\/\/www.linvosges-hotellerie.com\/fr\/wp-json\/wp\/v2\/product\/4396","targetHints":{"allow":["GET"]}}],"collection":[{"href":"https:\/\/www.linvosges-hotellerie.com\/fr\/wp-json\/wp\/v2\/product"}],"about":[{"href":"https:\/\/www.linvosges-hotellerie.com\/fr\/wp-json\/wp\/v2\/types\/product"}],"wp:featuredmedia":[{"embeddable":true,"href":"https:\/\/www.linvosges-hotellerie.com\/fr\/wp-json\/wp\/v2\/media\/4718"}],"wp:attachment":[{"href":"https:\/\/www.linvosges-hotellerie.com\/fr\/wp-json\/wp\/v2\/media?parent=4396"}],"wp:term":[{"taxonomy":"label","embeddable":true,"href":"https:\/\/www.linvosges-hotellerie.com\/fr\/wp-json\/wp\/v2\/label?post=4396"},{"taxonomy":"product_brand","embeddable":true,"href":"https:\/\/www.linvosges-hotellerie.com\/fr\/wp-json\/wp\/v2\/product_brand?post=4396"},{"taxonomy":"product_cat","embeddable":true,"href":"https:\/\/www.linvosges-hotellerie.com\/fr\/wp-json\/wp\/v2\/product_cat?post=4396"},{"taxonomy":"product_tag","embeddable":true,"href":"https:\/\/www.linvosges-hotellerie.com\/fr\/wp-json\/wp\/v2\/product_tag?post=4396"},{"taxonomy":"gamme","embeddable":true,"href":"https:\/\/www.linvosges-hotellerie.com\/fr\/wp-json\/wp\/v2\/gamme?post=4396"},{"taxonomy":"matiere","embeddable":true,"href":"https:\/\/www.linvosges-hotellerie.com\/fr\/wp-json\/wp\/v2\/matiere?post=4396"}],"curies":[{"name":"wp","href":"https:\/\/api.w.org\/{rel}","templated":true}]}}