{"id":4467,"date":"2020-12-16T03:51:11","date_gmt":"2020-12-16T02:51:11","guid":{"rendered":"https:\/\/www.linvosges-hotellerie.fr\/non%20class\u00e9\/taie-sac-portefeuille-ecume\/"},"modified":"2026-01-19T16:15:01","modified_gmt":"2026-01-19T15:15:01","slug":"taie-sac-portefeuille-ecume","status":"publish","type":"product","link":"https:\/\/www.linvosges-hotellerie.com\/fr\/linge-de-lit\/taie-doreiller\/taie-sac-portefeuille-ecume\/","title":{"rendered":"Taie sac portefeuille \u00c9cume"},"content":{"rendered":"<p>Taie d&#8217;oreiller 1 face lisse x 1 face seersucker. Le tissu gaufr\u00e9 apporte une touche d&#8217;originalit\u00e9 tout en sobri\u00e9t\u00e9 \u00e0 cette gamme en percale 200filsxin\u00b2. Le seersucker r\u00e9sulte d\u2019une technique de tissage dont l\u2019exercice de tensions diff\u00e9rentes permet d\u2019obtenir un tissu \u00e0 la fois lisse en fond et gaufr\u00e9 en surface. Ce relief offre au tissu la particularit\u00e9 d\u2019\u00eatre respirant et l\u00e9ger, d\u2019o\u00f9 le nom de notre gamme Ecume.<br \/>\nMati\u00e8re noble par excellence, la fibre de coton est naturellement confortable et r\u00e9sistante.<\/p>\n<p>Dimensions taie d&#8217;oreiller carr\u00e9e ou rectangulaire :<br \/>\n60&#215;60, 65&#215;65, 50&#215;70, 50&#215;75<\/p>\n<p>Finitions taie d&#8217;oreiller :<br \/>\n&#8211; forme sac avec rabat portefeuille int\u00e9rieur<br \/>\n&#8211; volant piqu\u00e9 de 4cm tout autour avec rabat portefeuille int\u00e9rieur<\/p>\n","protected":false},"excerpt":{"rendered":"<p>Lavage en machine \u00e0 60\u00b0<br \/>\nChlore et agents de blanchiment interdit<br \/>\nS\u00e9chage en tambour \u00e0 60\u00b0<br \/>\nRepassage \u00e0 une temp\u00e9rature de 150\u00b0 maximum<br \/>\nNettoyage \u00e0 sec interdit<\/p>\n<p><span class=\"ginetex\"> 4 o s b U <\/span><\/p>\n","protected":false},"featured_media":4657,"template":"","meta":{"_acf_changed":false},"label":[],"product_brand":[],"product_cat":[1490],"product_tag":[],"gamme":[549],"matiere":[784],"class_list":{"0":"post-4467","1":"product","2":"type-product","3":"status-publish","4":"has-post-thumbnail","6":"product_cat-taie-doreiller","7":"pa_couleur-blanc","8":"pa_dimensions-50-70-cm","9":"pa_dimensions-50-75-cm","10":"pa_dimensions-60-60-cm","11":"pa_dimensions-65-65-cm","12":"pa_grammage-120grs-m","13":"pa_matiere-100-coton","14":"gamme-ecume","15":"matiere-coton","17":"first","18":"instock","19":"taxable","20":"shipping-taxable","21":"purchasable","22":"product-type-variable","23":"has-default-attributes"},"acf":[],"df_price":8.32,"df_sale_price":"","df_regular_price":8.32,"df_image_link":"https:\/\/www.linvosges-hotellerie.com\/wp-content\/uploads\/2020\/12\/ligne-de-lit-percale-seersucker-ecume-coton-120-grs-m2-hotel-professionnel-linvosges-hotellerie-3-300x300.jpg","_links":{"self":[{"href":"https:\/\/www.linvosges-hotellerie.com\/fr\/wp-json\/wp\/v2\/product\/4467","targetHints":{"allow":["GET"]}}],"collection":[{"href":"https:\/\/www.linvosges-hotellerie.com\/fr\/wp-json\/wp\/v2\/product"}],"about":[{"href":"https:\/\/www.linvosges-hotellerie.com\/fr\/wp-json\/wp\/v2\/types\/product"}],"wp:featuredmedia":[{"embeddable":true,"href":"https:\/\/www.linvosges-hotellerie.com\/fr\/wp-json\/wp\/v2\/media\/4657"}],"wp:attachment":[{"href":"https:\/\/www.linvosges-hotellerie.com\/fr\/wp-json\/wp\/v2\/media?parent=4467"}],"wp:term":[{"taxonomy":"label","embeddable":true,"href":"https:\/\/www.linvosges-hotellerie.com\/fr\/wp-json\/wp\/v2\/label?post=4467"},{"taxonomy":"product_brand","embeddable":true,"href":"https:\/\/www.linvosges-hotellerie.com\/fr\/wp-json\/wp\/v2\/product_brand?post=4467"},{"taxonomy":"product_cat","embeddable":true,"href":"https:\/\/www.linvosges-hotellerie.com\/fr\/wp-json\/wp\/v2\/product_cat?post=4467"},{"taxonomy":"product_tag","embeddable":true,"href":"https:\/\/www.linvosges-hotellerie.com\/fr\/wp-json\/wp\/v2\/product_tag?post=4467"},{"taxonomy":"gamme","embeddable":true,"href":"https:\/\/www.linvosges-hotellerie.com\/fr\/wp-json\/wp\/v2\/gamme?post=4467"},{"taxonomy":"matiere","embeddable":true,"href":"https:\/\/www.linvosges-hotellerie.com\/fr\/wp-json\/wp\/v2\/matiere?post=4467"}],"curies":[{"name":"wp","href":"https:\/\/api.w.org\/{rel}","templated":true}]}}