{"id":4486,"date":"2020-12-16T03:51:14","date_gmt":"2020-12-16T02:51:14","guid":{"rendered":"https:\/\/www.linvosges-hotellerie.fr\/non%20class\u00e9\/taie-volants-piques-ravenna\/"},"modified":"2026-05-02T00:01:26","modified_gmt":"2026-05-01T22:01:26","slug":"taie-volants-piques-ravenna","status":"publish","type":"product","link":"https:\/\/www.linvosges-hotellerie.com\/fr\/linge-de-lit\/taie-doreiller\/taie-volants-piques-ravenna\/","title":{"rendered":"Taie volants piqu\u00e9s Ravenna"},"content":{"rendered":"<p>Le choix des fils et la qualit\u00e9 du tissage apportent une douceur exceptionnelle \u00e0 cette taie d&#8217;oreiller en satin pur coton. Mati\u00e8re noble par excellence, la fibre de coton est naturellement confortable et r\u00e9sistante.<br \/>\nArmure satin 400 filsxin\u00b2<\/p>\n<p>Dimensions taies d&#8217;oreiller carr\u00e9e ou rectangulaire :<br \/>\n50&#215;70, 60&#215;60, 65&#215;65<\/p>\n<p>Finition volant piqu\u00e9 de 1,5cm tout autour avec rabat portefeuille interieur<\/p>\n","protected":false},"excerpt":{"rendered":"<p>Lavage en machine \u00e0 60\u00b0<br \/>\nChlore et agents de blanchiment interdit<br \/>\nS\u00e9chage en tambour \u00e0 60\u00b0<br \/>\nRepassage \u00e0 une temp\u00e9rature de 150\u00b0 maximum<br \/>\nProduits autoris\u00e9s pour le nettoyage \u00e0 sec : Hydrocarbures<\/p>\n<p><span class=\"ginetex\"> 4 o s b W <\/span><\/p>\n","protected":false},"featured_media":5462,"template":"","meta":{"_acf_changed":false},"label":[],"product_brand":[],"product_cat":[1490],"product_tag":[],"gamme":[550],"matiere":[784],"class_list":{"0":"post-4486","1":"product","2":"type-product","3":"status-publish","4":"has-post-thumbnail","6":"product_cat-taie-doreiller","7":"pa_couleur-blanc","8":"pa_dimensions-50-70-cm","9":"pa_dimensions-60-60-cm","10":"pa_dimensions-65-65-cm","11":"pa_grammage-126grs-m","12":"pa_matiere-100-coton","13":"gamme-ravenna","14":"matiere-coton","16":"first","17":"instock","18":"taxable","19":"shipping-taxable","20":"purchasable","21":"product-type-variable","22":"has-default-attributes"},"acf":[],"df_price":6.58,"df_sale_price":"","df_regular_price":6.58,"df_image_link":"https:\/\/www.linvosges-hotellerie.com\/wp-content\/uploads\/2020\/12\/linge-de-lit-satin-ravenna-coton-126-grs-m2-hotel-professionnel-linvosges-hotellerie-3-300x300.jpg","_links":{"self":[{"href":"https:\/\/www.linvosges-hotellerie.com\/fr\/wp-json\/wp\/v2\/product\/4486","targetHints":{"allow":["GET"]}}],"collection":[{"href":"https:\/\/www.linvosges-hotellerie.com\/fr\/wp-json\/wp\/v2\/product"}],"about":[{"href":"https:\/\/www.linvosges-hotellerie.com\/fr\/wp-json\/wp\/v2\/types\/product"}],"wp:featuredmedia":[{"embeddable":true,"href":"https:\/\/www.linvosges-hotellerie.com\/fr\/wp-json\/wp\/v2\/media\/5462"}],"wp:attachment":[{"href":"https:\/\/www.linvosges-hotellerie.com\/fr\/wp-json\/wp\/v2\/media?parent=4486"}],"wp:term":[{"taxonomy":"label","embeddable":true,"href":"https:\/\/www.linvosges-hotellerie.com\/fr\/wp-json\/wp\/v2\/label?post=4486"},{"taxonomy":"product_brand","embeddable":true,"href":"https:\/\/www.linvosges-hotellerie.com\/fr\/wp-json\/wp\/v2\/product_brand?post=4486"},{"taxonomy":"product_cat","embeddable":true,"href":"https:\/\/www.linvosges-hotellerie.com\/fr\/wp-json\/wp\/v2\/product_cat?post=4486"},{"taxonomy":"product_tag","embeddable":true,"href":"https:\/\/www.linvosges-hotellerie.com\/fr\/wp-json\/wp\/v2\/product_tag?post=4486"},{"taxonomy":"gamme","embeddable":true,"href":"https:\/\/www.linvosges-hotellerie.com\/fr\/wp-json\/wp\/v2\/gamme?post=4486"},{"taxonomy":"matiere","embeddable":true,"href":"https:\/\/www.linvosges-hotellerie.com\/fr\/wp-json\/wp\/v2\/matiere?post=4486"}],"curies":[{"name":"wp","href":"https:\/\/api.w.org\/{rel}","templated":true}]}}