{"id":4512,"date":"2020-12-16T03:51:18","date_gmt":"2020-12-16T02:51:18","guid":{"rendered":"https:\/\/www.linvosges-hotellerie.fr\/non%20class\u00e9\/drap-housse-brunate\/"},"modified":"2026-04-11T00:35:00","modified_gmt":"2026-04-10T22:35:00","slug":"drap-housse-brunate","status":"publish","type":"product","link":"https:\/\/www.linvosges-hotellerie.com\/fr\/drap-housse\/drap-housse-brunate\/","title":{"rendered":"Drap housse Brunate"},"content":{"rendered":"<p>Drap housse en tissu doux et satin\u00e9, constitu\u00e9 de fils tr\u00e8s fins au tissage serr\u00e9.<br \/>\nArmure satin pur coton 300 fils\/in\u00b2<br \/>\nMati\u00e8re noble par excellence, la fibre de coton est naturellement confortable et r\u00e9sistante<\/p>\n<p>Bonnet de 30 cm, convient pour des matelas jusqu&#8217;\u00e0 22cm d&#8217;\u00e9paisseur.<br \/>\nBonnet de 35 cm, convient pour des matelas jusqu&#8217;\u00e0 27cm d&#8217;\u00e9paisseur.<\/p>\n<p>Fil de couleur tout autour afin d&#8217;identifier les diff\u00e9rentes tailles et ainsi faciliter l&#8217;entretien et le rangement du linge. Un gain de temps pour le personnel de chambre et de blanchisserie<\/p>\n<p>Coloris fil en fonction des dimensions :<br \/>\n80&#215;200 : marron<br \/>\n90&#215;200 : orange<br \/>\n140&#215;190 : bleu<br \/>\n160&#215;200 : vert<br \/>\n180&#215;200 : gris fonc\u00e9<br \/>\n200&#215;200 : noir<\/p>\n","protected":false},"excerpt":{"rendered":"<p>Lavage en machine \u00e0 95\u00b0<br \/>\nBlanchiment possible<br \/>\nS\u00e9chage en tambour \u00e0 60\u00b0<br \/>\nRepassage \u00e0 une temp\u00e9rature de 150\u00b0 maximum<br \/>\nProduits autoris\u00e9s pour le nettoyage \u00e0 sec : Hydrocarbures<\/p>\n<p><span class=\"ginetex\"> 2 u s b W <\/span><\/p>\n","protected":false},"featured_media":4723,"template":"","meta":{"_acf_changed":false},"label":[],"product_brand":[],"product_cat":[859],"product_tag":[],"gamme":[552],"matiere":[784],"class_list":{"0":"post-4512","1":"product","2":"type-product","3":"status-publish","4":"has-post-thumbnail","6":"product_cat-drap-housse","7":"pa_couleur-blanc","8":"pa_dimensions-140-190-cm","9":"pa_dimensions-140-200-cm","10":"pa_dimensions-160-200-cm","11":"pa_dimensions-180x200-cm","12":"pa_dimensions-200-200-cm","13":"pa_dimensions-80-200-cm","14":"pa_dimensions-90-200-cm","15":"pa_forme-housse-bonnet-30cm","16":"pa_forme-housse-bonnet-35cm","17":"pa_grammage-105grs-m","18":"pa_matiere-100-coton","19":"gamme-brunate","20":"matiere-coton","22":"first","23":"instock","24":"taxable","25":"shipping-taxable","26":"purchasable","27":"product-type-variable","28":"has-default-attributes"},"acf":[],"df_price":13.98,"df_sale_price":"","df_regular_price":13.98,"df_image_link":"https:\/\/www.linvosges-hotellerie.com\/wp-content\/uploads\/2020\/12\/linge-de-lit-satin-brunate-coton-105-grs-m2-hotel-professionnel-linvosges-hotellerie-300x300.jpg","_links":{"self":[{"href":"https:\/\/www.linvosges-hotellerie.com\/fr\/wp-json\/wp\/v2\/product\/4512","targetHints":{"allow":["GET"]}}],"collection":[{"href":"https:\/\/www.linvosges-hotellerie.com\/fr\/wp-json\/wp\/v2\/product"}],"about":[{"href":"https:\/\/www.linvosges-hotellerie.com\/fr\/wp-json\/wp\/v2\/types\/product"}],"wp:featuredmedia":[{"embeddable":true,"href":"https:\/\/www.linvosges-hotellerie.com\/fr\/wp-json\/wp\/v2\/media\/4723"}],"wp:attachment":[{"href":"https:\/\/www.linvosges-hotellerie.com\/fr\/wp-json\/wp\/v2\/media?parent=4512"}],"wp:term":[{"taxonomy":"label","embeddable":true,"href":"https:\/\/www.linvosges-hotellerie.com\/fr\/wp-json\/wp\/v2\/label?post=4512"},{"taxonomy":"product_brand","embeddable":true,"href":"https:\/\/www.linvosges-hotellerie.com\/fr\/wp-json\/wp\/v2\/product_brand?post=4512"},{"taxonomy":"product_cat","embeddable":true,"href":"https:\/\/www.linvosges-hotellerie.com\/fr\/wp-json\/wp\/v2\/product_cat?post=4512"},{"taxonomy":"product_tag","embeddable":true,"href":"https:\/\/www.linvosges-hotellerie.com\/fr\/wp-json\/wp\/v2\/product_tag?post=4512"},{"taxonomy":"gamme","embeddable":true,"href":"https:\/\/www.linvosges-hotellerie.com\/fr\/wp-json\/wp\/v2\/gamme?post=4512"},{"taxonomy":"matiere","embeddable":true,"href":"https:\/\/www.linvosges-hotellerie.com\/fr\/wp-json\/wp\/v2\/matiere?post=4512"}],"curies":[{"name":"wp","href":"https:\/\/api.w.org\/{rel}","templated":true}]}}