{"id":4547,"date":"2020-12-16T03:51:22","date_gmt":"2020-12-16T02:51:22","guid":{"rendered":"https:\/\/www.linvosges-hotellerie.fr\/non%20class\u00e9\/drap-housse-evora\/"},"modified":"2026-04-18T00:17:08","modified_gmt":"2026-04-17T22:17:08","slug":"drap-housse-evora","status":"publish","type":"product","link":"https:\/\/www.linvosges-hotellerie.com\/fr\/drap-housse\/drap-housse-evora\/","title":{"rendered":"Drap housse Evora"},"content":{"rendered":"<p>Drap housse au toucher velout\u00e9 et \u00e0 l&#8217;aspect mat l\u00e9g\u00e8rement froiss\u00e9 pour un style contemporain. Son repassage est superlu, ce qui repr\u00e9sente un v\u00e9ritable gain de temps<br \/>\nArmure satin 300 filsxin\u00b2 tr\u00e8s serr\u00e9s offrant souplesse et douceur.<br \/>\nMati\u00e8re noble par excellence, la fibre de coton est naturellement confortable et r\u00e9sistante<\/p>\n<p>Bonnet de 30 cm, convient pour des matelas jusqu&#8217;\u00e0 22cm d&#8217;\u00e9paisseur.<br \/>\nFil de couleur tout autour afin d&#8217;identifier les diff\u00e9rentes tailles et ainsi faciliter l&#8217;entretien et le rangement du linge. Un gain de temps pour le personnel de chambre et de blanchisserie<\/p>\n<p>Coloris fil en fonction des dimensions :<br \/>\n90&#215;190 : rouge<br \/>\n90&#215;200 : orange<br \/>\n140&#215;190 : bleu<br \/>\n160&#215;200 : vert<br \/>\n180&#215;200 : gris fonc\u00e9<\/p>\n","protected":false},"excerpt":{"rendered":"<p>Lavage en machine \u00e0 40\u00b0<br \/>\nChlore et agents de blanchiment interdit<br \/>\nS\u00e9chage en tambour \u00e0 60\u00b0<br \/>\nRepassage \u00e0 une temp\u00e9rature de 110\u00b0 maximum sans vapeur<br \/>\nNettoyage \u00e0 sec interdit<\/p>\n<p><span class=\"ginetex\"> 8 o s n U <\/span><\/p>\n","protected":false},"featured_media":5202,"template":"","meta":{"_acf_changed":false},"label":[],"product_brand":[],"product_cat":[859],"product_tag":[],"gamme":[555],"matiere":[784],"class_list":{"0":"post-4547","1":"product","2":"type-product","3":"status-publish","4":"has-post-thumbnail","6":"product_cat-drap-housse","7":"pa_couleur-blanc","8":"pa_dimensions-140-190-cm","9":"pa_dimensions-160-200-cm","10":"pa_dimensions-180x200-cm","11":"pa_dimensions-90-190-cm","12":"pa_dimensions-90-200-cm","13":"pa_grammage-120grs-m","14":"pa_matiere-100-coton","15":"gamme-evora","16":"matiere-coton","18":"first","19":"instock","20":"taxable","21":"shipping-taxable","22":"purchasable","23":"product-type-variable","24":"has-default-attributes"},"acf":[],"df_price":22.68,"df_sale_price":"","df_regular_price":22.68,"df_image_link":"https:\/\/www.linvosges-hotellerie.com\/wp-content\/uploads\/2020\/12\/linge-de-lit-satin-lave-evora-coton-120-grs-m2-hotel-professionnel-linvosges-hotellerie-2-300x300.jpg","_links":{"self":[{"href":"https:\/\/www.linvosges-hotellerie.com\/fr\/wp-json\/wp\/v2\/product\/4547","targetHints":{"allow":["GET"]}}],"collection":[{"href":"https:\/\/www.linvosges-hotellerie.com\/fr\/wp-json\/wp\/v2\/product"}],"about":[{"href":"https:\/\/www.linvosges-hotellerie.com\/fr\/wp-json\/wp\/v2\/types\/product"}],"wp:featuredmedia":[{"embeddable":true,"href":"https:\/\/www.linvosges-hotellerie.com\/fr\/wp-json\/wp\/v2\/media\/5202"}],"wp:attachment":[{"href":"https:\/\/www.linvosges-hotellerie.com\/fr\/wp-json\/wp\/v2\/media?parent=4547"}],"wp:term":[{"taxonomy":"label","embeddable":true,"href":"https:\/\/www.linvosges-hotellerie.com\/fr\/wp-json\/wp\/v2\/label?post=4547"},{"taxonomy":"product_brand","embeddable":true,"href":"https:\/\/www.linvosges-hotellerie.com\/fr\/wp-json\/wp\/v2\/product_brand?post=4547"},{"taxonomy":"product_cat","embeddable":true,"href":"https:\/\/www.linvosges-hotellerie.com\/fr\/wp-json\/wp\/v2\/product_cat?post=4547"},{"taxonomy":"product_tag","embeddable":true,"href":"https:\/\/www.linvosges-hotellerie.com\/fr\/wp-json\/wp\/v2\/product_tag?post=4547"},{"taxonomy":"gamme","embeddable":true,"href":"https:\/\/www.linvosges-hotellerie.com\/fr\/wp-json\/wp\/v2\/gamme?post=4547"},{"taxonomy":"matiere","embeddable":true,"href":"https:\/\/www.linvosges-hotellerie.com\/fr\/wp-json\/wp\/v2\/matiere?post=4547"}],"curies":[{"name":"wp","href":"https:\/\/api.w.org\/{rel}","templated":true}]}}