{"id":4567,"date":"2020-12-16T03:51:25","date_gmt":"2020-12-16T02:51:25","guid":{"rendered":"https:\/\/www.linvosges-hotellerie.fr\/non%20class\u00e9\/drap-plat-luna\/"},"modified":"2025-04-23T21:44:49","modified_gmt":"2025-04-23T19:44:49","slug":"drap-plat-luna","status":"publish","type":"product","link":"https:\/\/www.linvosges-hotellerie.com\/fr\/drap\/drap-plat-luna\/","title":{"rendered":"Drap plat Luna"},"content":{"rendered":"<p>Drap plat en toile satin\u00e9e blanche parsem\u00e9e d&#8217;une \u00e9tendue de petits pois beige.<br \/>\nArmure satin 300 filsxin\u00b2<br \/>\nMati\u00e8re noble par excellence, la fibre de coton est naturellement confortable et r\u00e9sistante.<\/p>\n<p>Ourlet 3cm t\u00eate et pied<br \/>\nFil de couleur au pied afin d&#8217;identifier les diff\u00e9rentes tailles et ainsi faciliter l&#8217;entretien et le rangement du linge. Un gain de temps pour le personnel de chambre et de blanchisserie<\/p>\n<p>Coloris fil en fonction des dimensions :<br \/>\n180&#215;310 : rouge<br \/>\n240&#215;310 : bleu<br \/>\n270&#215;310 : vert<\/p>\n","protected":false},"excerpt":{"rendered":"<p>Lavage en machine \u00e0 60\u00b0<br \/>\nChlore et agents de blanchiment interdit<br \/>\nS\u00e9chage en tambour \u00e0 60\u00b0<br \/>\nRepassage \u00e0 une temp\u00e9rature de 150\u00b0 maximum<br \/>\nProduits autoris\u00e9s pour le nettoyage \u00e0 sec : Hydrocarbures<\/p>\n<p><span class=\"ginetex\"> 4 o s b W <\/span><\/p>\n","protected":false},"featured_media":4734,"template":"","meta":{"_acf_changed":false},"label":[],"product_brand":[],"product_cat":[3274],"product_tag":[],"gamme":[556],"matiere":[784],"class_list":{"0":"post-4567","1":"product","2":"type-product","3":"status-publish","4":"has-post-thumbnail","6":"product_cat-drap","7":"pa_couleur-fond-blanc-pois-beige","8":"pa_dimensions-180-310-cm","9":"pa_dimensions-240-310-cm","10":"pa_dimensions-270-310-cm","11":"pa_grammage-140grs-m","12":"pa_matiere-100-coton","13":"gamme-luna","14":"matiere-coton","16":"first","17":"outofstock","18":"taxable","19":"shipping-taxable","20":"product-type-variable","21":"has-default-attributes"},"acf":[],"df_price":"","df_sale_price":"","df_regular_price":"","df_image_link":"https:\/\/www.linvosges-hotellerie.com\/wp-content\/uploads\/2020\/12\/linge-de-lit-satin-imprime-luna-coton-140-grs-m2-hotel-professionnel-linvosges-hotellerie-300x300.jpg","_links":{"self":[{"href":"https:\/\/www.linvosges-hotellerie.com\/fr\/wp-json\/wp\/v2\/product\/4567","targetHints":{"allow":["GET"]}}],"collection":[{"href":"https:\/\/www.linvosges-hotellerie.com\/fr\/wp-json\/wp\/v2\/product"}],"about":[{"href":"https:\/\/www.linvosges-hotellerie.com\/fr\/wp-json\/wp\/v2\/types\/product"}],"wp:featuredmedia":[{"embeddable":true,"href":"https:\/\/www.linvosges-hotellerie.com\/fr\/wp-json\/wp\/v2\/media\/4734"}],"wp:attachment":[{"href":"https:\/\/www.linvosges-hotellerie.com\/fr\/wp-json\/wp\/v2\/media?parent=4567"}],"wp:term":[{"taxonomy":"label","embeddable":true,"href":"https:\/\/www.linvosges-hotellerie.com\/fr\/wp-json\/wp\/v2\/label?post=4567"},{"taxonomy":"product_brand","embeddable":true,"href":"https:\/\/www.linvosges-hotellerie.com\/fr\/wp-json\/wp\/v2\/product_brand?post=4567"},{"taxonomy":"product_cat","embeddable":true,"href":"https:\/\/www.linvosges-hotellerie.com\/fr\/wp-json\/wp\/v2\/product_cat?post=4567"},{"taxonomy":"product_tag","embeddable":true,"href":"https:\/\/www.linvosges-hotellerie.com\/fr\/wp-json\/wp\/v2\/product_tag?post=4567"},{"taxonomy":"gamme","embeddable":true,"href":"https:\/\/www.linvosges-hotellerie.com\/fr\/wp-json\/wp\/v2\/gamme?post=4567"},{"taxonomy":"matiere","embeddable":true,"href":"https:\/\/www.linvosges-hotellerie.com\/fr\/wp-json\/wp\/v2\/matiere?post=4567"}],"curies":[{"name":"wp","href":"https:\/\/api.w.org\/{rel}","templated":true}]}}