{"id":4589,"date":"2020-12-16T03:51:28","date_gmt":"2020-12-16T02:51:28","guid":{"rendered":"https:\/\/www.linvosges-hotellerie.fr\/non%20class\u00e9\/drap-housse-colombe\/"},"modified":"2026-04-09T09:29:01","modified_gmt":"2026-04-09T07:29:01","slug":"drap-housse-colombe","status":"publish","type":"product","link":"https:\/\/www.linvosges-hotellerie.com\/fr\/drap-housse\/drap-housse-colombe\/","title":{"rendered":"Drap housse Colombe"},"content":{"rendered":"<p>Drap housse en percale pur coton. R\u00e9alis\u00e9e avec les fibres les plus longues du coton peign\u00e9 et tiss\u00e9e tr\u00e8s serr\u00e9, la percale 200 filsxin\u00b2 offre une grande souplesse et une tenue parfaite.<br \/>\nMati\u00e8re noble par excellence, la fibre de coton est naturellement confortable et r\u00e9sistante<\/p>\n<p>Bonnet de 30 cm, convient pour des matelas jusqu&#8217;\u00e0 22cm d&#8217;\u00e9paisseur.<br \/>\nBonnet de 35 cm, convient pour des matelas jusqu&#8217;\u00e0 27cm d&#8217;\u00e9paisseur.<\/p>\n<p>Fil de couleur tout autour afin d&#8217;identifier les diff\u00e9rentes tailles et ainsi faciliter l&#8217;entretien et le rangement du linge. Un gain de temps pour le personnel de chambre et de blanchisserie<\/p>\n<p>Coloris fil en fonction des dimensions :<br \/>\n80&#215;190 : parme<br \/>\n80&#215;200 : marron<br \/>\n90&#215;190 : rouge<br \/>\n90&#215;200 : orange<br \/>\n140&#215;190 : bleu<br \/>\n140&#215;200 : jaune<br \/>\n160&#215;200 : vert<br \/>\n180&#215;200 : gris fonc\u00e9<\/p>\n","protected":false},"excerpt":{"rendered":"<p>Lavage en machine \u00e0 95\u00b0<br \/>\nBlanchiment possible<br \/>\nS\u00e9chage en tambour \u00e0 80\u00b0<br \/>\nRepassage \u00e0 une temp\u00e9rature de 200\u00b0 maximum<br \/>\nProduits autoris\u00e9s pour le nettoyage \u00e0 sec : Hydrocarbures<\/p>\n<p><span class=\"ginetex\"> 2 u a v W <\/span><\/p>\n","protected":false},"featured_media":4693,"template":"","meta":{"_acf_changed":false},"label":[],"product_brand":[],"product_cat":[859],"product_tag":[],"gamme":[559],"matiere":[784],"class_list":{"0":"post-4589","1":"product","2":"type-product","3":"status-publish","4":"has-post-thumbnail","6":"product_cat-drap-housse","7":"pa_couleur-blanc","8":"pa_dimensions-140-190-cm","9":"pa_dimensions-140-200-cm","10":"pa_dimensions-160-200-cm","11":"pa_dimensions-180x200-cm","12":"pa_dimensions-80-190-cm","13":"pa_dimensions-80-200-cm","14":"pa_dimensions-90-190-cm","15":"pa_dimensions-90-200-cm","16":"pa_forme-housse-bonnet-30cm","17":"pa_forme-housse-bonnet-35cm","18":"pa_grammage-115grs-m","19":"pa_matiere-100-coton","20":"gamme-colombe","21":"matiere-coton","23":"first","24":"instock","25":"taxable","26":"shipping-taxable","27":"purchasable","28":"product-type-variable","29":"has-default-attributes"},"acf":[],"df_price":10.07,"df_sale_price":"","df_regular_price":10.07,"df_image_link":"https:\/\/www.linvosges-hotellerie.com\/wp-content\/uploads\/2020\/12\/linge-de-lit-percale-colombe-coton-115-grs-m2-hotel-professionnel-linvosges-hotellerie-300x300.jpg","_links":{"self":[{"href":"https:\/\/www.linvosges-hotellerie.com\/fr\/wp-json\/wp\/v2\/product\/4589","targetHints":{"allow":["GET"]}}],"collection":[{"href":"https:\/\/www.linvosges-hotellerie.com\/fr\/wp-json\/wp\/v2\/product"}],"about":[{"href":"https:\/\/www.linvosges-hotellerie.com\/fr\/wp-json\/wp\/v2\/types\/product"}],"wp:featuredmedia":[{"embeddable":true,"href":"https:\/\/www.linvosges-hotellerie.com\/fr\/wp-json\/wp\/v2\/media\/4693"}],"wp:attachment":[{"href":"https:\/\/www.linvosges-hotellerie.com\/fr\/wp-json\/wp\/v2\/media?parent=4589"}],"wp:term":[{"taxonomy":"label","embeddable":true,"href":"https:\/\/www.linvosges-hotellerie.com\/fr\/wp-json\/wp\/v2\/label?post=4589"},{"taxonomy":"product_brand","embeddable":true,"href":"https:\/\/www.linvosges-hotellerie.com\/fr\/wp-json\/wp\/v2\/product_brand?post=4589"},{"taxonomy":"product_cat","embeddable":true,"href":"https:\/\/www.linvosges-hotellerie.com\/fr\/wp-json\/wp\/v2\/product_cat?post=4589"},{"taxonomy":"product_tag","embeddable":true,"href":"https:\/\/www.linvosges-hotellerie.com\/fr\/wp-json\/wp\/v2\/product_tag?post=4589"},{"taxonomy":"gamme","embeddable":true,"href":"https:\/\/www.linvosges-hotellerie.com\/fr\/wp-json\/wp\/v2\/gamme?post=4589"},{"taxonomy":"matiere","embeddable":true,"href":"https:\/\/www.linvosges-hotellerie.com\/fr\/wp-json\/wp\/v2\/matiere?post=4589"}],"curies":[{"name":"wp","href":"https:\/\/api.w.org\/{rel}","templated":true}]}}