{"id":4598,"date":"2020-12-16T03:51:30","date_gmt":"2020-12-16T02:51:30","guid":{"rendered":"https:\/\/www.linvosges-hotellerie.fr\/non%20class\u00e9\/drap-plat-colombe\/"},"modified":"2026-04-16T01:11:06","modified_gmt":"2026-04-15T23:11:06","slug":"drap-plat-colombe","status":"publish","type":"product","link":"https:\/\/www.linvosges-hotellerie.com\/fr\/drap\/drap-plat-colombe\/","title":{"rendered":"Drap plat Colombe"},"content":{"rendered":"<p>Drap plat en percale pur coton. R\u00e9alis\u00e9e avec les fibres les plus longues du coton peign\u00e9 et tiss\u00e9e tr\u00e8s serr\u00e9, la percale 200 filsxin\u00b2 offre une grande souplesse et une tenue parfaite.<br \/>\nMati\u00e8re noble par excellence, la fibre de coton est naturellement confortable et r\u00e9sistante.<\/p>\n<p>Ourlet 3cm t\u00eate et pied<br \/>\nFil de couleur au pied afin d&#8217;identifier les diff\u00e9rentes tailles et ainsi faciliter l&#8217;entretien et le rangement du linge. Un gain de temps pour le personnel de chambre et de blanchisserie<\/p>\n<p>Coloris fil en fonction des dimensions :<br \/>\n180&#215;310 : rouge<br \/>\n240&#215;310 : bleu<br \/>\n280&#215;310 : vert<\/p>\n","protected":false},"excerpt":{"rendered":"<p>Lavage en machine \u00e0 95\u00b0<br \/>\nBlanchiment possible<br \/>\nS\u00e9chage en tambour \u00e0 80\u00b0<br \/>\nRepassage \u00e0 une temp\u00e9rature de 200\u00b0 maximum<br \/>\nProduits autoris\u00e9s pour le nettoyage \u00e0 sec : Hydrocarbures<\/p>\n<p><span class=\"ginetex\"> 2 u a v W <\/span><\/p>\n","protected":false},"featured_media":4693,"template":"","meta":{"_acf_changed":false},"label":[],"product_brand":[],"product_cat":[3274],"product_tag":[],"gamme":[559],"matiere":[784],"class_list":{"0":"post-4598","1":"product","2":"type-product","3":"status-publish","4":"has-post-thumbnail","6":"product_cat-drap","7":"pa_couleur-blanc","8":"pa_dimensions-180-310-cm","9":"pa_dimensions-240-310-cm","10":"pa_dimensions-280-310-cm","11":"pa_grammage-115grs-m","12":"pa_matiere-100-coton","13":"gamme-colombe","14":"matiere-coton","16":"first","17":"instock","18":"sale","19":"taxable","20":"shipping-taxable","21":"purchasable","22":"product-type-variable","23":"has-default-attributes"},"acf":[],"df_price":11.94,"df_sale_price":"","df_regular_price":11.94,"df_image_link":"https:\/\/www.linvosges-hotellerie.com\/wp-content\/uploads\/2020\/12\/linge-de-lit-percale-colombe-coton-115-grs-m2-hotel-professionnel-linvosges-hotellerie-300x300.jpg","_links":{"self":[{"href":"https:\/\/www.linvosges-hotellerie.com\/fr\/wp-json\/wp\/v2\/product\/4598","targetHints":{"allow":["GET"]}}],"collection":[{"href":"https:\/\/www.linvosges-hotellerie.com\/fr\/wp-json\/wp\/v2\/product"}],"about":[{"href":"https:\/\/www.linvosges-hotellerie.com\/fr\/wp-json\/wp\/v2\/types\/product"}],"wp:featuredmedia":[{"embeddable":true,"href":"https:\/\/www.linvosges-hotellerie.com\/fr\/wp-json\/wp\/v2\/media\/4693"}],"wp:attachment":[{"href":"https:\/\/www.linvosges-hotellerie.com\/fr\/wp-json\/wp\/v2\/media?parent=4598"}],"wp:term":[{"taxonomy":"label","embeddable":true,"href":"https:\/\/www.linvosges-hotellerie.com\/fr\/wp-json\/wp\/v2\/label?post=4598"},{"taxonomy":"product_brand","embeddable":true,"href":"https:\/\/www.linvosges-hotellerie.com\/fr\/wp-json\/wp\/v2\/product_brand?post=4598"},{"taxonomy":"product_cat","embeddable":true,"href":"https:\/\/www.linvosges-hotellerie.com\/fr\/wp-json\/wp\/v2\/product_cat?post=4598"},{"taxonomy":"product_tag","embeddable":true,"href":"https:\/\/www.linvosges-hotellerie.com\/fr\/wp-json\/wp\/v2\/product_tag?post=4598"},{"taxonomy":"gamme","embeddable":true,"href":"https:\/\/www.linvosges-hotellerie.com\/fr\/wp-json\/wp\/v2\/gamme?post=4598"},{"taxonomy":"matiere","embeddable":true,"href":"https:\/\/www.linvosges-hotellerie.com\/fr\/wp-json\/wp\/v2\/matiere?post=4598"}],"curies":[{"name":"wp","href":"https:\/\/api.w.org\/{rel}","templated":true}]}}