{"id":4602,"date":"2020-12-16T03:51:30","date_gmt":"2020-12-16T02:51:30","guid":{"rendered":"https:\/\/www.linvosges-hotellerie.fr\/non%20class\u00e9\/housse-de-couette-colombe\/"},"modified":"2026-04-16T01:11:16","modified_gmt":"2026-04-15T23:11:16","slug":"housse-de-couette-colombe","status":"publish","type":"product","link":"https:\/\/www.linvosges-hotellerie.com\/fr\/housse-de-couette\/housse-de-couette-colombe\/","title":{"rendered":"Housse de couette Colombe"},"content":{"rendered":"<p>Housse de couette en percale pur coton. R\u00e9alis\u00e9e avec les fibres les plus longues du coton peign\u00e9 et tiss\u00e9e tr\u00e8s serr\u00e9, la percale 200 filsxin\u00b2 offre une grande souplesse et une tenue parfaite.<br \/>\nMati\u00e8re noble par excellence, la fibre de coton est naturellement confortable et r\u00e9sistante<\/p>\n<p>Forme sac + passe-mains<br \/>\nLes finitions de nos housses de couettes sont \u00e9tudi\u00e9es pour s\u2019adapter \u00e0 un usage professionnel. La confection forme sac ouvert sur toute la largeur ainsi que les 2 passe-mains \u00e0 la t\u00eate permettent une mise en place ais\u00e9e. Les 2 faces sont assembl\u00e9es par un surjet bourdon blanc sur les c\u00f4t\u00e9s et \u00e0 la t\u00eate pour se conformer \u00e0 l\u2019entretien en blanchisserie, notamment au passage en calandre. Un surjet bourdon de couleur au pied permet d\u2019identifier rapidement le bas de la housse mais \u00e9galement de distinguer les diff\u00e9rentes tailles.<\/p>\n<p>Coloris fil en fonction des dimensions :<br \/>\n140&#215;200 : rouge<br \/>\n160&#215;210 : bleu<br \/>\n200&#215;200 : jaune<br \/>\n240&#215;220 : orange<br \/>\n260&#215;240 : vert<br \/>\n280&#215;240 : gris<\/p>\n","protected":false},"excerpt":{"rendered":"<p>Lavage en machine \u00e0 95\u00b0<br \/>\nBlanchiment possible<br \/>\nS\u00e9chage en tambour \u00e0 80\u00b0<br \/>\nRepassage \u00e0 une temp\u00e9rature de 200\u00b0 maximum<br \/>\nProduits autoris\u00e9s pour le nettoyage \u00e0 sec : Hydrocarbures<\/p>\n<p><span class=\"ginetex\"> 2 u a v W <\/span><\/p>\n","protected":false},"featured_media":4693,"template":"","meta":{"_acf_changed":false},"label":[],"product_brand":[],"product_cat":[858],"product_tag":[],"gamme":[559],"matiere":[784],"class_list":{"0":"post-4602","1":"product","2":"type-product","3":"status-publish","4":"has-post-thumbnail","6":"product_cat-housse-de-couette","7":"pa_couleur-blanc","8":"pa_dimensions-140-200-cm","9":"pa_dimensions-160-210-cm","10":"pa_dimensions-200-200-cm","11":"pa_dimensions-240-220-cm","12":"pa_dimensions-260-240-cm","13":"pa_dimensions-280-240-cm","14":"pa_grammage-115grs-m","15":"pa_matiere-100-coton","16":"gamme-colombe","17":"matiere-coton","19":"first","20":"instock","21":"sale","22":"taxable","23":"shipping-taxable","24":"purchasable","25":"product-type-variable","26":"has-default-attributes"},"acf":[],"df_price":23.72,"df_sale_price":"","df_regular_price":23.72,"df_image_link":"https:\/\/www.linvosges-hotellerie.com\/wp-content\/uploads\/2020\/12\/linge-de-lit-percale-colombe-coton-115-grs-m2-hotel-professionnel-linvosges-hotellerie-300x300.jpg","_links":{"self":[{"href":"https:\/\/www.linvosges-hotellerie.com\/fr\/wp-json\/wp\/v2\/product\/4602","targetHints":{"allow":["GET"]}}],"collection":[{"href":"https:\/\/www.linvosges-hotellerie.com\/fr\/wp-json\/wp\/v2\/product"}],"about":[{"href":"https:\/\/www.linvosges-hotellerie.com\/fr\/wp-json\/wp\/v2\/types\/product"}],"wp:featuredmedia":[{"embeddable":true,"href":"https:\/\/www.linvosges-hotellerie.com\/fr\/wp-json\/wp\/v2\/media\/4693"}],"wp:attachment":[{"href":"https:\/\/www.linvosges-hotellerie.com\/fr\/wp-json\/wp\/v2\/media?parent=4602"}],"wp:term":[{"taxonomy":"label","embeddable":true,"href":"https:\/\/www.linvosges-hotellerie.com\/fr\/wp-json\/wp\/v2\/label?post=4602"},{"taxonomy":"product_brand","embeddable":true,"href":"https:\/\/www.linvosges-hotellerie.com\/fr\/wp-json\/wp\/v2\/product_brand?post=4602"},{"taxonomy":"product_cat","embeddable":true,"href":"https:\/\/www.linvosges-hotellerie.com\/fr\/wp-json\/wp\/v2\/product_cat?post=4602"},{"taxonomy":"product_tag","embeddable":true,"href":"https:\/\/www.linvosges-hotellerie.com\/fr\/wp-json\/wp\/v2\/product_tag?post=4602"},{"taxonomy":"gamme","embeddable":true,"href":"https:\/\/www.linvosges-hotellerie.com\/fr\/wp-json\/wp\/v2\/gamme?post=4602"},{"taxonomy":"matiere","embeddable":true,"href":"https:\/\/www.linvosges-hotellerie.com\/fr\/wp-json\/wp\/v2\/matiere?post=4602"}],"curies":[{"name":"wp","href":"https:\/\/api.w.org\/{rel}","templated":true}]}}