{"id":4608,"date":"2020-12-16T03:51:31","date_gmt":"2020-12-16T02:51:31","guid":{"rendered":"https:\/\/www.linvosges-hotellerie.fr\/non%20class\u00e9\/taie-forme-sac-portefeuille-percale-prestige\/"},"modified":"2026-04-16T01:14:10","modified_gmt":"2026-04-15T23:14:10","slug":"taie-forme-sac-portefeuille-percale-prestige","status":"publish","type":"product","link":"https:\/\/www.linvosges-hotellerie.com\/fr\/linge-de-lit\/taie-doreiller\/taie-forme-sac-portefeuille-percale-prestige\/","title":{"rendered":"Taie forme sac portefeuille Percale Prestige"},"content":{"rendered":"<p>Taie d&#8217;oreiller en percale 300 filsxin\u00b2 de qualit\u00e9 incomparable. Son tissage de nombreux longs fils tr\u00e8s serr\u00e9s lui conf\u00e8re une grande r\u00e9sistance et un toucher doux.<br \/>\nMati\u00e8re noble par excellence, la fibre de coton est naturellement confortable et r\u00e9sistante<\/p>\n<p>Dimensions taie d&#8217;oreiller carr\u00e9e ou rectangulaire :<br \/>\n60&#215;60, 65&#215;65, 45&#215;70, 50&#215;70, 50&#215;75<\/p>\n<p>Finitions taie d&#8217;oreiller :<br \/>\n&#8211; forme sac avec rabat portefeuille int\u00e9rieur<br \/>\n&#8211; volant piqu\u00e9 de 4cm tout autour avec rabat portefeuille int\u00e9rieur<\/p>\n","protected":false},"excerpt":{"rendered":"<p>Lavage en machine \u00e0 60\u00b0<br \/>\nBlanchiment possible<br \/>\nS\u00e9chage en tambour \u00e0 60\u00b0<br \/>\nRepassage \u00e0 une temp\u00e9rature de 200\u00b0 maximum<br \/>\nNettoyage \u00e0 sec interdit<\/p>\n<p><span class=\"ginetex\"> 4 u s v U <\/span><\/p>\n","protected":false},"featured_media":4710,"template":"","meta":{"_acf_changed":false},"label":[],"product_brand":[],"product_cat":[1490],"product_tag":[],"gamme":[561],"matiere":[784],"class_list":{"0":"post-4608","1":"product","2":"type-product","3":"status-publish","4":"has-post-thumbnail","6":"product_cat-taie-doreiller","7":"pa_couleur-blanc","8":"pa_dimensions-45-70-cm","9":"pa_dimensions-50-70-cm","10":"pa_dimensions-50-75-cm","11":"pa_dimensions-60-60-cm","12":"pa_dimensions-65-65-cm","13":"pa_grammage-120grs-m","14":"pa_matiere-100-coton","15":"gamme-percale-prestige","16":"matiere-coton","18":"first","19":"instock","20":"sale","21":"taxable","22":"shipping-taxable","23":"purchasable","24":"product-type-variable","25":"has-default-attributes"},"acf":[],"df_price":3.55,"df_sale_price":"","df_regular_price":3.55,"df_image_link":"https:\/\/www.linvosges-hotellerie.com\/wp-content\/uploads\/2020\/12\/linge-de-lit-percale-prestige-coton-120-grs-m2-hotel-professionnel-linvosges-hotellerie-3-300x300.jpg","_links":{"self":[{"href":"https:\/\/www.linvosges-hotellerie.com\/fr\/wp-json\/wp\/v2\/product\/4608","targetHints":{"allow":["GET"]}}],"collection":[{"href":"https:\/\/www.linvosges-hotellerie.com\/fr\/wp-json\/wp\/v2\/product"}],"about":[{"href":"https:\/\/www.linvosges-hotellerie.com\/fr\/wp-json\/wp\/v2\/types\/product"}],"wp:featuredmedia":[{"embeddable":true,"href":"https:\/\/www.linvosges-hotellerie.com\/fr\/wp-json\/wp\/v2\/media\/4710"}],"wp:attachment":[{"href":"https:\/\/www.linvosges-hotellerie.com\/fr\/wp-json\/wp\/v2\/media?parent=4608"}],"wp:term":[{"taxonomy":"label","embeddable":true,"href":"https:\/\/www.linvosges-hotellerie.com\/fr\/wp-json\/wp\/v2\/label?post=4608"},{"taxonomy":"product_brand","embeddable":true,"href":"https:\/\/www.linvosges-hotellerie.com\/fr\/wp-json\/wp\/v2\/product_brand?post=4608"},{"taxonomy":"product_cat","embeddable":true,"href":"https:\/\/www.linvosges-hotellerie.com\/fr\/wp-json\/wp\/v2\/product_cat?post=4608"},{"taxonomy":"product_tag","embeddable":true,"href":"https:\/\/www.linvosges-hotellerie.com\/fr\/wp-json\/wp\/v2\/product_tag?post=4608"},{"taxonomy":"gamme","embeddable":true,"href":"https:\/\/www.linvosges-hotellerie.com\/fr\/wp-json\/wp\/v2\/gamme?post=4608"},{"taxonomy":"matiere","embeddable":true,"href":"https:\/\/www.linvosges-hotellerie.com\/fr\/wp-json\/wp\/v2\/matiere?post=4608"}],"curies":[{"name":"wp","href":"https:\/\/api.w.org\/{rel}","templated":true}]}}