{"id":5381,"date":"2020-12-16T05:44:43","date_gmt":"2020-12-16T04:44:43","guid":{"rendered":"https:\/\/www.linvosges-hotellerie.fr\/non%20class\u00e9\/napperon-carre-bolzano\/"},"modified":"2025-04-23T21:32:38","modified_gmt":"2025-04-23T19:32:38","slug":"napperon-carre-bolzano","status":"publish","type":"product","link":"https:\/\/www.linvosges-hotellerie.com\/fr\/la-table\/linge-de-table-sur-mesure\/napperon-carre-bolzano\/","title":{"rendered":"Napperon carr\u00e9 Bolzano"},"content":{"rendered":"<p>Nappage en polylin aux allures rustiques et chics<br \/>\nLe m\u00e9lange de lin et de polyester rend l&#8217;entretien de votre linge plus ais\u00e9, \u00e0 savoir un s\u00e9chage plus rapide et un repassage facilit\u00e9<\/p>\n<p>4 finitions au choix :<br \/>\n&#8211; ourlet simple : piqu\u00e9 \u00e0\u00a0 2cm du bord pour les nappes et \u00e0\u00a0 1cm pour les serviettes &#8211; finition classique traditionnelle<br \/>\n&#8211; coins onglet 2cm : les ourlets de 2cm sont assembl\u00e9s par une couture \u00e0 45\u00b0 pour des pointes parfaites &#8211; finition raffin\u00e9e<br \/>\n&#8211; coins onglet 5cm : les ourlets de 5cm sont assembl\u00e9s par une couture \u00e0 45\u00b0 pour des pointes parfaites &#8211; finition tr\u00e8s raffin\u00e9e<br \/>\n&#8211; biais int\u00e9rieur : biais de 18mm cousu sur l&#8217;envers pour se rendre invisible &#8211; finition r\u00e9serv\u00e9e au nappes rondes pour \u00e9pouser les courbes du tissu<\/p>\n","protected":false},"excerpt":{"rendered":"<p>Lavage en machine \u00e0 70\u00b0<br \/>\nBlanchiment possible<br \/>\nS\u00e9chage en tambour \u00e0 60\u00b0<br \/>\nRepassage \u00e0 une temp\u00e9rature de 200\u00b0 maximum<br \/>\nProduits autoris\u00e9s pour le nettoyage \u00e0 sec : Perchlor\u00e9thyl\u00e8ne, Hydrocarbures<\/p>\n<p><span class=\"ginetex\"> 3 u s v W <\/span><\/p>\n","protected":false},"featured_media":9425,"template":"","meta":{"_acf_changed":false},"label":[],"product_brand":[],"product_cat":[697,602,67,870],"product_tag":[],"gamme":[603],"matiere":[],"class_list":{"0":"post-5381","1":"product","2":"type-product","3":"status-publish","4":"has-post-thumbnail","6":"product_cat-la-table","7":"product_cat-lin-et-metis","8":"product_cat-linge-de-table-sur-mesure","9":"product_cat-nappe-sur-mesure","10":"pa_couleur-blanc","11":"pa_couleur-marengo","12":"pa_couleur-naturel","13":"pa_couleur-perle","14":"pa_couleur-sauvage","15":"pa_dimensions-90x90-cm","16":"pa_finition-coins-onglet-2-cm","17":"pa_finition-coins-onglet-5-cm","18":"pa_finition-ourlet-simple","19":"pa_grammage-237-grs-m","20":"pa_matiere-45-lin-55-polyester","21":"gamme-bolzano","23":"first","24":"instock","25":"taxable","26":"shipping-taxable","27":"purchasable","28":"product-type-variable","29":"has-default-attributes"},"acf":[],"df_price":"","df_sale_price":"","df_regular_price":"","df_image_link":"https:\/\/www.linvosges-hotellerie.com\/wp-content\/uploads\/2020\/12\/linge-de-table-bolzano-45-pour-cent-lin-55-pour-cent-polyester-237-grs-m2-professionnel-restaurant-linvosges-hotellerie-300x300.jpg","_links":{"self":[{"href":"https:\/\/www.linvosges-hotellerie.com\/fr\/wp-json\/wp\/v2\/product\/5381","targetHints":{"allow":["GET"]}}],"collection":[{"href":"https:\/\/www.linvosges-hotellerie.com\/fr\/wp-json\/wp\/v2\/product"}],"about":[{"href":"https:\/\/www.linvosges-hotellerie.com\/fr\/wp-json\/wp\/v2\/types\/product"}],"wp:featuredmedia":[{"embeddable":true,"href":"https:\/\/www.linvosges-hotellerie.com\/fr\/wp-json\/wp\/v2\/media\/9425"}],"wp:attachment":[{"href":"https:\/\/www.linvosges-hotellerie.com\/fr\/wp-json\/wp\/v2\/media?parent=5381"}],"wp:term":[{"taxonomy":"label","embeddable":true,"href":"https:\/\/www.linvosges-hotellerie.com\/fr\/wp-json\/wp\/v2\/label?post=5381"},{"taxonomy":"product_brand","embeddable":true,"href":"https:\/\/www.linvosges-hotellerie.com\/fr\/wp-json\/wp\/v2\/product_brand?post=5381"},{"taxonomy":"product_cat","embeddable":true,"href":"https:\/\/www.linvosges-hotellerie.com\/fr\/wp-json\/wp\/v2\/product_cat?post=5381"},{"taxonomy":"product_tag","embeddable":true,"href":"https:\/\/www.linvosges-hotellerie.com\/fr\/wp-json\/wp\/v2\/product_tag?post=5381"},{"taxonomy":"gamme","embeddable":true,"href":"https:\/\/www.linvosges-hotellerie.com\/fr\/wp-json\/wp\/v2\/gamme?post=5381"},{"taxonomy":"matiere","embeddable":true,"href":"https:\/\/www.linvosges-hotellerie.com\/fr\/wp-json\/wp\/v2\/matiere?post=5381"}],"curies":[{"name":"wp","href":"https:\/\/api.w.org\/{rel}","templated":true}]}}