{"id":57212,"date":"2024-07-29T12:53:37","date_gmt":"2024-07-29T10:53:37","guid":{"rendered":"https:\/\/www.linvosges-hotellerie.com\/?post_type=product&#038;p=57212"},"modified":"2026-05-10T00:13:34","modified_gmt":"2026-05-09T22:13:34","slug":"carre-eponge-spa-sweet-life","status":"publish","type":"product","link":"https:\/\/www.linvosges-hotellerie.com\/fr\/eponges\/spa-piscine\/carre-eponge-spa-sweet-life\/","title":{"rendered":"Carr\u00e9 \u00e9ponge Spa Sweet life"},"content":{"rendered":"<p>Ce carr\u00e9 \u00e9ponge, d\u00e9di\u00e9 au bien-\u00eatre, est confectionn\u00e9 en \u00e9ponge microfibre blanche. \u00c0 la fois l\u00e9ger, pour un co\u00fbt d\u2019entretien en blanchisserie r\u00e9duit, il est aussi super absorbant. Son s\u00e9chage rapide, gr\u00e2ce \u00e0 sa composition coton\/polyester, vient compl\u00e9ter ses atouts afin de satisfaire les exigences professionnelles.<br \/>\nFinition biais polyester tout autour et double piq\u00fbre<\/p>\n","protected":false},"excerpt":{"rendered":"<p>Lavage en machine \u00e0 60\u00b0<br \/>\nBlanchiment autoris\u00e9<br \/>\nS\u00e9chage en tambour \u00e0 60\u00b0<br \/>\nRepassage \u00e0 une temp\u00e9rature de 110\u00b0 maximum sans vapeur<br \/>\nNettoyage \u00e0 sec interdit<\/p>\n<p><span class=\"ginetex\"> 4 u s n U <\/span><\/p>\n","protected":false},"featured_media":57260,"template":"","meta":{"_acf_changed":false},"label":[],"product_brand":[],"product_cat":[46,58,57],"product_tag":[],"gamme":[810],"matiere":[793],"class_list":{"0":"post-57212","1":"product","2":"type-product","3":"status-publish","4":"has-post-thumbnail","6":"product_cat-eponges","7":"product_cat-linge-de-bain","8":"product_cat-spa-piscine","9":"pa_couleur-blanc","10":"pa_couleur-cappuccino","11":"pa_couleur-chocolat","12":"pa_dimensions-30x30-cm","13":"pa_grammage-300grs-m","14":"pa_matiere-50-coton-50-polyester-2","15":"gamme-sweet-life","16":"matiere-polycoton","18":"first","19":"instock","20":"taxable","21":"shipping-taxable","22":"purchasable","23":"product-type-variable","24":"has-default-attributes"},"acf":[],"df_price":2.47,"df_sale_price":"","df_regular_price":2.47,"df_image_link":"https:\/\/www.linvosges-hotellerie.com\/wp-content\/uploads\/2024\/07\/carre-eponge-sweet-life-spa-hotel-professionnel-linvosges-hotellerie_1-300x300.png","_links":{"self":[{"href":"https:\/\/www.linvosges-hotellerie.com\/fr\/wp-json\/wp\/v2\/product\/57212","targetHints":{"allow":["GET"]}}],"collection":[{"href":"https:\/\/www.linvosges-hotellerie.com\/fr\/wp-json\/wp\/v2\/product"}],"about":[{"href":"https:\/\/www.linvosges-hotellerie.com\/fr\/wp-json\/wp\/v2\/types\/product"}],"wp:featuredmedia":[{"embeddable":true,"href":"https:\/\/www.linvosges-hotellerie.com\/fr\/wp-json\/wp\/v2\/media\/57260"}],"wp:attachment":[{"href":"https:\/\/www.linvosges-hotellerie.com\/fr\/wp-json\/wp\/v2\/media?parent=57212"}],"wp:term":[{"taxonomy":"label","embeddable":true,"href":"https:\/\/www.linvosges-hotellerie.com\/fr\/wp-json\/wp\/v2\/label?post=57212"},{"taxonomy":"product_brand","embeddable":true,"href":"https:\/\/www.linvosges-hotellerie.com\/fr\/wp-json\/wp\/v2\/product_brand?post=57212"},{"taxonomy":"product_cat","embeddable":true,"href":"https:\/\/www.linvosges-hotellerie.com\/fr\/wp-json\/wp\/v2\/product_cat?post=57212"},{"taxonomy":"product_tag","embeddable":true,"href":"https:\/\/www.linvosges-hotellerie.com\/fr\/wp-json\/wp\/v2\/product_tag?post=57212"},{"taxonomy":"gamme","embeddable":true,"href":"https:\/\/www.linvosges-hotellerie.com\/fr\/wp-json\/wp\/v2\/gamme?post=57212"},{"taxonomy":"matiere","embeddable":true,"href":"https:\/\/www.linvosges-hotellerie.com\/fr\/wp-json\/wp\/v2\/matiere?post=57212"}],"curies":[{"name":"wp","href":"https:\/\/api.w.org\/{rel}","templated":true}]}}