{"id":57266,"date":"2024-07-30T10:33:31","date_gmt":"2024-07-30T08:33:31","guid":{"rendered":"https:\/\/www.linvosges-hotellerie.com\/?post_type=product&#038;p=57266"},"modified":"2026-05-13T00:07:16","modified_gmt":"2026-05-12T22:07:16","slug":"mules-sweet-life-confort","status":"publish","type":"product","link":"https:\/\/www.linvosges-hotellerie.com\/fr\/eponges\/spa-piscine\/mules\/mules-sweet-life-confort\/","title":{"rendered":"Mules Sweet life confort"},"content":{"rendered":"<p>D\u00e9di\u00e9es au bien-\u00eatre, ces mules con\u00e7ues pour les espaces de d\u00e9tente spa et piscine sont confectionn\u00e9es en \u00e9ponge microfibre ultra douce. Elles permettent de garder les pieds au chaud et au sec \u00e0 la sortie du sauna ou entre deux soins. De plus, la semelle \u00e9paisse et antid\u00e9rapante offre un v\u00e9ritable confort suppl\u00e9mentaire.<\/p>\n<p>Les mod\u00e8les cappuccino et chocolat sont ferm\u00e9s, et le mod\u00e8le blanc est ouvert.<\/p>\n","protected":false},"excerpt":{"rendered":"<p>Lavage en machine interdit<br \/>\nChlore et agents de blanchiment interdit<br \/>\nS\u00e8che linge interdit<br \/>\nRepassage interdit<br \/>\nNettoyage \u00e0 sec interdit<\/p>\n<p><span class=\"ginetex\"> z o d m U <\/span><\/p>\n","protected":false},"featured_media":57333,"template":"","meta":{"_acf_changed":false},"label":[],"product_brand":[],"product_cat":[713,855],"product_tag":[],"gamme":[810],"matiere":[784,787],"class_list":{"0":"post-57266","1":"product","2":"type-product","3":"status-publish","4":"has-post-thumbnail","6":"product_cat-conseil-expert","7":"product_cat-mules","8":"pa_couleur-blanc","9":"pa_couleur-cappuccino","10":"pa_couleur-chocolat","11":"pa_dimensions-taille-38","12":"pa_dimensions-taille-43","13":"pa_grammage-300grs-m","14":"pa_matiere-50-coton-50-polyester-2","15":"gamme-sweet-life","16":"matiere-coton","17":"matiere-polyester","19":"first","20":"instock","21":"taxable","22":"shipping-taxable","23":"purchasable","24":"product-type-variable","25":"has-default-attributes"},"acf":[],"df_price":8.8,"df_sale_price":"","df_regular_price":8.8,"df_image_link":"https:\/\/www.linvosges-hotellerie.com\/wp-content\/uploads\/2024\/07\/mule-semelle-epaisse-sweet-life-hotel-spa-professionnel-300x300.jpg","_links":{"self":[{"href":"https:\/\/www.linvosges-hotellerie.com\/fr\/wp-json\/wp\/v2\/product\/57266","targetHints":{"allow":["GET"]}}],"collection":[{"href":"https:\/\/www.linvosges-hotellerie.com\/fr\/wp-json\/wp\/v2\/product"}],"about":[{"href":"https:\/\/www.linvosges-hotellerie.com\/fr\/wp-json\/wp\/v2\/types\/product"}],"wp:featuredmedia":[{"embeddable":true,"href":"https:\/\/www.linvosges-hotellerie.com\/fr\/wp-json\/wp\/v2\/media\/57333"}],"wp:attachment":[{"href":"https:\/\/www.linvosges-hotellerie.com\/fr\/wp-json\/wp\/v2\/media?parent=57266"}],"wp:term":[{"taxonomy":"label","embeddable":true,"href":"https:\/\/www.linvosges-hotellerie.com\/fr\/wp-json\/wp\/v2\/label?post=57266"},{"taxonomy":"product_brand","embeddable":true,"href":"https:\/\/www.linvosges-hotellerie.com\/fr\/wp-json\/wp\/v2\/product_brand?post=57266"},{"taxonomy":"product_cat","embeddable":true,"href":"https:\/\/www.linvosges-hotellerie.com\/fr\/wp-json\/wp\/v2\/product_cat?post=57266"},{"taxonomy":"product_tag","embeddable":true,"href":"https:\/\/www.linvosges-hotellerie.com\/fr\/wp-json\/wp\/v2\/product_tag?post=57266"},{"taxonomy":"gamme","embeddable":true,"href":"https:\/\/www.linvosges-hotellerie.com\/fr\/wp-json\/wp\/v2\/gamme?post=57266"},{"taxonomy":"matiere","embeddable":true,"href":"https:\/\/www.linvosges-hotellerie.com\/fr\/wp-json\/wp\/v2\/matiere?post=57266"}],"curies":[{"name":"wp","href":"https:\/\/api.w.org\/{rel}","templated":true}]}}