{"id":57822,"date":"2024-09-30T15:37:51","date_gmt":"2024-09-30T13:37:51","guid":{"rendered":"https:\/\/www.linvosges-hotellerie.com\/?post_type=product&#038;p=57822"},"modified":"2025-11-13T12:02:31","modified_gmt":"2025-11-13T11:02:31","slug":"housse-de-couette-morphee","status":"publish","type":"product","link":"https:\/\/www.linvosges-hotellerie.com\/fr\/housse-de-couette\/housse-de-couette-morphee\/","title":{"rendered":"Housse de couette Morph\u00e9e"},"content":{"rendered":"<p>Housse de couette 1 face seersucker x 1 face percale.<\/p>\n<p>Le tissu seersucker aux teintes douces et min\u00e9rales conf\u00e8re \u00e0 notre gamme Morph\u00e9e une originalit\u00e9 qui distinguera vos chambres. Le relief gaufr\u00e9 du tissu permet une meilleure circulation de l\u2019air, id\u00e9ale pour les nuits chaudes d\u2019\u00e9t\u00e9. Gr\u00e2ce \u00e0 la fibre de coton, nos produits sont naturellement doux et agr\u00e9ables au toucher. De plus, la r\u00e9sistance inh\u00e9rente \u00e0 cette fibre assure une long\u00e9vit\u00e9 aux taies, draps housse et housses de couette de cette gamme au repassage superflu !<\/p>\n<p>Forme sac ouvert + passe-mains<br \/>\nLes finitions de nos housses de couettes sont \u00e9tudi\u00e9es pour s\u2019adapter \u00e0 un usage professionnel. La confection forme sac ouvert sur toute la largeur ainsi que les 2 passe-mains \u00e0 la t\u00eate permettent une mise en place ais\u00e9e. Les 2 faces sont assembl\u00e9es par un surjet bourdon blanc sur les c\u00f4t\u00e9s et \u00e0 la t\u00eate pour se conformer \u00e0 l\u2019entretien en blanchisserie, notamment au passage en calandre. Un surjet bourdon de couleur au pied permet d\u2019identifier rapidement le bas de la housse mais \u00e9galement de distinguer les diff\u00e9rentes tailles.<\/p>\n<p>Coloris fil en fonction des dimensions :<br \/>\n140&#215;200 : rouge<br \/>\n160&#215;210 : bleu<br \/>\n240&#215;220 : orange<br \/>\n260&#215;240 : vert<br \/>\n280&#215;240 : gris<\/p>\n","protected":false},"excerpt":{"rendered":"<p>Lavage en machine \u00e0 60\u00b0<br \/>\nChlore et agents de blanchiment interdit<br \/>\nS\u00e9chage en tambour \u00e0 60\u00b0<br \/>\nRepassage \u00e0 une temp\u00e9rature de 150\u00b0 maximum<br \/>\nNettoyage \u00e0 sec interdit<\/p>\n<p><span class=\"ginetex\"> 4 o s b U <\/span><\/p>\n","protected":false},"featured_media":57888,"template":"","meta":{"_acf_changed":false},"label":[],"product_brand":[],"product_cat":[858],"product_tag":[3293],"gamme":[3271],"matiere":[784],"class_list":{"0":"post-57822","1":"product","2":"type-product","3":"status-publish","4":"has-post-thumbnail","6":"product_cat-housse-de-couette","7":"product_tag-broderie","8":"pa_couleur-blanc","9":"pa_couleur-brume","10":"pa_couleur-naturel","11":"pa_dimensions-140-200-cm","12":"pa_dimensions-160-210-cm","13":"pa_dimensions-240-220-cm","14":"pa_dimensions-260-240-cm","15":"pa_dimensions-280-240-cm","16":"pa_grammage-120grs-m","17":"pa_matiere-100-coton","18":"gamme-morphee","19":"matiere-coton","21":"first","22":"instock","23":"taxable","24":"shipping-taxable","25":"purchasable","26":"product-type-variable","27":"has-default-attributes"},"acf":[],"df_price":39.86,"df_sale_price":"","df_regular_price":39.86,"df_image_link":"https:\/\/www.linvosges-hotellerie.com\/wp-content\/uploads\/2024\/09\/housse-de-couette-morphee-seersucker-hotel-professionnel-linvosges-hotellerie-300x300.jpg","_links":{"self":[{"href":"https:\/\/www.linvosges-hotellerie.com\/fr\/wp-json\/wp\/v2\/product\/57822","targetHints":{"allow":["GET"]}}],"collection":[{"href":"https:\/\/www.linvosges-hotellerie.com\/fr\/wp-json\/wp\/v2\/product"}],"about":[{"href":"https:\/\/www.linvosges-hotellerie.com\/fr\/wp-json\/wp\/v2\/types\/product"}],"wp:featuredmedia":[{"embeddable":true,"href":"https:\/\/www.linvosges-hotellerie.com\/fr\/wp-json\/wp\/v2\/media\/57888"}],"wp:attachment":[{"href":"https:\/\/www.linvosges-hotellerie.com\/fr\/wp-json\/wp\/v2\/media?parent=57822"}],"wp:term":[{"taxonomy":"label","embeddable":true,"href":"https:\/\/www.linvosges-hotellerie.com\/fr\/wp-json\/wp\/v2\/label?post=57822"},{"taxonomy":"product_brand","embeddable":true,"href":"https:\/\/www.linvosges-hotellerie.com\/fr\/wp-json\/wp\/v2\/product_brand?post=57822"},{"taxonomy":"product_cat","embeddable":true,"href":"https:\/\/www.linvosges-hotellerie.com\/fr\/wp-json\/wp\/v2\/product_cat?post=57822"},{"taxonomy":"product_tag","embeddable":true,"href":"https:\/\/www.linvosges-hotellerie.com\/fr\/wp-json\/wp\/v2\/product_tag?post=57822"},{"taxonomy":"gamme","embeddable":true,"href":"https:\/\/www.linvosges-hotellerie.com\/fr\/wp-json\/wp\/v2\/gamme?post=57822"},{"taxonomy":"matiere","embeddable":true,"href":"https:\/\/www.linvosges-hotellerie.com\/fr\/wp-json\/wp\/v2\/matiere?post=57822"}],"curies":[{"name":"wp","href":"https:\/\/api.w.org\/{rel}","templated":true}]}}