{"id":57835,"date":"2024-09-30T15:38:00","date_gmt":"2024-09-30T13:38:00","guid":{"rendered":"https:\/\/www.linvosges-hotellerie.com\/?post_type=product&#038;p=57835"},"modified":"2025-11-13T12:01:25","modified_gmt":"2025-11-13T11:01:25","slug":"taie-sac-portefeuille-morphee","status":"publish","type":"product","link":"https:\/\/www.linvosges-hotellerie.com\/fr\/linge-de-lit\/coton\/taie-sac-portefeuille-morphee\/","title":{"rendered":"Taie sac portefeuille Morph\u00e9e"},"content":{"rendered":"<p>Taie d&#8217;oreiller 1 face seersucker x 1 face percale lisse.<\/p>\n<p>Le tissu seersucker aux teintes douces et min\u00e9rales conf\u00e8re \u00e0 notre gamme Morph\u00e9e une originalit\u00e9 qui distinguera vos chambres. Le relief gaufr\u00e9 du tissu permet une meilleure circulation de l\u2019air, id\u00e9ale pour les nuits chaudes d\u2019\u00e9t\u00e9. Gr\u00e2ce \u00e0 la fibre de coton, nos produits sont naturellement doux et agr\u00e9ables au toucher. De plus, la r\u00e9sistance inh\u00e9rente \u00e0 cette fibre assure une long\u00e9vit\u00e9 aux taies, draps housse et housses de couette de cette gamme au repassage superflu !<\/p>\n<p>Dimensions taie d&#8217;oreiller carr\u00e9e ou rectangulaire :<br \/>\n65&#215;65, 50&#215;70<\/p>\n<p>Finitions taie d&#8217;oreiller :<br \/>\n&#8211; forme sac avec rabat portefeuille int\u00e9rieur<\/p>\n","protected":false},"excerpt":{"rendered":"<p>Lavage en machine \u00e0 60\u00b0<br \/>\nChlore et agents de blanchiment interdit<br \/>\nS\u00e9chage en tambour \u00e0 60\u00b0<br \/>\nRepassage \u00e0 une temp\u00e9rature de 150\u00b0 maximum<br \/>\nNettoyage \u00e0 sec interdit<\/p>\n<p><span class=\"ginetex\"> 4 o s b U <\/span><\/p>\n","protected":false},"featured_media":57930,"template":"","meta":{"_acf_changed":false},"label":[],"product_brand":[],"product_cat":[543,31,1490],"product_tag":[3293],"gamme":[3271],"matiere":[784],"class_list":{"0":"post-57835","1":"product","2":"type-product","3":"status-publish","4":"has-post-thumbnail","6":"product_cat-coton","7":"product_cat-linge-de-lit","8":"product_cat-taie-doreiller","9":"product_tag-broderie","10":"pa_couleur-blanc","11":"pa_couleur-brume","12":"pa_couleur-naturel","13":"pa_dimensions-50-70-cm","14":"pa_dimensions-65-65-cm","15":"pa_grammage-120grs-m","16":"pa_matiere-100-coton","17":"gamme-morphee","18":"matiere-coton","20":"first","21":"instock","22":"taxable","23":"shipping-taxable","24":"purchasable","25":"product-type-variable","26":"has-default-attributes"},"acf":[],"df_price":8.44,"df_sale_price":"","df_regular_price":8.44,"df_image_link":"https:\/\/www.linvosges-hotellerie.com\/wp-content\/uploads\/2024\/09\/taie-d-oreiller-morphee-seersucker-hotel-professionnel-linvosges-hotellerie-300x300.jpg","_links":{"self":[{"href":"https:\/\/www.linvosges-hotellerie.com\/fr\/wp-json\/wp\/v2\/product\/57835","targetHints":{"allow":["GET"]}}],"collection":[{"href":"https:\/\/www.linvosges-hotellerie.com\/fr\/wp-json\/wp\/v2\/product"}],"about":[{"href":"https:\/\/www.linvosges-hotellerie.com\/fr\/wp-json\/wp\/v2\/types\/product"}],"wp:featuredmedia":[{"embeddable":true,"href":"https:\/\/www.linvosges-hotellerie.com\/fr\/wp-json\/wp\/v2\/media\/57930"}],"wp:attachment":[{"href":"https:\/\/www.linvosges-hotellerie.com\/fr\/wp-json\/wp\/v2\/media?parent=57835"}],"wp:term":[{"taxonomy":"label","embeddable":true,"href":"https:\/\/www.linvosges-hotellerie.com\/fr\/wp-json\/wp\/v2\/label?post=57835"},{"taxonomy":"product_brand","embeddable":true,"href":"https:\/\/www.linvosges-hotellerie.com\/fr\/wp-json\/wp\/v2\/product_brand?post=57835"},{"taxonomy":"product_cat","embeddable":true,"href":"https:\/\/www.linvosges-hotellerie.com\/fr\/wp-json\/wp\/v2\/product_cat?post=57835"},{"taxonomy":"product_tag","embeddable":true,"href":"https:\/\/www.linvosges-hotellerie.com\/fr\/wp-json\/wp\/v2\/product_tag?post=57835"},{"taxonomy":"gamme","embeddable":true,"href":"https:\/\/www.linvosges-hotellerie.com\/fr\/wp-json\/wp\/v2\/gamme?post=57835"},{"taxonomy":"matiere","embeddable":true,"href":"https:\/\/www.linvosges-hotellerie.com\/fr\/wp-json\/wp\/v2\/matiere?post=57835"}],"curies":[{"name":"wp","href":"https:\/\/api.w.org\/{rel}","templated":true}]}}