{"id":6073,"date":"2020-12-16T05:45:41","date_gmt":"2020-12-16T04:45:41","guid":{"rendered":"https:\/\/www.linvosges-hotellerie.fr\/non%20class\u00e9\/nappe-ronde-bari\/"},"modified":"2025-04-23T21:31:37","modified_gmt":"2025-04-23T19:31:37","slug":"nappe-ronde-bari","status":"publish","type":"product","link":"https:\/\/www.linvosges-hotellerie.com\/fr\/la-table\/linge-de-table-sur-mesure\/nappe-ronde-bari\/","title":{"rendered":"Nappe ronde Bari"},"content":{"rendered":"<p>Nappage en polyester souple au toucher coton.<br \/>\nAppr\u00e9ci\u00e9 pour sa facilit\u00e9 d&#8217;entretien, le nappage polyester s\u00e9duit par sa fluidit\u00e9<\/p>\n<p>4 finitions au choix :<br \/>\n&#8211; ourlet simple : piqu\u00e9 \u00e0\u00a0 2cm du bord pour les nappes et \u00e0\u00a0 1cm pour les serviettes &#8211; finition classique traditionnelle<br \/>\n&#8211; coins onglet 2cm : les ourlets de 2cm sont assembl\u00e9s par une couture \u00e0 45\u00b0 pour des pointes parfaites &#8211; finition raffin\u00e9e<br \/>\n&#8211; coins onglet 5cm : les ourlets de 5cm sont assembl\u00e9s par une couture \u00e0 45\u00b0 pour des pointes parfaites &#8211; finition tr\u00e8s raffin\u00e9e<br \/>\n&#8211; biais int\u00e9rieur : biais de 18mm cousu sur l&#8217;envers pour se rendre invisible &#8211; finition r\u00e9serv\u00e9e au nappes rondes pour \u00e9pouser les courbes du tissu<\/p>\n","protected":false},"excerpt":{"rendered":"<p>Lavage en machine \u00e0 70\u00b0<br \/>\nBlanchiment possible<br \/>\nS\u00e9chage en tambour \u00e0 60\u00b0<br \/>\nRepassage \u00e0 une temp\u00e9rature de 200\u00b0 maximum<br \/>\nProduits autoris\u00e9s pour le nettoyage \u00e0 sec : Perchlor\u00e9thyl\u00e8ne, Hydrocarbures<\/p>\n<p><span class=\"ginetex\"> 3 u s v W <\/span><\/p>\n","protected":false},"featured_media":9601,"template":"","meta":{"_acf_changed":false},"label":[],"product_brand":[],"product_cat":[697,67,870,611],"product_tag":[],"gamme":[619],"matiere":[787],"class_list":{"0":"post-6073","1":"product","2":"type-product","3":"status-publish","4":"has-post-thumbnail","6":"product_cat-la-table","7":"product_cat-linge-de-table-sur-mesure","8":"product_cat-nappe-sur-mesure","9":"product_cat-polyester","10":"pa_couleur-anthracite","11":"pa_couleur-blanc","12":"pa_couleur-gris","13":"pa_couleur-naturel","14":"pa_couleur-noir","15":"pa_couleur-pierre","16":"pa_couleur-rouge","17":"pa_dimensions-diametre-130","18":"pa_dimensions-diametre-180","19":"pa_dimensions-diametre-210","20":"pa_finition-biais-interieur","21":"pa_grammage-215grs-m","22":"pa_matiere-100-polyester","23":"gamme-bari","24":"matiere-polyester","26":"first","27":"outofstock","28":"taxable","29":"shipping-taxable","30":"product-type-variable","31":"has-default-attributes"},"acf":[],"df_price":"","df_sale_price":"","df_regular_price":"","df_image_link":"https:\/\/www.linvosges-hotellerie.com\/wp-content\/uploads\/2020\/12\/nappe-ronde-bari-polyester-215-grs-m2-professionnel-restaurant-linvosges-hotellerie-1-300x300.jpg","_links":{"self":[{"href":"https:\/\/www.linvosges-hotellerie.com\/fr\/wp-json\/wp\/v2\/product\/6073","targetHints":{"allow":["GET"]}}],"collection":[{"href":"https:\/\/www.linvosges-hotellerie.com\/fr\/wp-json\/wp\/v2\/product"}],"about":[{"href":"https:\/\/www.linvosges-hotellerie.com\/fr\/wp-json\/wp\/v2\/types\/product"}],"wp:featuredmedia":[{"embeddable":true,"href":"https:\/\/www.linvosges-hotellerie.com\/fr\/wp-json\/wp\/v2\/media\/9601"}],"wp:attachment":[{"href":"https:\/\/www.linvosges-hotellerie.com\/fr\/wp-json\/wp\/v2\/media?parent=6073"}],"wp:term":[{"taxonomy":"label","embeddable":true,"href":"https:\/\/www.linvosges-hotellerie.com\/fr\/wp-json\/wp\/v2\/label?post=6073"},{"taxonomy":"product_brand","embeddable":true,"href":"https:\/\/www.linvosges-hotellerie.com\/fr\/wp-json\/wp\/v2\/product_brand?post=6073"},{"taxonomy":"product_cat","embeddable":true,"href":"https:\/\/www.linvosges-hotellerie.com\/fr\/wp-json\/wp\/v2\/product_cat?post=6073"},{"taxonomy":"product_tag","embeddable":true,"href":"https:\/\/www.linvosges-hotellerie.com\/fr\/wp-json\/wp\/v2\/product_tag?post=6073"},{"taxonomy":"gamme","embeddable":true,"href":"https:\/\/www.linvosges-hotellerie.com\/fr\/wp-json\/wp\/v2\/gamme?post=6073"},{"taxonomy":"matiere","embeddable":true,"href":"https:\/\/www.linvosges-hotellerie.com\/fr\/wp-json\/wp\/v2\/matiere?post=6073"}],"curies":[{"name":"wp","href":"https:\/\/api.w.org\/{rel}","templated":true}]}}