{"id":61914,"date":"2025-11-03T07:55:33","date_gmt":"2025-11-03T06:55:33","guid":{"rendered":"https:\/\/www.linvosges-hotellerie.com\/?post_type=product&#038;p=61914"},"modified":"2025-11-18T09:24:41","modified_gmt":"2025-11-18T08:24:41","slug":"taie-forme-sac-eden","status":"publish","type":"product","link":"https:\/\/www.linvosges-hotellerie.com\/fr\/linge-de-lit\/taie-doreiller\/taie-forme-sac-eden\/","title":{"rendered":"Taie forme sac Eden"},"content":{"rendered":"<p>Cette taie d&#8217;oreiller est id\u00e9ale pour un usage intensif dans les \u00e9tablissements h\u00f4teliers. Le m\u00e9lange polyester\/coton permet d\u2019obtenir une toile douce et r\u00e9sistante gr\u00e2ce au coton, ainsi qu\u2019un temps de s\u00e9chage r\u00e9duit et un repassage facilit\u00e9 par l\u2019apport du polyester.<\/p>\n<p>Dimensions taie d&#8217;oreiller rectangulaire ou carr\u00e9e :<br \/>\n50&#215;75, 65&#215;65<\/p>\n<p>Finition forme sac avec rabat portefeuille int\u00e9rieur<\/p>\n<p>Conditionnement par <strong>carton de 100 taies<\/strong> d&#8217;oreiller<\/p>\n<p>&nbsp;<\/p>\n<p>Traitement Beirtex \u00ae\ufe0f<\/p>\n<p>Cette technologie innovante est utilis\u00e9e pour am\u00e9liorer la durabilit\u00e9 et la performance des textiles<br \/>\nCaract\u00e9ristiques :<br \/>\n1. R\u00e9sistance aux Taches : BeirTex \u00ae offre une protection efficace contre les taches, ce qui est essentiel pour le linge d\u2019h\u00f4tel soumis \u00e0 un usage intensif. Cela aide \u00e0 maintenir une apparence propre et fra\u00eeche, m\u00eame apr\u00e8s plusieurs lavages.<br \/>\n2. Facilit\u00e9 d\u2019Entretien : Les textiles trait\u00e9s avec BeirTex\u00ae sont plus faciles \u00e0 nettoyer, ce qui r\u00e9duit le temps et les efforts n\u00e9cessaires pour l\u2019entretien. On note \u00e9galement une r\u00e9duction du temps de s\u00e9chage. Un gain particuli\u00e8rement b\u00e9n\u00e9fique pour les blanchisseurs qui cherchent \u00e0 optimiser leurs processus.<br \/>\n3. Durabilit\u00e9 : Ce traitement renforce la r\u00e9sistance des tissus \u00e0 l\u2019usure, prolongeant ainsi leur dur\u00e9e de vie. Cela se traduit par des \u00e9conomies \u00e0 long terme pour les \u00e9tablissements h\u00f4teliers, qui n\u2019ont pas \u00e0 remplacer le linge aussi fr\u00e9quemment.<br \/>\n4. Confort : La technique de filage unique BeirTex \u00ae enroule des fibres de coton autour d\u2019un noyau en polyester pour une sensation de coton douce et agr\u00e9able pour la peau. En plus de ses propri\u00e9t\u00e9s techniques, Beirtex pr\u00e9serve donc la douceur et le confort des textiles, garantissant une exp\u00e9rience agr\u00e9able pour vos clients.<\/p>\n<p>&nbsp;<\/p>\n","protected":false},"excerpt":{"rendered":"<p>Lavage en machine \u00e0 95\u00b0<br \/>\nBlanchiment possible<br \/>\nS\u00e9chage en tambour \u00e0 60\u00b0<br \/>\nRepassage \u00e0 une temp\u00e9rature de 200\u00b0 maximum<br \/>\nNettoyage \u00e0 sec interdit<\/p>\n<p><span class=\"ginetex\">2 u s v U<\/span><\/p>\n","protected":false},"featured_media":64554,"template":"","meta":{"_acf_changed":false},"label":[3331],"product_brand":[],"product_cat":[31,1490],"product_tag":[],"gamme":[3296],"matiere":[793],"class_list":{"0":"post-61914","1":"product","2":"type-product","3":"status-publish","4":"has-post-thumbnail","6":"label-nouveau","7":"product_cat-linge-de-lit","8":"product_cat-taie-doreiller","9":"pa_couleur-blanc","10":"pa_dimensions-50-75-cm","11":"pa_dimensions-65-65-cm","12":"pa_grammage-130grs-m","13":"pa_matiere-52-polyester-48-coton","14":"gamme-eden","15":"matiere-polycoton","17":"first","18":"instock","19":"taxable","20":"shipping-taxable","21":"purchasable","22":"product-type-variable","23":"has-default-attributes"},"acf":[],"df_price":156,"df_sale_price":"","df_regular_price":156,"df_image_link":"https:\/\/www.linvosges-hotellerie.com\/wp-content\/uploads\/2025\/05\/linge-de-lit-eden-lave-puce-professionnel-blanchisseur-linvosges-hotelllerie-300x300.jpg","_links":{"self":[{"href":"https:\/\/www.linvosges-hotellerie.com\/fr\/wp-json\/wp\/v2\/product\/61914","targetHints":{"allow":["GET"]}}],"collection":[{"href":"https:\/\/www.linvosges-hotellerie.com\/fr\/wp-json\/wp\/v2\/product"}],"about":[{"href":"https:\/\/www.linvosges-hotellerie.com\/fr\/wp-json\/wp\/v2\/types\/product"}],"wp:featuredmedia":[{"embeddable":true,"href":"https:\/\/www.linvosges-hotellerie.com\/fr\/wp-json\/wp\/v2\/media\/64554"}],"wp:attachment":[{"href":"https:\/\/www.linvosges-hotellerie.com\/fr\/wp-json\/wp\/v2\/media?parent=61914"}],"wp:term":[{"taxonomy":"label","embeddable":true,"href":"https:\/\/www.linvosges-hotellerie.com\/fr\/wp-json\/wp\/v2\/label?post=61914"},{"taxonomy":"product_brand","embeddable":true,"href":"https:\/\/www.linvosges-hotellerie.com\/fr\/wp-json\/wp\/v2\/product_brand?post=61914"},{"taxonomy":"product_cat","embeddable":true,"href":"https:\/\/www.linvosges-hotellerie.com\/fr\/wp-json\/wp\/v2\/product_cat?post=61914"},{"taxonomy":"product_tag","embeddable":true,"href":"https:\/\/www.linvosges-hotellerie.com\/fr\/wp-json\/wp\/v2\/product_tag?post=61914"},{"taxonomy":"gamme","embeddable":true,"href":"https:\/\/www.linvosges-hotellerie.com\/fr\/wp-json\/wp\/v2\/gamme?post=61914"},{"taxonomy":"matiere","embeddable":true,"href":"https:\/\/www.linvosges-hotellerie.com\/fr\/wp-json\/wp\/v2\/matiere?post=61914"}],"curies":[{"name":"wp","href":"https:\/\/api.w.org\/{rel}","templated":true}]}}