{"id":62094,"date":"2025-10-01T11:54:27","date_gmt":"2025-10-01T09:54:27","guid":{"rendered":"https:\/\/www.linvosges-hotellerie.com\/?post_type=product&#038;p=62094"},"modified":"2025-12-01T09:49:10","modified_gmt":"2025-12-01T08:49:10","slug":"peignoir-balneo-kimono-nid-dabeille","status":"publish","type":"product","link":"https:\/\/www.linvosges-hotellerie.com\/fr\/eponges\/spa-piscine\/peignoir-balneo-kimono-nid-dabeille\/","title":{"rendered":"Peignoir BALNEO kimono Nid D&#8217;abeille"},"content":{"rendered":"<p>Peignoir en pur coton nid d&#8217;abeille 200 g\/m\u00b2, \u00e0 la fois l\u00e9ger et absorbant. Con\u00e7u avec un col kimono, il dispose de deux poches basses, d\u2019un attache-cou et se ferme \u00e0 la taille gr\u00e2ce \u00e0 une ceinture \u00e0 passants.<br data-start=\"282\" data-end=\"285\" \/>Un accessoire essentiel pour offrir \u00e0 vos clients une touche de confort suppl\u00e9mentaire dans la salle de bain ou l\u2019espace bien-\u00eatre. Son faible grammage facilite un s\u00e9chage rapide et optimise le rangement en lingerie.<\/p>\n<p>Tailles : M, L, XL<\/p>\n<p>Coloris : blanc, sable<\/p>\n","protected":false},"excerpt":{"rendered":"<p>Lavage en machine \u00e0 60\u00b0<br \/>\nBlanchiment interdit<br \/>\nS\u00e9chage en tambour \u00e0 60\u00b0<br \/>\nRepassage \u00e0 une temp\u00e9rature de 150\u00b0 maximum<br \/>\nNettoyage \u00e0 sec interdit<\/p>\n<div class=\"ginetex\">4 o s b U<\/div>\n","protected":false},"featured_media":3781,"template":"","meta":{"_acf_changed":false},"label":[3331],"product_brand":[],"product_cat":[46,413,57],"product_tag":[],"gamme":[3307],"matiere":[784],"class_list":{"0":"post-62094","1":"product","2":"type-product","3":"status-publish","4":"has-post-thumbnail","6":"label-nouveau","7":"product_cat-eponges","8":"product_cat-peignoir","9":"product_cat-spa-piscine","10":"pa_couleur-blanc","11":"pa_couleur-sable","12":"pa_dimensions-l","13":"pa_dimensions-m","14":"pa_dimensions-xl","15":"pa_grammage-200grs-m","16":"pa_matiere-100-coton","17":"gamme-balneo","18":"matiere-coton","20":"first","21":"instock","22":"taxable","23":"shipping-taxable","24":"purchasable","25":"product-type-variable"},"acf":[],"df_price":31.6,"df_sale_price":"","df_regular_price":31.6,"df_image_link":"https:\/\/www.linvosges-hotellerie.com\/wp-content\/uploads\/2020\/12\/peignoir-kimono-spa-nid-d-abeille-200-grs-m2-hotel-professionnel-linvosges-hotellerie-300x300.jpg","_links":{"self":[{"href":"https:\/\/www.linvosges-hotellerie.com\/fr\/wp-json\/wp\/v2\/product\/62094","targetHints":{"allow":["GET"]}}],"collection":[{"href":"https:\/\/www.linvosges-hotellerie.com\/fr\/wp-json\/wp\/v2\/product"}],"about":[{"href":"https:\/\/www.linvosges-hotellerie.com\/fr\/wp-json\/wp\/v2\/types\/product"}],"wp:featuredmedia":[{"embeddable":true,"href":"https:\/\/www.linvosges-hotellerie.com\/fr\/wp-json\/wp\/v2\/media\/3781"}],"wp:attachment":[{"href":"https:\/\/www.linvosges-hotellerie.com\/fr\/wp-json\/wp\/v2\/media?parent=62094"}],"wp:term":[{"taxonomy":"label","embeddable":true,"href":"https:\/\/www.linvosges-hotellerie.com\/fr\/wp-json\/wp\/v2\/label?post=62094"},{"taxonomy":"product_brand","embeddable":true,"href":"https:\/\/www.linvosges-hotellerie.com\/fr\/wp-json\/wp\/v2\/product_brand?post=62094"},{"taxonomy":"product_cat","embeddable":true,"href":"https:\/\/www.linvosges-hotellerie.com\/fr\/wp-json\/wp\/v2\/product_cat?post=62094"},{"taxonomy":"product_tag","embeddable":true,"href":"https:\/\/www.linvosges-hotellerie.com\/fr\/wp-json\/wp\/v2\/product_tag?post=62094"},{"taxonomy":"gamme","embeddable":true,"href":"https:\/\/www.linvosges-hotellerie.com\/fr\/wp-json\/wp\/v2\/gamme?post=62094"},{"taxonomy":"matiere","embeddable":true,"href":"https:\/\/www.linvosges-hotellerie.com\/fr\/wp-json\/wp\/v2\/matiere?post=62094"}],"curies":[{"name":"wp","href":"https:\/\/api.w.org\/{rel}","templated":true}]}}