{"id":6451,"date":"2020-12-16T05:46:18","date_gmt":"2020-12-16T04:46:18","guid":{"rendered":"https:\/\/www.linvosges-hotellerie.fr\/non%20class\u00e9\/nappe-ronde-enduite-lino\/"},"modified":"2025-04-23T21:35:44","modified_gmt":"2025-04-23T19:35:44","slug":"nappe-ronde-enduite-lino","status":"publish","type":"product","link":"https:\/\/www.linvosges-hotellerie.com\/fr\/la-table\/linge-de-table-sur-mesure\/nappe-ronde-enduite-lino\/","title":{"rendered":"Nappe ronde enduite Lino"},"content":{"rendered":"<p>Un enduit souple et facile d&#8217;entretien laissant appara\u00eetre les fibres du m\u00e9tis pour un c\u00f4t\u00e9 rustique<br \/>\nCe nappage offre un beau compromis entre la nappe en tissu pour un tomb\u00e9 souple et la toile cir\u00e9e pour un entretien facile \u00e0 l&#8217;\u00e9ponge<\/p>\n<p>3 finitions au choix :<br \/>\n&#8211; ourlet simple : piqu\u00e9 \u00e0\u00a0 2cm du bord pour les nappes &#8211; finition classique traditionnelle<br \/>\n&#8211; coins onglet 2cm : les ourlets de 2cm sont assembl\u00e9s par une couture \u00e0 45\u00b0 pour des pointes parfaites &#8211; finition raffin\u00e9e<br \/>\n&#8211; biais int\u00e9rieur : biais de 18mm cousu sur l&#8217;envers pour se rendre invisible &#8211; finition r\u00e9serv\u00e9e au nappes rondes pour \u00e9pouser les courbes du tissu<\/p>\n","protected":false},"excerpt":{"rendered":"<p>Lavage en machine \u00e0 30\u00b0<br \/>\nChlore et agents de blanchiment interdit<br \/>\nS\u00e9chage en machine interdit<br \/>\nRepassage \u00e0 une temp\u00e9rature de 110\u00b0 maximum sans vapeur<br \/>\nProduits autoris\u00e9s pour le nettoyage \u00e0 sec : Perchlor\u00e9thyl\u00e8ne, Hydrocarbures<\/p>\n<p><span class=\"ginetex\"> w o d n W <\/span><\/p>\n","protected":false},"featured_media":11032,"template":"","meta":{"_acf_changed":false},"label":[],"product_brand":[],"product_cat":[621,697,67,870],"product_tag":[],"gamme":[626],"matiere":[],"class_list":{"0":"post-6451","1":"product","2":"type-product","3":"status-publish","4":"has-post-thumbnail","6":"product_cat-enduit","7":"product_cat-la-table","8":"product_cat-linge-de-table-sur-mesure","9":"product_cat-nappe-sur-mesure","10":"pa_couleur-anis","11":"pa_couleur-bleu","12":"pa_couleur-bordeaux","13":"pa_couleur-corde","14":"pa_couleur-framboise","15":"pa_couleur-gris","16":"pa_couleur-lin","17":"pa_couleur-orange","18":"pa_couleur-perle","19":"pa_dimensions-diametre-130","20":"pa_finition-biais-interieur","21":"pa_grammage-190grs-m","22":"pa_matiere-55-lin-45-coton","23":"gamme-lino","25":"first","26":"outofstock","27":"taxable","28":"shipping-taxable","29":"product-type-variable","30":"has-default-attributes"},"acf":[],"df_price":"","df_sale_price":"","df_regular_price":"","df_image_link":"https:\/\/www.linvosges-hotellerie.com\/wp-content\/uploads\/2021\/01\/linge-de-table-lino-anis-professionnel-restaurant-linvosges-hotellerie-professionnel-restaurant-4-300x300.jpg","_links":{"self":[{"href":"https:\/\/www.linvosges-hotellerie.com\/fr\/wp-json\/wp\/v2\/product\/6451","targetHints":{"allow":["GET"]}}],"collection":[{"href":"https:\/\/www.linvosges-hotellerie.com\/fr\/wp-json\/wp\/v2\/product"}],"about":[{"href":"https:\/\/www.linvosges-hotellerie.com\/fr\/wp-json\/wp\/v2\/types\/product"}],"wp:featuredmedia":[{"embeddable":true,"href":"https:\/\/www.linvosges-hotellerie.com\/fr\/wp-json\/wp\/v2\/media\/11032"}],"wp:attachment":[{"href":"https:\/\/www.linvosges-hotellerie.com\/fr\/wp-json\/wp\/v2\/media?parent=6451"}],"wp:term":[{"taxonomy":"label","embeddable":true,"href":"https:\/\/www.linvosges-hotellerie.com\/fr\/wp-json\/wp\/v2\/label?post=6451"},{"taxonomy":"product_brand","embeddable":true,"href":"https:\/\/www.linvosges-hotellerie.com\/fr\/wp-json\/wp\/v2\/product_brand?post=6451"},{"taxonomy":"product_cat","embeddable":true,"href":"https:\/\/www.linvosges-hotellerie.com\/fr\/wp-json\/wp\/v2\/product_cat?post=6451"},{"taxonomy":"product_tag","embeddable":true,"href":"https:\/\/www.linvosges-hotellerie.com\/fr\/wp-json\/wp\/v2\/product_tag?post=6451"},{"taxonomy":"gamme","embeddable":true,"href":"https:\/\/www.linvosges-hotellerie.com\/fr\/wp-json\/wp\/v2\/gamme?post=6451"},{"taxonomy":"matiere","embeddable":true,"href":"https:\/\/www.linvosges-hotellerie.com\/fr\/wp-json\/wp\/v2\/matiere?post=6451"}],"curies":[{"name":"wp","href":"https:\/\/api.w.org\/{rel}","templated":true}]}}