{"id":64781,"date":"2025-11-14T10:46:40","date_gmt":"2025-11-14T09:46:40","guid":{"rendered":"https:\/\/www.linvosges-hotellerie.com\/?post_type=product&#038;p=64781"},"modified":"2025-11-14T11:20:39","modified_gmt":"2025-11-14T10:20:39","slug":"taie-sac-portefeuille-nuages","status":"publish","type":"product","link":"https:\/\/www.linvosges-hotellerie.com\/fr\/linge-de-lit\/polycoton\/taie-sac-portefeuille-nuages\/","title":{"rendered":"Taie sac portefeuille Nuages"},"content":{"rendered":"<p>Taie d&#8217;oreiller en seersucker<\/p>\n<p>Apportez une note de fraicheur et d&#8217;\u00e9l\u00e9gance avec cette gamme d&#8217;un blanc lumineux en polycoton gaufr\u00e9. Son relief subtil permet une mise en place rapide sans repassage tout en conservant une allure soign\u00e9e.<\/p>\n<p>Dimensions taie d&#8217;oreiller carr\u00e9e ou rectangulaire :<br \/>\n65&#215;65, 50&#215;70<\/p>\n<p>Finitions taie d&#8217;oreiller :<br \/>\n&#8211; forme sac avec rabat portefeuille int\u00e9rieur<\/p>\n","protected":false},"excerpt":{"rendered":"<p>Lavage en machine \u00e0 60\u00b0<br \/>\nChlore et agents de blanchiment interdit<br \/>\nS\u00e9chage en tambour \u00e0 60\u00b0<br \/>\nRepassage superflu<br \/>\nProduits autoris\u00e9s pour le nettoyage \u00e0 sec : Hydrocarbures<\/p>\n<p><span class=\"ginetex\">4 o s m E<\/span><\/p>\n","protected":false},"featured_media":64785,"template":"","meta":{"_acf_changed":false},"label":[],"product_brand":[],"product_cat":[698,1490],"product_tag":[],"gamme":[3330],"matiere":[793],"class_list":{"0":"post-64781","1":"product","2":"type-product","3":"status-publish","4":"has-post-thumbnail","6":"product_cat-polycoton","7":"product_cat-taie-doreiller","8":"pa_couleur-blanc","9":"pa_dimensions-50-70-cm","10":"pa_dimensions-65-65-cm","11":"pa_grammage-135grs-m","12":"pa_matiere-70-coton-30-polyester","13":"gamme-nuages","14":"matiere-polycoton","16":"first","17":"instock","18":"taxable","19":"shipping-taxable","20":"purchasable","21":"product-type-variable","22":"has-default-attributes"},"acf":[],"df_price":4,"df_sale_price":"","df_regular_price":4,"df_image_link":"https:\/\/www.linvosges-hotellerie.com\/wp-content\/uploads\/2025\/11\/Taie-d-oreiller-seersucker-nuages-polycoton-linvosges-hotellerie-300x300.jpg","_links":{"self":[{"href":"https:\/\/www.linvosges-hotellerie.com\/fr\/wp-json\/wp\/v2\/product\/64781","targetHints":{"allow":["GET"]}}],"collection":[{"href":"https:\/\/www.linvosges-hotellerie.com\/fr\/wp-json\/wp\/v2\/product"}],"about":[{"href":"https:\/\/www.linvosges-hotellerie.com\/fr\/wp-json\/wp\/v2\/types\/product"}],"wp:featuredmedia":[{"embeddable":true,"href":"https:\/\/www.linvosges-hotellerie.com\/fr\/wp-json\/wp\/v2\/media\/64785"}],"wp:attachment":[{"href":"https:\/\/www.linvosges-hotellerie.com\/fr\/wp-json\/wp\/v2\/media?parent=64781"}],"wp:term":[{"taxonomy":"label","embeddable":true,"href":"https:\/\/www.linvosges-hotellerie.com\/fr\/wp-json\/wp\/v2\/label?post=64781"},{"taxonomy":"product_brand","embeddable":true,"href":"https:\/\/www.linvosges-hotellerie.com\/fr\/wp-json\/wp\/v2\/product_brand?post=64781"},{"taxonomy":"product_cat","embeddable":true,"href":"https:\/\/www.linvosges-hotellerie.com\/fr\/wp-json\/wp\/v2\/product_cat?post=64781"},{"taxonomy":"product_tag","embeddable":true,"href":"https:\/\/www.linvosges-hotellerie.com\/fr\/wp-json\/wp\/v2\/product_tag?post=64781"},{"taxonomy":"gamme","embeddable":true,"href":"https:\/\/www.linvosges-hotellerie.com\/fr\/wp-json\/wp\/v2\/gamme?post=64781"},{"taxonomy":"matiere","embeddable":true,"href":"https:\/\/www.linvosges-hotellerie.com\/fr\/wp-json\/wp\/v2\/matiere?post=64781"}],"curies":[{"name":"wp","href":"https:\/\/api.w.org\/{rel}","templated":true}]}}