{"id":64840,"date":"2025-11-17T09:27:02","date_gmt":"2025-11-17T08:27:02","guid":{"rendered":"https:\/\/www.linvosges-hotellerie.com\/?post_type=product&#038;p=64840"},"modified":"2026-05-12T00:03:56","modified_gmt":"2026-05-11T22:03:56","slug":"coussin-velours-embrun","status":"publish","type":"product","link":"https:\/\/www.linvosges-hotellerie.com\/fr\/decoration\/coussin\/coussin-velours-embrun\/","title":{"rendered":"Coussin velours Embrun"},"content":{"rendered":"<p>Coussin d\u00e9coratif en velours textur\u00e9, disponible en 2 coloris.<br \/>\nFinition d\u00e9houssable par zip pour faciliter son entretien<\/p>\n","protected":false},"excerpt":{"rendered":"<p>Lavage en machine \u00e0 30\u00b0<br \/>\nChlore et agents de blanchiment interdit<br \/>\nS\u00e8che linge interdit<br \/>\nRepassage interdit<br \/>\nProduits autoris\u00e9s pour le nettoyage \u00e0 sec : Perchlor\u00e9thyl\u00e8ne, Hydrocarbures<\/p>\n<p><span class=\"ginetex\"> w o d m E <\/span><\/p>\n","protected":false},"featured_media":64842,"template":"","meta":{"_acf_changed":false},"label":[3331],"product_brand":[],"product_cat":[713,452,25],"product_tag":[],"gamme":[3327],"matiere":[787],"class_list":{"0":"post-64840","1":"product","2":"type-product","3":"status-publish","4":"has-post-thumbnail","6":"label-nouveau","7":"product_cat-conseil-expert","8":"product_cat-coussin","9":"product_cat-decoration","10":"pa_couleur-anthracite","11":"pa_couleur-perle","12":"pa_dimensions-40-40-cm","13":"pa_grammage-310grs-m","14":"pa_matiere-100-polyester","15":"gamme-embrun","16":"matiere-polyester","18":"first","19":"instock","20":"taxable","21":"shipping-taxable","22":"purchasable","23":"product-type-variable","24":"has-default-attributes"},"acf":[],"df_price":13.47,"df_sale_price":"","df_regular_price":13.47,"df_image_link":"https:\/\/www.linvosges-hotellerie.com\/wp-content\/uploads\/2025\/11\/Coussin-deco-dehoussable-embrun-anthracite-hotel-professionnel-linvosges-hotellerie-300x300.jpg","_links":{"self":[{"href":"https:\/\/www.linvosges-hotellerie.com\/fr\/wp-json\/wp\/v2\/product\/64840","targetHints":{"allow":["GET"]}}],"collection":[{"href":"https:\/\/www.linvosges-hotellerie.com\/fr\/wp-json\/wp\/v2\/product"}],"about":[{"href":"https:\/\/www.linvosges-hotellerie.com\/fr\/wp-json\/wp\/v2\/types\/product"}],"wp:featuredmedia":[{"embeddable":true,"href":"https:\/\/www.linvosges-hotellerie.com\/fr\/wp-json\/wp\/v2\/media\/64842"}],"wp:attachment":[{"href":"https:\/\/www.linvosges-hotellerie.com\/fr\/wp-json\/wp\/v2\/media?parent=64840"}],"wp:term":[{"taxonomy":"label","embeddable":true,"href":"https:\/\/www.linvosges-hotellerie.com\/fr\/wp-json\/wp\/v2\/label?post=64840"},{"taxonomy":"product_brand","embeddable":true,"href":"https:\/\/www.linvosges-hotellerie.com\/fr\/wp-json\/wp\/v2\/product_brand?post=64840"},{"taxonomy":"product_cat","embeddable":true,"href":"https:\/\/www.linvosges-hotellerie.com\/fr\/wp-json\/wp\/v2\/product_cat?post=64840"},{"taxonomy":"product_tag","embeddable":true,"href":"https:\/\/www.linvosges-hotellerie.com\/fr\/wp-json\/wp\/v2\/product_tag?post=64840"},{"taxonomy":"gamme","embeddable":true,"href":"https:\/\/www.linvosges-hotellerie.com\/fr\/wp-json\/wp\/v2\/gamme?post=64840"},{"taxonomy":"matiere","embeddable":true,"href":"https:\/\/www.linvosges-hotellerie.com\/fr\/wp-json\/wp\/v2\/matiere?post=64840"}],"curies":[{"name":"wp","href":"https:\/\/api.w.org\/{rel}","templated":true}]}}