{"id":64841,"date":"2025-11-17T09:26:54","date_gmt":"2025-11-17T08:26:54","guid":{"rendered":"https:\/\/www.linvosges-hotellerie.com\/?post_type=product&#038;p=64841"},"modified":"2025-11-17T10:11:45","modified_gmt":"2025-11-17T09:11:45","slug":"chemin-de-lit-velours-embrun","status":"publish","type":"product","link":"https:\/\/www.linvosges-hotellerie.com\/fr\/decoration\/chemin-de-lit\/chemin-de-lit-velours-embrun\/","title":{"rendered":"Chemin de lit velours Embrun"},"content":{"rendered":"<p>Chemin de lit d\u00e9coratif en velours textur\u00e9, disponible en 2 coloris.<br \/>\nPiq\u00fbre en encadrement \u00e0 8cm<br \/>\nGarnissage ouate 150 grs, finition large ganse coins onglets tout autour<\/p>\n","protected":false},"excerpt":{"rendered":"<p>Lavage en machine \u00e0 30\u00b0<br \/>\nChlore et agents de blanchiment interdit<br \/>\nS\u00e8che linge interdit<br \/>\nRepassage interdit<br \/>\nProduits autoris\u00e9s pour le nettoyage \u00e0 sec : Perchlor\u00e9thyl\u00e8ne, Hydrocarbures<\/p>\n<p><span class=\"ginetex\"> w o d m E <\/span><\/p>\n","protected":false},"featured_media":64850,"template":"","meta":{"_acf_changed":false},"label":[3331],"product_brand":[],"product_cat":[462,713,25],"product_tag":[],"gamme":[3327],"matiere":[787],"class_list":{"0":"post-64841","1":"product","2":"type-product","3":"status-publish","4":"has-post-thumbnail","6":"label-nouveau","7":"product_cat-chemin-de-lit","8":"product_cat-conseil-expert","9":"product_cat-decoration","10":"pa_couleur-anthracite","11":"pa_couleur-perle","12":"pa_dimensions-60-150-cm","13":"pa_dimensions-60-220-cm","14":"pa_grammage-310grs-m","15":"pa_matiere-100-polyester","16":"gamme-embrun","17":"matiere-polyester","19":"first","20":"instock","21":"taxable","22":"shipping-taxable","23":"purchasable","24":"product-type-variable","25":"has-default-attributes"},"acf":[],"df_price":36.89,"df_sale_price":"","df_regular_price":36.89,"df_image_link":"https:\/\/www.linvosges-hotellerie.com\/wp-content\/uploads\/2025\/11\/chemin-de-lit-deco-embrun-hotel-professionnel-linvosges-hotellerie-300x300.jpg","_links":{"self":[{"href":"https:\/\/www.linvosges-hotellerie.com\/fr\/wp-json\/wp\/v2\/product\/64841","targetHints":{"allow":["GET"]}}],"collection":[{"href":"https:\/\/www.linvosges-hotellerie.com\/fr\/wp-json\/wp\/v2\/product"}],"about":[{"href":"https:\/\/www.linvosges-hotellerie.com\/fr\/wp-json\/wp\/v2\/types\/product"}],"wp:featuredmedia":[{"embeddable":true,"href":"https:\/\/www.linvosges-hotellerie.com\/fr\/wp-json\/wp\/v2\/media\/64850"}],"wp:attachment":[{"href":"https:\/\/www.linvosges-hotellerie.com\/fr\/wp-json\/wp\/v2\/media?parent=64841"}],"wp:term":[{"taxonomy":"label","embeddable":true,"href":"https:\/\/www.linvosges-hotellerie.com\/fr\/wp-json\/wp\/v2\/label?post=64841"},{"taxonomy":"product_brand","embeddable":true,"href":"https:\/\/www.linvosges-hotellerie.com\/fr\/wp-json\/wp\/v2\/product_brand?post=64841"},{"taxonomy":"product_cat","embeddable":true,"href":"https:\/\/www.linvosges-hotellerie.com\/fr\/wp-json\/wp\/v2\/product_cat?post=64841"},{"taxonomy":"product_tag","embeddable":true,"href":"https:\/\/www.linvosges-hotellerie.com\/fr\/wp-json\/wp\/v2\/product_tag?post=64841"},{"taxonomy":"gamme","embeddable":true,"href":"https:\/\/www.linvosges-hotellerie.com\/fr\/wp-json\/wp\/v2\/gamme?post=64841"},{"taxonomy":"matiere","embeddable":true,"href":"https:\/\/www.linvosges-hotellerie.com\/fr\/wp-json\/wp\/v2\/matiere?post=64841"}],"curies":[{"name":"wp","href":"https:\/\/api.w.org\/{rel}","templated":true}]}}