{"id":64860,"date":"2025-11-17T10:07:07","date_gmt":"2025-11-17T09:07:07","guid":{"rendered":"https:\/\/www.linvosges-hotellerie.com\/?post_type=product&#038;p=64860"},"modified":"2026-02-01T10:32:41","modified_gmt":"2026-02-01T09:32:41","slug":"peignoir-eponge-parenthese","status":"publish","type":"product","link":"https:\/\/www.linvosges-hotellerie.com\/fr\/eponges\/peignoir\/peignoir-eponge-parenthese\/","title":{"rendered":"Peignoir \u00e9ponge Parenth\u00e8se"},"content":{"rendered":"<p>Un peignoir \u00e0 capuche absorbant id\u00e9al pour offrir \u00e0 vos h\u00f4tes un cocon douillet<br \/>\nConfectionn\u00e9 en \u00e9ponge 450grs\/m\u00b2, il est muni de 2 poches basses, d&#8217;un attache cou et se noue \u00e0 la taille par une ceinture \u00e0 passants.<\/p>\n","protected":false},"excerpt":{"rendered":"<p>Lavage en machine \u00e0 60\u00b0<br \/>\nBlanchiment possible<br \/>\nS\u00e9chage en tambour \u00e0 60\u00b0<br \/>\nRepassage \u00e0 une temp\u00e9rature de 200\u00b0 maximum<br \/>\nNettoyage \u00e0 sec interdit<\/p>\n<p><span class=\"ginetex\"> 4 u s v U <\/span><\/p>\n","protected":false},"featured_media":64865,"template":"","meta":{"_acf_changed":false},"label":[],"product_brand":[],"product_cat":[3344,46,413,714],"product_tag":[3286],"gamme":[3328],"matiere":[784],"class_list":{"0":"post-64860","1":"product","2":"type-product","3":"status-publish","4":"has-post-thumbnail","6":"product_cat-le-blanc","7":"product_cat-eponges","8":"product_cat-peignoir","9":"product_cat-vous-aimerez","10":"product_tag-sans-oekotex","11":"pa_couleur-blanc","12":"pa_dimensions-l","13":"pa_dimensions-m","14":"pa_dimensions-s","15":"pa_dimensions-xl","16":"pa_grammage-450grs-m","17":"pa_matiere-100-coton","18":"gamme-parenthese","19":"matiere-coton","21":"first","22":"instock","23":"taxable","24":"shipping-taxable","25":"purchasable","26":"product-type-variable","27":"has-default-attributes"},"acf":[],"df_price":32.37,"df_sale_price":"","df_regular_price":32.37,"df_image_link":"https:\/\/www.linvosges-hotellerie.com\/wp-content\/uploads\/2025\/11\/peignoir-a-capuche-parenthese-hotel-spa-professionnel-linvosges-hotellerie-300x300.jpeg","_links":{"self":[{"href":"https:\/\/www.linvosges-hotellerie.com\/fr\/wp-json\/wp\/v2\/product\/64860","targetHints":{"allow":["GET"]}}],"collection":[{"href":"https:\/\/www.linvosges-hotellerie.com\/fr\/wp-json\/wp\/v2\/product"}],"about":[{"href":"https:\/\/www.linvosges-hotellerie.com\/fr\/wp-json\/wp\/v2\/types\/product"}],"wp:featuredmedia":[{"embeddable":true,"href":"https:\/\/www.linvosges-hotellerie.com\/fr\/wp-json\/wp\/v2\/media\/64865"}],"wp:attachment":[{"href":"https:\/\/www.linvosges-hotellerie.com\/fr\/wp-json\/wp\/v2\/media?parent=64860"}],"wp:term":[{"taxonomy":"label","embeddable":true,"href":"https:\/\/www.linvosges-hotellerie.com\/fr\/wp-json\/wp\/v2\/label?post=64860"},{"taxonomy":"product_brand","embeddable":true,"href":"https:\/\/www.linvosges-hotellerie.com\/fr\/wp-json\/wp\/v2\/product_brand?post=64860"},{"taxonomy":"product_cat","embeddable":true,"href":"https:\/\/www.linvosges-hotellerie.com\/fr\/wp-json\/wp\/v2\/product_cat?post=64860"},{"taxonomy":"product_tag","embeddable":true,"href":"https:\/\/www.linvosges-hotellerie.com\/fr\/wp-json\/wp\/v2\/product_tag?post=64860"},{"taxonomy":"gamme","embeddable":true,"href":"https:\/\/www.linvosges-hotellerie.com\/fr\/wp-json\/wp\/v2\/gamme?post=64860"},{"taxonomy":"matiere","embeddable":true,"href":"https:\/\/www.linvosges-hotellerie.com\/fr\/wp-json\/wp\/v2\/matiere?post=64860"}],"curies":[{"name":"wp","href":"https:\/\/api.w.org\/{rel}","templated":true}]}}