{"id":64897,"date":"2025-11-17T11:29:54","date_gmt":"2025-11-17T10:29:54","guid":{"rendered":"https:\/\/www.linvosges-hotellerie.com\/?post_type=product&#038;p=64897"},"modified":"2026-05-02T00:04:19","modified_gmt":"2026-05-01T22:04:19","slug":"bandeau-spa-sweet-life","status":"publish","type":"product","link":"https:\/\/www.linvosges-hotellerie.com\/fr\/eponges\/spa-piscine\/bandeau-spa-sweet-life\/","title":{"rendered":"Bandeau Spa Sweet life"},"content":{"rendered":"<p>Ce bandeau ajustable en \u00e9ponge microfibre compl\u00e8te notre gamme Sweet life, \u00e9tudi\u00e9e pour les espaces spa bien-\u00eatre et instituts de beaut\u00e9.<br \/>\nFermeture par velcro, finition biais polyester tout autour et double piq\u00fbre<br \/>\n\u00c0 la fois l\u00e9ger, pour un co\u00fbt d\u2019entretien en blanchisserie r\u00e9duit, il est aussi super absorbant. Son s\u00e9chage rapide, gr\u00e2ce \u00e0 sa composition coton\/polyester, vient compl\u00e9ter ses atouts afin de satisfaire les exigences professionnelles.<\/p>\n<p>Dimensions : 9cm de large \/ 63cm de long<\/p>\n<p>&nbsp;<\/p>\n","protected":false},"excerpt":{"rendered":"<p>Lavage en machine \u00e0 60\u00b0<br \/>\nBlanchiment autoris\u00e9<br \/>\nS\u00e9chage en tambour \u00e0 60\u00b0<br \/>\nRepassage \u00e0 une temp\u00e9rature de 110\u00b0 maximum sans vapeur<br \/>\nNettoyage \u00e0 sec interdit<\/p>\n<p><span class=\"ginetex\"> 4 u s n U <\/span><\/p>\n","protected":false},"featured_media":64898,"template":"","meta":{"_acf_changed":false},"label":[3331],"product_brand":[],"product_cat":[46,58,57],"product_tag":[],"gamme":[810],"matiere":[793],"class_list":{"0":"post-64897","1":"product","2":"type-product","3":"status-publish","4":"has-post-thumbnail","6":"label-nouveau","7":"product_cat-eponges","8":"product_cat-linge-de-bain","9":"product_cat-spa-piscine","10":"pa_couleur-blanc","11":"pa_couleur-cappuccino","12":"pa_couleur-chocolat","13":"pa_dimensions-taille-unique","14":"pa_grammage-300grs-m","15":"pa_matiere-50-coton-50-polyester-2","16":"gamme-sweet-life","17":"matiere-polycoton","19":"first","20":"instock","21":"taxable","22":"shipping-taxable","23":"purchasable","24":"product-type-variable","25":"has-default-attributes"},"acf":[],"df_price":2.21,"df_sale_price":"","df_regular_price":2.21,"df_image_link":"https:\/\/www.linvosges-hotellerie.com\/wp-content\/uploads\/2025\/11\/bandeau-sweet-life-microfibre-hotel-professionnel-linvosges-hotellerie-300x300.jpg","_links":{"self":[{"href":"https:\/\/www.linvosges-hotellerie.com\/fr\/wp-json\/wp\/v2\/product\/64897","targetHints":{"allow":["GET"]}}],"collection":[{"href":"https:\/\/www.linvosges-hotellerie.com\/fr\/wp-json\/wp\/v2\/product"}],"about":[{"href":"https:\/\/www.linvosges-hotellerie.com\/fr\/wp-json\/wp\/v2\/types\/product"}],"wp:featuredmedia":[{"embeddable":true,"href":"https:\/\/www.linvosges-hotellerie.com\/fr\/wp-json\/wp\/v2\/media\/64898"}],"wp:attachment":[{"href":"https:\/\/www.linvosges-hotellerie.com\/fr\/wp-json\/wp\/v2\/media?parent=64897"}],"wp:term":[{"taxonomy":"label","embeddable":true,"href":"https:\/\/www.linvosges-hotellerie.com\/fr\/wp-json\/wp\/v2\/label?post=64897"},{"taxonomy":"product_brand","embeddable":true,"href":"https:\/\/www.linvosges-hotellerie.com\/fr\/wp-json\/wp\/v2\/product_brand?post=64897"},{"taxonomy":"product_cat","embeddable":true,"href":"https:\/\/www.linvosges-hotellerie.com\/fr\/wp-json\/wp\/v2\/product_cat?post=64897"},{"taxonomy":"product_tag","embeddable":true,"href":"https:\/\/www.linvosges-hotellerie.com\/fr\/wp-json\/wp\/v2\/product_tag?post=64897"},{"taxonomy":"gamme","embeddable":true,"href":"https:\/\/www.linvosges-hotellerie.com\/fr\/wp-json\/wp\/v2\/gamme?post=64897"},{"taxonomy":"matiere","embeddable":true,"href":"https:\/\/www.linvosges-hotellerie.com\/fr\/wp-json\/wp\/v2\/matiere?post=64897"}],"curies":[{"name":"wp","href":"https:\/\/api.w.org\/{rel}","templated":true}]}}