{"id":64929,"date":"2025-11-17T17:40:16","date_gmt":"2025-11-17T16:40:16","guid":{"rendered":"https:\/\/www.linvosges-hotellerie.com\/?post_type=product&#038;p=64929"},"modified":"2025-11-17T17:40:17","modified_gmt":"2025-11-17T16:40:17","slug":"cache-sommier-maestro","status":"publish","type":"product","link":"https:\/\/www.linvosges-hotellerie.com\/fr\/decoration\/cache-sommier\/cache-sommier-maestro\/","title":{"rendered":"Cache-sommier Maestro"},"content":{"rendered":"<p>Cache-sommier en velours ras, occultant pieds de lit et sommier avec \u00e9l\u00e9gance, pour un rendu raffin\u00e9 et structur\u00e9.<br \/>\nFinition 4 volants hauteur 30cm, pieds boite \u00e0 la t\u00eate, plis creux aux pieds avec retour10cm sur plateau peau de p\u00eache<\/p>\n","protected":false},"excerpt":{"rendered":"<p>Lavage en machine \u00e0 30\u00b0 d\u00e9licat<br \/>\nChlore et agents de blanchiment interdit<br \/>\nS\u00e8che linge interdit<br \/>\nRepassage interdit<br \/>\nProduits autoris\u00e9s pour le nettoyage \u00e0 sec : Perchlor\u00e9thyl\u00e8ne, Hydrocarbures<\/p>\n<p><span class=\"ginetex\"> e o d m W <\/span><\/p>\n","protected":false},"featured_media":64936,"template":"","meta":{"_acf_changed":false},"label":[3331],"product_brand":[],"product_cat":[494,25],"product_tag":[],"gamme":[3325],"matiere":[787],"class_list":{"0":"post-64929","1":"product","2":"type-product","3":"status-publish","4":"has-post-thumbnail","6":"label-nouveau","7":"product_cat-cache-sommier","8":"product_cat-decoration","9":"pa_couleur-anthracite","10":"pa_couleur-gris-clair","11":"pa_dimensions-140-190-cm","12":"pa_dimensions-160-200-cm","13":"pa_dimensions-180x200-cm","14":"pa_dimensions-80-200-cm","15":"pa_dimensions-90-190-cm","16":"pa_dimensions-90-200-cm","17":"pa_grammage-500grs-m","18":"pa_matiere-100-polyester","19":"gamme-maestro","20":"matiere-polyester","22":"first","23":"instock","24":"taxable","25":"shipping-taxable","26":"purchasable","27":"product-type-variable","28":"has-default-attributes"},"acf":[],"df_price":61.26,"df_sale_price":"","df_regular_price":61.26,"df_image_link":"https:\/\/www.linvosges-hotellerie.com\/wp-content\/uploads\/2025\/11\/cache-sommier-maestro-hotel-professionnel-linvosges-hotellerie-300x300.jpeg","_links":{"self":[{"href":"https:\/\/www.linvosges-hotellerie.com\/fr\/wp-json\/wp\/v2\/product\/64929","targetHints":{"allow":["GET"]}}],"collection":[{"href":"https:\/\/www.linvosges-hotellerie.com\/fr\/wp-json\/wp\/v2\/product"}],"about":[{"href":"https:\/\/www.linvosges-hotellerie.com\/fr\/wp-json\/wp\/v2\/types\/product"}],"wp:featuredmedia":[{"embeddable":true,"href":"https:\/\/www.linvosges-hotellerie.com\/fr\/wp-json\/wp\/v2\/media\/64936"}],"wp:attachment":[{"href":"https:\/\/www.linvosges-hotellerie.com\/fr\/wp-json\/wp\/v2\/media?parent=64929"}],"wp:term":[{"taxonomy":"label","embeddable":true,"href":"https:\/\/www.linvosges-hotellerie.com\/fr\/wp-json\/wp\/v2\/label?post=64929"},{"taxonomy":"product_brand","embeddable":true,"href":"https:\/\/www.linvosges-hotellerie.com\/fr\/wp-json\/wp\/v2\/product_brand?post=64929"},{"taxonomy":"product_cat","embeddable":true,"href":"https:\/\/www.linvosges-hotellerie.com\/fr\/wp-json\/wp\/v2\/product_cat?post=64929"},{"taxonomy":"product_tag","embeddable":true,"href":"https:\/\/www.linvosges-hotellerie.com\/fr\/wp-json\/wp\/v2\/product_tag?post=64929"},{"taxonomy":"gamme","embeddable":true,"href":"https:\/\/www.linvosges-hotellerie.com\/fr\/wp-json\/wp\/v2\/gamme?post=64929"},{"taxonomy":"matiere","embeddable":true,"href":"https:\/\/www.linvosges-hotellerie.com\/fr\/wp-json\/wp\/v2\/matiere?post=64929"}],"curies":[{"name":"wp","href":"https:\/\/api.w.org\/{rel}","templated":true}]}}