{"id":64992,"date":"2025-11-18T15:24:38","date_gmt":"2025-11-18T14:24:38","guid":{"rendered":"https:\/\/www.linvosges-hotellerie.com\/?post_type=product&#038;p=64992"},"modified":"2025-12-01T09:55:53","modified_gmt":"2025-12-01T08:55:53","slug":"mules-eponge-douceur","status":"publish","type":"product","link":"https:\/\/www.linvosges-hotellerie.com\/fr\/eponges\/spa-piscine\/mules\/mules-eponge-douceur\/","title":{"rendered":"Mules \u00e9ponge Douceur"},"content":{"rendered":"<p>Ces mules \u00e0 la semelle moelleuse sont confectionn\u00e9es dans un \u00e9pais tissu velours doux pour combler vos h\u00f4tes dans leurs instants bien-\u00eatre<\/p>\n<p>Composition :<br \/>\nDoublure ext\u00e9rieure : microfibre lamin\u00e9e avec une mousse de 3mm<br \/>\nDoublure int\u00e9rieure : microfibre lamin\u00e9e avec une mousse 3mm<br \/>\nSemelle : microfibre lamin\u00e9e avec une mousse de 5mm + carton 400grs + mousse talon 5mm + EVA blanc 5mm<br \/>\nTissu de bordure : polyester blanc<\/p>\n","protected":false},"excerpt":{"rendered":"<p>Lavage en machine interdit<br \/>\nChlore et agents de blanchiment interdit<br \/>\nS\u00e8che linge interdit<br \/>\nRepassage interdit<br \/>\nNettoyage \u00e0 sec interdit<\/p>\n<p><span class=\"ginetex\"> z o d m U <\/span><\/p>\n","protected":false},"featured_media":64994,"template":"","meta":{"_acf_changed":false},"label":[],"product_brand":[],"product_cat":[46,855,57],"product_tag":[3286],"gamme":[417],"matiere":[787],"class_list":{"0":"post-64992","1":"product","2":"type-product","3":"status-publish","4":"has-post-thumbnail","6":"product_cat-eponges","7":"product_cat-mules","8":"product_cat-spa-piscine","9":"product_tag-sans-oekotex","10":"pa_couleur-blanc","11":"pa_dimensions-39-cm","12":"pa_dimensions-43-cm","13":"pa_dimensions-46-cm","14":"pa_matiere-100-polyester","15":"gamme-douceur","16":"matiere-polyester","18":"first","19":"instock","20":"taxable","21":"shipping-taxable","22":"purchasable","23":"product-type-variable","24":"has-default-attributes"},"acf":[],"df_price":4.91,"df_sale_price":"","df_regular_price":4.91,"df_image_link":"https:\/\/www.linvosges-hotellerie.com\/wp-content\/uploads\/2025\/11\/mules-eponge-velours-douceur-hotel-spa-professionnel-linvosges-hotellerie-300x300.jpg","_links":{"self":[{"href":"https:\/\/www.linvosges-hotellerie.com\/fr\/wp-json\/wp\/v2\/product\/64992","targetHints":{"allow":["GET"]}}],"collection":[{"href":"https:\/\/www.linvosges-hotellerie.com\/fr\/wp-json\/wp\/v2\/product"}],"about":[{"href":"https:\/\/www.linvosges-hotellerie.com\/fr\/wp-json\/wp\/v2\/types\/product"}],"wp:featuredmedia":[{"embeddable":true,"href":"https:\/\/www.linvosges-hotellerie.com\/fr\/wp-json\/wp\/v2\/media\/64994"}],"wp:attachment":[{"href":"https:\/\/www.linvosges-hotellerie.com\/fr\/wp-json\/wp\/v2\/media?parent=64992"}],"wp:term":[{"taxonomy":"label","embeddable":true,"href":"https:\/\/www.linvosges-hotellerie.com\/fr\/wp-json\/wp\/v2\/label?post=64992"},{"taxonomy":"product_brand","embeddable":true,"href":"https:\/\/www.linvosges-hotellerie.com\/fr\/wp-json\/wp\/v2\/product_brand?post=64992"},{"taxonomy":"product_cat","embeddable":true,"href":"https:\/\/www.linvosges-hotellerie.com\/fr\/wp-json\/wp\/v2\/product_cat?post=64992"},{"taxonomy":"product_tag","embeddable":true,"href":"https:\/\/www.linvosges-hotellerie.com\/fr\/wp-json\/wp\/v2\/product_tag?post=64992"},{"taxonomy":"gamme","embeddable":true,"href":"https:\/\/www.linvosges-hotellerie.com\/fr\/wp-json\/wp\/v2\/gamme?post=64992"},{"taxonomy":"matiere","embeddable":true,"href":"https:\/\/www.linvosges-hotellerie.com\/fr\/wp-json\/wp\/v2\/matiere?post=64992"}],"curies":[{"name":"wp","href":"https:\/\/api.w.org\/{rel}","templated":true}]}}